{"id":400,"date":"2021-06-23T16:35:15","date_gmt":"2021-06-23T14:35:15","guid":{"rendered":"http:\/\/gibaltar.cat\/?page_id=400"},"modified":"2022-08-22T08:12:56","modified_gmt":"2022-08-22T06:12:56","slug":"diari-de-francesc-de-casamitjana","status":"publish","type":"page","link":"https:\/\/gibaltar.cat\/index.php\/documents\/diari-de-francesc-de-casamitjana\/","title":{"rendered":"Diari de Francesc de Casamitjana"},"content":{"rendered":"\n<p><strong>Introducci\u00f3 <a href=\"http:\/\/gibaltar.cat\/index.php\/2021\/06\/02\/diari-francesc-de-casamitjana\/\">al text i a l&#8217;autor<\/a>.<\/strong><\/p>\n\n\n\n<div style=\"height:39px\" aria-hidden=\"true\" class=\"wp-block-spacer\"><\/div>\n\n\n\n<p><strong>Text manuscrit original, digitalitzat per la Biblioteca Nacional d&#8217;\u00c0ustria a Viena:<\/strong><br>&gt; En <a rel=\"noreferrer noopener\" href=\"https:\/\/search.onb.ac.at\/primo-explore\/fulldisplay?docid=ONB_alma21302438490003338&amp;context=L&amp;vid=ONB&amp;lang=de_DE&amp;search_scope=ONB_gesamtbestand&amp;adaptor=Local%20Search%20Engine&amp;tab=default_tab&amp;query=any,contains,5780&amp;mode=basic\" target=\"_blank\">PDF<\/a>.<\/p>\n\n\n\n<div style=\"height:42px\" aria-hidden=\"true\" class=\"wp-block-spacer\"><\/div>\n\n\n\n<p><strong>Text transcrit sencer en un sol document:<\/strong><br>> En <a href=\"http:\/\/gibaltar.cat\/index.php\/documents\/diari-de-francesc-de-casamitjana\/diari-de-francesc-de-casamitjana-1704-1706-sencer\/\" data-type=\"URL\" data-id=\"http:\/\/gibaltar.cat\/index.php\/documents\/diari-de-francesc-de-casamitjana\/diari-de-francesc-de-casamitjana-1704-1706-sencer\/\">HTML<\/a>.<br>> En <a href=\"http:\/\/gibaltar.cat\/wp-content\/uploads\/2022\/08\/Diari-Casamitjana.pdf\" target=\"_blank\" rel=\"noreferrer noopener\">PDF<\/a>.<\/p>\n\n\n\n<div style=\"height:43px\" aria-hidden=\"true\" class=\"wp-block-spacer\"><\/div>\n\n\n\n<p><strong>Text transcrit per cap\u00edtols:<\/strong><\/p>\n\n\n\n<p><a href=\"http:\/\/gibaltar.cat\/index.php\/documents\/diari-de-francesc-de-casamitjana\/introduccio\/\">Introducci\u00f3<\/a><\/p>\n\n\n\n<p><a href=\"http:\/\/gibaltar.cat\/index.php\/documents\/diari-de-francesc-de-casamitjana\/preludi\/\">Preludi<\/a><\/p>\n\n\n\n<p><a href=\"http:\/\/gibaltar.cat\/index.php\/documents\/diari-de-francesc-de-casamitjana\/capitol-1\/\">Cap\u00edtol 1<\/a><\/p>\n\n\n\n<p><a href=\"http:\/\/gibaltar.cat\/index.php\/documents\/diari-de-francesc-de-casamitjana\/capitol-2\">Cap\u00edtol 2<\/a><\/p>\n\n\n\n<p><a href=\"http:\/\/gibaltar.cat\/index.php\/documents\/diari-de-francesc-de-casamitjana\/capitol-3\">Cap\u00edtol 3<\/a><\/p>\n\n\n\n<p><a href=\"http:\/\/gibaltar.cat\/index.php\/documents\/diari-de-francesc-de-casamitjana\/capitol-4\">Cap\u00edtol 4<\/a><\/p>\n\n\n\n<p><a href=\"http:\/\/gibaltar.cat\/index.php\/documents\/diari-de-francesc-de-casamitjana\/capitol-5\">Cap\u00edtol 5<\/a><\/p>\n\n\n\n<p><a href=\"http:\/\/gibaltar.cat\/index.php\/documents\/diari-de-francesc-de-casamitjana\/capitol-6\">Cap\u00edtol 6<\/a><\/p>\n\n\n\n<p><a href=\"http:\/\/gibaltar.cat\/index.php\/documents\/diari-de-francesc-de-casamitjana\/capitol-7\">Cap\u00edtol 7<\/a><\/p>\n\n\n\n<p><a href=\"http:\/\/gibaltar.cat\/index.php\/documents\/diari-de-francesc-de-casamitjana\/capitol-8\">Cap\u00edtol 8<\/a><\/p>\n\n\n\n<p><a href=\"http:\/\/gibaltar.cat\/index.php\/documents\/diari-de-francesc-de-casamitjana\/capitol-9\">Cap\u00edtol 9<\/a><\/p>\n\n\n\n<p><a href=\"http:\/\/gibaltar.cat\/index.php\/documents\/diari-de-francesc-de-casamitjana\/capitol-10\">Cap\u00edtol 10<\/a><\/p>\n\n\n\n<p><a href=\"http:\/\/gibaltar.cat\/index.php\/documents\/diari-de-francesc-de-casamitjana\/capitol-11\">Cap\u00edtol 11<\/a><\/p>\n\n\n\n<p><a href=\"http:\/\/gibaltar.cat\/index.php\/documents\/diari-de-francesc-de-casamitjana\/capitol-12\">Cap\u00edtol 12<\/a><\/p>\n\n\n\n<p><a href=\"http:\/\/gibaltar.cat\/index.php\/documents\/diari-de-francesc-de-casamitjana\/capitol-13\">Cap\u00edtol 13<\/a><\/p>\n\n\n\n<p><a href=\"http:\/\/gibaltar.cat\/index.php\/documents\/diari-de-francesc-de-casamitjana\/capitol-14\">Cap\u00edtol 14<\/a><\/p>\n\n\n\n<p><a href=\"http:\/\/gibaltar.cat\/index.php\/documents\/diari-de-francesc-de-casamitjana\/capitol-15\">Cap\u00edtol 15<\/a><\/p>\n\n\n\n<p><a href=\"http:\/\/gibaltar.cat\/index.php\/documents\/diari-de-francesc-de-casamitjana\/capitol-16\">Cap\u00edtol 16<\/a><\/p>\n\n\n\n<p><a href=\"http:\/\/gibaltar.cat\/index.php\/documents\/diari-de-francesc-de-casamitjana\/capitol-17\">Cap\u00edtol 17<\/a><\/p>\n\n\n\n<p><a href=\"http:\/\/gibaltar.cat\/index.php\/documents\/diari-de-francesc-de-casamitjana\/capitol-18\">Cap\u00edtol 18<\/a><\/p>\n\n\n\n<p><a href=\"http:\/\/gibaltar.cat\/index.php\/documents\/diari-de-francesc-de-casamitjana\/capitol-19\">Cap\u00edtol 19<\/a><\/p>\n\n\n\n<p><a href=\"http:\/\/gibaltar.cat\/index.php\/documents\/diari-de-francesc-de-casamitjana\/capitol-20\">Cap\u00edtol 20<\/a><\/p>\n\n\n\n<p><a href=\"http:\/\/gibaltar.cat\/index.php\/documents\/diari-de-francesc-de-casamitjana\/capitol-21\">Cap\u00edtol 21<\/a><\/p>\n\n\n\n<p><a href=\"https:\/\/gibaltar.cat\/index.php\/documents\/diari-de-francesc-de-casamitjana\/capitol-21-bis\/\">Cap\u00edtol 21 [bis]<\/a><\/p>\n\n\n\n<p><a href=\"http:\/\/gibaltar.cat\/index.php\/documents\/diari-de-francesc-de-casamitjana\/capitol-22\">Cap\u00edtol 22<\/a><\/p>\n\n\n\n<p><a href=\"http:\/\/gibaltar.cat\/index.php\/documents\/diari-de-francesc-de-casamitjana\/capitol-23\">Cap\u00edtol 23<\/a><\/p>\n\n\n\n<p><a href=\"http:\/\/gibaltar.cat\/index.php\/documents\/diari-de-francesc-de-casamitjana\/capitol-24\">Cap\u00edtol 24<\/a><\/p>\n\n\n\n<p><a href=\"http:\/\/gibaltar.cat\/index.php\/documents\/diari-de-francesc-de-casamitjana\/capitol-25\">Cap\u00edtol 25<\/a><\/p>\n\n\n\n<p><a href=\"http:\/\/gibaltar.cat\/index.php\/documents\/diari-de-francesc-de-casamitjana\/capitol-26\">Cap\u00edtol 26<\/a><\/p>\n\n\n\n<p><a href=\"http:\/\/gibaltar.cat\/index.php\/documents\/diari-de-francesc-de-casamitjana\/capitol-27\">Cap\u00edtol 27<\/a><\/p>\n\n\n\n<p><a href=\"http:\/\/gibaltar.cat\/index.php\/documents\/diari-de-francesc-de-casamitjana\/capitol-28\">Cap\u00edtol 28<\/a><\/p>\n\n\n\n<p><a href=\"http:\/\/gibaltar.cat\/index.php\/documents\/diari-de-francesc-de-casamitjana\/capitol-29\">Cap\u00edtol 29<\/a><\/p>\n\n\n\n<p><a href=\"http:\/\/gibaltar.cat\/index.php\/documents\/diari-de-francesc-de-casamitjana\/capitol-30\">Cap\u00edtol 30<\/a><\/p>\n\n\n\n<p><a href=\"http:\/\/gibaltar.cat\/index.php\/documents\/diari-de-francesc-de-casamitjana\/capitol-31\">Cap\u00edtol 31<\/a><\/p>\n\n\n\n<p><a href=\"http:\/\/gibaltar.cat\/index.php\/documents\/diari-de-francesc-de-casamitjana\/capitol-32\">Cap\u00edtol 32<\/a><\/p>\n\n\n\n<p><a href=\"http:\/\/gibaltar.cat\/index.php\/documents\/diari-de-francesc-de-casamitjana\/capitol-33\">Cap\u00edtol 33<\/a><\/p>\n\n\n\n<p><a href=\"http:\/\/gibaltar.cat\/index.php\/documents\/diari-de-francesc-de-casamitjana\/capitol-33-bis\">Cap\u00edtol 33 [bis<\/a>]<\/p>\n\n\n\n<p><a href=\"http:\/\/gibaltar.cat\/index.php\/documents\/diari-de-francesc-de-casamitjana\/capitol-34\">Cap\u00edtol 34<\/a><\/p>\n\n\n\n<p><a href=\"http:\/\/gibaltar.cat\/index.php\/documents\/diari-de-francesc-de-casamitjana\/capitol-35\">Cap\u00edtol 35<\/a><\/p>\n\n\n\n<p><a href=\"http:\/\/gibaltar.cat\/index.php\/documents\/diari-de-francesc-de-casamitjana\/capitol-36\">Cap\u00edtol 36<\/a><\/p>\n\n\n\n<p><a href=\"http:\/\/gibaltar.cat\/index.php\/documents\/diari-de-francesc-de-casamitjana\/capitol-37\">Cap\u00edtol 37<\/a><\/p>\n\n\n\n<p><a href=\"http:\/\/gibaltar.cat\/index.php\/documents\/diari-de-francesc-de-casamitjana\/capitol-38\">Cap\u00edtol 38<\/a><\/p>\n\n\n\n<p><a href=\"http:\/\/gibaltar.cat\/index.php\/documents\/diari-de-francesc-de-casamitjana\/capitol-39\">Cap\u00edtol 39<\/a><\/p>\n\n\n\n<p><a href=\"http:\/\/gibaltar.cat\/index.php\/documents\/diari-de-francesc-de-casamitjana\/capitol-40\">Cap\u00edtol 40<\/a><\/p>\n\n\n\n<p><a href=\"http:\/\/gibaltar.cat\/index.php\/documents\/diari-de-francesc-de-casamitjana\/capitol-41\/\">Cap\u00edtol 41<\/a><\/p>\n\n\n\n<p><a href=\"http:\/\/gibaltar.cat\/index.php\/documents\/diari-de-francesc-de-casamitjana\/capitol-42\">Cap\u00edtol 42<\/a><\/p>\n\n\n\n<p><a href=\"http:\/\/gibaltar.cat\/index.php\/documents\/diari-de-francesc-de-casamitjana\/capitol-43\">Cap\u00edtol 43<\/a><\/p>\n\n\n\n<p><a href=\"http:\/\/gibaltar.cat\/index.php\/documents\/diari-de-francesc-de-casamitjana\/capitol-44\">Cap\u00edtol 44<\/a><\/p>\n\n\n\n<p><a href=\"http:\/\/gibaltar.cat\/index.php\/documents\/diari-de-francesc-de-casamitjana\/capitol-45\">Cap\u00edt<\/a><a href=\"http:\/\/gibaltar.cat\/index.php\/documents\/diari-de-francesc-de-casamitjana\/capitol-44\">o<\/a><a href=\"http:\/\/gibaltar.cat\/index.php\/documents\/diari-de-francesc-de-casamitjana\/capitol-45\">l 45<\/a><\/p>\n\n\n\n<p><a href=\"http:\/\/gibaltar.cat\/index.php\/documents\/diari-de-francesc-de-casamitjana\/capitol-46\">Cap\u00edtol 46<\/a><\/p>\n\n\n\n<p><a href=\"http:\/\/gibaltar.cat\/index.php\/documents\/diari-de-francesc-de-casamitjana\/capitol-47\">Cap\u00edtol 47<\/a><\/p>\n\n\n\n<p><a href=\"http:\/\/gibaltar.cat\/index.php\/documents\/diari-de-francesc-de-casamitjana\/capitol-48\">Cap\u00edtol 48<\/a><\/p>\n\n\n\n<p><a href=\"http:\/\/gibaltar.cat\/index.php\/documents\/diari-de-francesc-de-casamitjana\/capitol-49\">Cap\u00edtol 49<\/a><\/p>\n","protected":false},"excerpt":{"rendered":"<p>Introducci\u00f3 al text i a l&#8217;autor. Text manuscrit original, digitalitzat per la Biblioteca Nacional d&#8217;\u00c0ustria a Viena:&gt; En PDF. Text transcrit sencer en un sol document:> En HTML.> En PDF. Text transcrit per cap\u00edtols: Introducci\u00f3 Preludi Cap\u00edtol 1 Cap\u00edtol 2 Cap\u00edtol 3 Cap\u00edtol 4 Cap\u00edtol 5 Cap\u00edtol 6 Cap\u00edtol 7 Cap\u00edtol 8 Cap\u00edtol 9 Cap\u00edtol [&hellip;]<\/p>\n","protected":false},"author":1,"featured_media":0,"parent":403,"menu_order":0,"comment_status":"closed","ping_status":"closed","template":"","meta":[],"_links":{"self":[{"href":"https:\/\/gibaltar.cat\/index.php\/wp-json\/wp\/v2\/pages\/400"}],"collection":[{"href":"https:\/\/gibaltar.cat\/index.php\/wp-json\/wp\/v2\/pages"}],"about":[{"href":"https:\/\/gibaltar.cat\/index.php\/wp-json\/wp\/v2\/types\/page"}],"author":[{"embeddable":true,"href":"https:\/\/gibaltar.cat\/index.php\/wp-json\/wp\/v2\/users\/1"}],"replies":[{"embeddable":true,"href":"https:\/\/gibaltar.cat\/index.php\/wp-json\/wp\/v2\/comments?post=400"}],"version-history":[{"count":21,"href":"https:\/\/gibaltar.cat\/index.php\/wp-json\/wp\/v2\/pages\/400\/revisions"}],"predecessor-version":[{"id":1081,"href":"https:\/\/gibaltar.cat\/index.php\/wp-json\/wp\/v2\/pages\/400\/revisions\/1081"}],"up":[{"embeddable":true,"href":"https:\/\/gibaltar.cat\/index.php\/wp-json\/wp\/v2\/pages\/403"}],"wp:attachment":[{"href":"https:\/\/gibaltar.cat\/index.php\/wp-json\/wp\/v2\/media?parent=400"}],"curies":[{"name":"wp","href":"https:\/\/api.w.org\/{rel}","templated":true}]}}