{"id":405,"date":"2021-06-23T16:39:54","date_gmt":"2021-06-23T14:39:54","guid":{"rendered":"http:\/\/gibaltar.cat\/?page_id=405"},"modified":"2021-06-28T18:12:38","modified_gmt":"2021-06-28T16:12:38","slug":"preludi","status":"publish","type":"page","link":"https:\/\/gibaltar.cat\/index.php\/documents\/diari-de-francesc-de-casamitjana\/preludi\/","title":{"rendered":"Preludi"},"content":{"rendered":"\n<p>Preludio<\/p>\n\n\n\n<p>Emprendo un argumento en que es preciso que sude mucho m\u00e1s que la pluma la discreci\u00f3n. No sea que tropieze menos cauto el discurso en lo que en otro tiempo pec\u00f3 sin disculpa menos advertida la senzillez. Estratagemas y prevenciones son toda la materia a que se reduze este libro. Francia solizita en darle por rey al de Anjou a Espa\u00f1a, y la Europa armada para privar al de Anjou del reyno, son todo el assumpto de esta narraci\u00f3n. V\u00e1lgome, en sus discursos de varios sucessos, que prezedieron, porque soy de sentir que no puede dar caval noticia de una acci\u00f3n qui\u00e9n igualmente no la diera de los motivos que militaron para executarla: los geogr\u00e1ficos para descrivir alguna provincia dibuxan tambi\u00e9n los pa\u00edses confinantes a ella, hurtando a vezes el pinzel mucha tierra vezina para mayor explicaci\u00f3n y hermosura del sitio que descrive. Y ass\u00ed no ser\u00e1 mucho, que para darla yo con puntualidad de lo suzedido, me valga de lo que antezedi\u00f3, como sirva la exacta noticia de lo uno para la total intelligencia de lo otro. Que ay materias en que no puede hazer pi\u00e9 nuestra cortedad, si es que le falten principios sobre qu\u00e9 afirmar sus discursos.<\/p>\n\n\n\n<hr class=\"wp-block-separator\"\/>\n\n\n\n<p class=\"has-text-align-center\"><a href=\"http:\/\/gibaltar.cat\/index.php\/documents\/diari-de-francesc-de-casamitjana\/introduccio\">&lt; Introducci\u00f3<\/a> \/ <a href=\"http:\/\/gibaltar.cat\/index.php\/documents\/diari-de-francesc-de-casamitjana\/capitol-1\/\">Cap\u00edtol 1 ><\/a><\/p>\n","protected":false},"excerpt":{"rendered":"<p>Preludio Emprendo un argumento en que es preciso que sude mucho m\u00e1s que la pluma la discreci\u00f3n. No sea que tropieze menos cauto el discurso en lo que en otro tiempo pec\u00f3 sin disculpa menos advertida la senzillez. Estratagemas y prevenciones son toda la materia a que se reduze este libro. Francia solizita en darle [&hellip;]<\/p>\n","protected":false},"author":1,"featured_media":0,"parent":400,"menu_order":1,"comment_status":"closed","ping_status":"closed","template":"","meta":[],"_links":{"self":[{"href":"https:\/\/gibaltar.cat\/index.php\/wp-json\/wp\/v2\/pages\/405"}],"collection":[{"href":"https:\/\/gibaltar.cat\/index.php\/wp-json\/wp\/v2\/pages"}],"about":[{"href":"https:\/\/gibaltar.cat\/index.php\/wp-json\/wp\/v2\/types\/page"}],"author":[{"embeddable":true,"href":"https:\/\/gibaltar.cat\/index.php\/wp-json\/wp\/v2\/users\/1"}],"replies":[{"embeddable":true,"href":"https:\/\/gibaltar.cat\/index.php\/wp-json\/wp\/v2\/comments?post=405"}],"version-history":[{"count":3,"href":"https:\/\/gibaltar.cat\/index.php\/wp-json\/wp\/v2\/pages\/405\/revisions"}],"predecessor-version":[{"id":596,"href":"https:\/\/gibaltar.cat\/index.php\/wp-json\/wp\/v2\/pages\/405\/revisions\/596"}],"up":[{"embeddable":true,"href":"https:\/\/gibaltar.cat\/index.php\/wp-json\/wp\/v2\/pages\/400"}],"wp:attachment":[{"href":"https:\/\/gibaltar.cat\/index.php\/wp-json\/wp\/v2\/media?parent=405"}],"curies":[{"name":"wp","href":"https:\/\/api.w.org\/{rel}","templated":true}]}}