{"id":416,"date":"2021-06-23T16:58:12","date_gmt":"2021-06-23T14:58:12","guid":{"rendered":"http:\/\/gibaltar.cat\/?page_id=416"},"modified":"2022-08-20T08:53:31","modified_gmt":"2022-08-20T06:53:31","slug":"capitol-4","status":"publish","type":"page","link":"https:\/\/gibaltar.cat\/index.php\/documents\/diari-de-francesc-de-casamitjana\/capitol-4\/","title":{"rendered":"Cap\u00edtol 4"},"content":{"rendered":"\n<p><strong>Cap\u00edtulo quarto<\/strong><\/p>\n\n\n\n<p>Feliz combate de la flota de los aliados con la francesa.<\/p>\n\n\n\n<p>Emprende Villadarias el sitio de Gibraltar.<\/p>\n\n\n\n<p>Previ\u00e9nese el pr\u00edncipe Jorge Ladgrave de Hassia para la defensa.<\/p>\n\n\n\n<p>Entra el bar\u00f3n de Point\u00ed con su esquadra francesa a nuestra baya.<\/p>\n\n\n\n<div style=\"height:100px\" aria-hidden=\"true\" class=\"wp-block-spacer\"><\/div>\n\n\n\n<p><strong>Primo<\/strong><\/p>\n\n\n\n<p><em>Feliz combate de la flota de los aliados con la francesa<\/em>.<\/p>\n\n\n\n<p>En tanto que se discurr\u00eda ass\u00ed de ambas partes el de Tolosa, que av\u00eda ya salido a mediado julio al mar con una buena armada y con orden positivo de chocar con la del almirante Roock, que a la saz\u00f3n se hallava ancorada en la baya de Gibraltar, se dex\u00f3 ver no lexos de ella a los 27 de agosto. Avis\u00f3 el achero del descubrimiento con la generalidad de que se v[e]\u00edan al levante des de la atalaya hasta unas 66 velas poco m\u00e1s, y algunas galeras. Con esta noticia, que se le particip\u00f3 luego al Roock, y le confirmaron los nav\u00edos guarda costas, que vinieron subsiguientemente, se aprestaron los de nuestra flota, embarc\u00e1ndose unos mil marineros que av\u00eda en la plaza para su mayor resfuerzo. Salieron de nuestra baya con tal impaziencia y furor que calando velas y dexando nuestro puerto con la confianza de que quedava bastantemente resguardado estando la plaza a los \u00f3rdenes del pr\u00edncipe, que la comandava, se fueron a todo trapo para el Tolosa, a quien avistaron poco despu\u00e9s sobre la altura de M\u00e1laga. El franc\u00e9s apenas nos huvo descubierto, trat\u00f3 de retrozeder alg\u00fan tanto, bien que al disparo de un tiro de nuestra almiranta se crey\u00f3 le provoc\u00e1vamos para el choque, que de otra suerte reusava, y ass\u00ed encar\u00e1ndonos sus proas se vino azia nosotros con \u00e1nimo de no huirnos el cuerpo en manera alguna, de forma que estando ya a trecho comenz\u00f3 a dispararnos con el ca\u00f1\u00f3n de calidad, que parez\u00eda que se transtornava la esfera con el estruendo. Respondieron los nuestros con aquella gallard\u00eda y puntualidad que saben executarlo ingleses y olandeses en semexantes funcciones; unos y otros pelearon tan desesperadamente como si de la decisi\u00f3n de aquel echo dependiera la del imperio del mar. Los franceses, que se av\u00edan formado en medio c\u00edrculo luego se vieron puestos en desorden, y a no aver sido las galeras que les sostuvieron no era practicable poder aguantar el grande fuego que se les haz\u00eda.<\/p>\n\n\n\n<p>El choque fu\u00e9 sangriento, dur\u00f3 poco m\u00e1s de seis horas y hubiera durado m\u00e1s a no ser que el viento, que les era contrario a los nuestros, no les di\u00f3 lugar para continuar la vitoria. Sigui\u00e9ronla con todo hasta que la noche les quit\u00f3 de las manos la ocasi\u00f3n.<\/p>\n\n\n\n<p>Durante lo m\u00e1s rezio del combate dispusieron los ingleses algunos nav\u00edos, que arrojaron bombas, como lo hizieron, y fu\u00e9 esta la primera vez que se vi\u00f3 de flota a flota semexante invenci\u00f3n.<\/p>\n\n\n\n<p>Dispuso el franc\u00e9s sus cinquenta y dos nav\u00edos y las veinte y quatro galeras al principio del combate con este reglamento. El lugar teniente general de la esquadra blanca y azul, marqu\u00e9s de Villete, que comandava la vanguardia, ten\u00eda en su segunda l\u00ednea al duque de Turcis con sus siete galeras y cinco de Espa\u00f1a. Comandava el cuerpo de batalla el conde de Tolosa con su esquadra blanca, existiendo en su segunda l\u00ednea el marqu\u00e9s de Roy\u00e9 con quatro galeras, comandando el marqu\u00e9s de Langeron la retaguardia con su esquadra azul, y ocupando su segunda l\u00ednea el marqu\u00e9s de Turvill\u00e9 con sus ocho galeras, teniendo despu\u00e9s cada almirante su vice y contraalmirante.<\/p>\n\n\n\n<p>Aunque la flota de los aliados se compon\u00eda de cinquenta y tres vaxeles cont\u00e1ndose los brulotes, no se hallaron en la funcci\u00f3n m\u00e1s que unos quareinta y seis, porque como las maduras reflexiones y largas experiencias del almirante Roock previniesen los accidentes que pod\u00edan acontezer en empe\u00f1o tan cr\u00edtico y consequente, mand\u00f3 a los nav\u00edos <em>Sivalou<\/em>, <em>Pant\u00e9 Lolarch<\/em>, <em>Neueport<\/em> y brulotes se mantuviesen sobre el viento de nuestra armada, como lo executaron, para que si suzediese que la vanguardia de los enemigos se pusiese al trav\u00e9s de nuestra l\u00ednea con sus galeras pudiesen aquellos hazer alguna diversi\u00f3n.<\/p>\n\n\n\n<p>Avanz\u00f3 nuestra flota sobre la enemiga llevando esta ordenanza. El almirante Roock y los contraalmirantes Bings y Dilkes ocupavan el cuerpo de batalla. Los cavalleros Cloudesl\u00ed, Schovel y Leack dirig\u00edan la vanguardia y el almirante Callemberg con sus nav\u00edos olandeses.<\/p>\n\n\n\n<p>Esta batalla fue tanto m\u00e1s gloriosa por los aliados quanto m\u00e1s excedi\u00f3 el n\u00famero de ca\u00f1ones de su contraria. Eran seis cientos los que contavan m\u00e1s los nav\u00edos del enemigo en sus buques a\u00f1adi\u00e9ndose a favor del de Tolosa la ventaja de faltarnos en medio del combate un destacamento, que hav\u00eda echo nuestro almirante de seys vaxeles ingleses y quatro olandeses, comandados por el almirante Vanderdusen, lograr assimismo al fuerte de la pelea la gente de refresco, que subministravan las galeras, hallarse igualmente bien limpios y expeditos sus buques lo que faltava a nuestros nav\u00edos por no aver tenido la ocasi\u00f3n despu\u00e9s, que salieron de sus puertos, y \u00faltimamente no le fueron poco alivio al franc\u00e9s las galeras, pues logr\u00f3 el beneficio de que le remolcavan los vaxeles maltratados del combate.<\/p>\n\n\n\n<p>Discurran ahora los que an querido decir que qued\u00f3 indeciso el campo por quien estuvo la vitoria. Lo cierto es que los enemigos sobre haver perdido algunos nav\u00edos y dos galeras que echaron a fondo nuestras bater\u00edas, se retiraron a lo mexor del choque, teniendo favorable el viento. Que avi\u00e9ndoles provocado por segunda y tercera vez para la batalla nuestro almirante, retrozediendo en toda forma la reusaron escarmentados sin querer nuevamente entrar en funcci\u00f3n, quiz\u00e1s por no verse con la ignominia de notoriamente venzidos. Que nuestra armada estuvo por mucho tiempo a la capa esperando a la enemiga para reiterar el combate y concluirle con la entera y total p\u00e9rdida de su contrario. Que el Roock sobre tener conntrario el viento hizo vivas diligencias para encararse con el de Tolosa, que bolviendo este sus popas para apartarse de la vista de los nuestros se refugi\u00f3 con la mayor parte de su flota al puerto de M\u00e1laga. Que en Alicante quedaron tres nav\u00edos del franc\u00e9s totalmente in\u00fatiles por lo maltratados que estavan, y otros, que no experimentaron tan agravante el da\u00f1o, muchos sin \u00e1rboles y remendados como pudieron les passaron altamar tomando la derrota para sus puertos sin tocar a ninguno de la Espa\u00f1a por no hazer patente su ruina. Y en fin que no perdon\u00f3 nuestra flota diligencia alguna para assegurar por suyo totalmente el campo de batalla, dando a entender que le av\u00eda merezido con el valor de su milicia, con la experiencia de sus gefes y con la actividad de sus generales. Y dado que nada desto fuera cierto no se puede negar, que el de Tolosa retir\u00f3 a su primera estaci\u00f3n sin que haya tenido \u00e1nimo otra vez para salir de sus puertos a provar la mano con nuestras esquadras, sobre hav\u00e9rsele ofrezido bastantes ocasiones para ello.<\/p>\n\n\n\n<p>En fin canzada nuestra flota de agenciar el combate sin fruto alguno, se vino para el estrecho, y reforz\u00e1ndonos de passo el presidio de Gibraltar, tom\u00f3 la derrota azia Lisboa, en donde hizo alto en tanto que mexorava el tiempo para restituirse a Inglaterra.<\/p>\n\n\n\n<div style=\"height:100px\" aria-hidden=\"true\" class=\"wp-block-spacer\"><\/div>\n\n\n\n<p><strong>Relaci\u00f3n de los muertos y heridos que huvo por parte de los franceses<\/strong><\/p>\n\n\n\n<p>Muertos:<\/p>\n\n\n\n<p>El bayl\u00edo de Lorena, gefe de la esquadra, muri\u00f3 de edad de 29 a\u00f1os, y el d\u00eda que los cumpli\u00f3, a quien un balazo quit\u00f3 la vida al mismo tiempo que este cavallero dava muestras de su valor, era hijo quarto del grande escudero de Francia.<\/p>\n\n\n\n<p>Capitanes de nav\u00edos muertos:<\/p>\n\n\n\n<p>Mr. de Belle Isle<\/p>\n\n\n\n<p>Mr. de Tur\u00f3<\/p>\n\n\n\n<p>El cavallero de Lagnion<\/p>\n\n\n\n<p>El cavallero de Pencau<\/p>\n\n\n\n<p>El cavallero de Gionciron<\/p>\n\n\n\n<p>El cavallero de la Roche Allart<\/p>\n\n\n\n<p>Y el cavallero de Vencaneay<\/p>\n\n\n\n<p>Lugares tenientes de nav\u00edos muertos:<\/p>\n\n\n\n<p>Mr. Talon, comisario de Marina<\/p>\n\n\n\n<p>Mr. Brodean, capit\u00e1n de fragata<\/p>\n\n\n\n<p>Mr. de Raoulet<\/p>\n\n\n\n<p>Mr. de Saintaber<\/p>\n\n\n\n<p>Mr. de Luch<\/p>\n\n\n\n<p>Mr. de Tricambault<\/p>\n\n\n\n<p>Mr. de Benaufors<\/p>\n\n\n\n<p>Y Mr. de Tel\u00fa<\/p>\n\n\n\n<p>Alferezes de nav\u00edos muertos:<\/p>\n\n\n\n<p>Mr. de Imbreval Martel<\/p>\n\n\n\n<p>El cavallero de Lateau Renart<\/p>\n\n\n\n<p>Mr. de Gassion<\/p>\n\n\n\n<p>Mr. de Baulein, Villiers gentil hombre del grande almirante<\/p>\n\n\n\n<p>El conde de Rolingues, lugar teniente general<\/p>\n\n\n\n<p>El marqu\u00e9s de Herbault, intendante general de la flota<\/p>\n\n\n\n<p>Heridos:<\/p>\n\n\n\n<p>El conde de Tolosa en la frente, espalda y pierna a tiempo que murieron dos pages suyos junto a \u00e9l.<\/p>\n\n\n\n<p>Capitanes de nav\u00edos de l\u00ednea heridos:<\/p>\n\n\n\n<p>Mr. de Cass\u00e9<\/p>\n\n\n\n<p>El conde de Phelipeaus<\/p>\n\n\n\n<p>Mr. de Court de Haut<\/p>\n\n\n\n<p>Mr. de Blotieres<\/p>\n\n\n\n<p>Mr. de Somonersey<\/p>\n\n\n\n<p>Mr. de Terreville<\/p>\n\n\n\n<p>Mr. Benet<\/p>\n\n\n\n<p>Mr. Savaret de Angoulin<\/p>\n\n\n\n<p>El conde de Cominges<\/p>\n\n\n\n<p>Mr. de Vienne, capit\u00e1n de fragata<\/p>\n\n\n\n<p>Mr. de Valincourt, secretario del almirante<\/p>\n\n\n\n<p>Lugares tenientes heridos:<\/p>\n\n\n\n<p>Mr. Dravil<\/p>\n\n\n\n<p>Mr. de Belleville<\/p>\n\n\n\n<p>Mr. de Cateville<\/p>\n\n\n\n<p>Mr. de Arendr\u00e1s<\/p>\n\n\n\n<p>Mr. de Esparzon<\/p>\n\n\n\n<p>Mr. de Ferville<\/p>\n\n\n\n<p>Mr. de Braat<\/p>\n\n\n\n<p>Mr. de San Lazaro<\/p>\n\n\n\n<p>Alferezes heridos:<\/p>\n\n\n\n<p>Mr. Baugneux<\/p>\n\n\n\n<p>Mr. Bremont<\/p>\n\n\n\n<p>Mr. Nobill\u00e9<\/p>\n\n\n\n<p>Mr. Millet<\/p>\n\n\n\n<p>Mr. de Cava<\/p>\n\n\n\n<p>Mr. de Albortas<\/p>\n\n\n\n<p>Mr. Bodiniere<\/p>\n\n\n\n<p>Haviendo sido a proporci\u00f3n los oficiales menores que quedaron muertos y heridos en la funcci\u00f3n, y especialmente de las guardias de la marina.<\/p>\n\n\n\n<p>Los soldados que le faltaron al de Tolosa fueron unos 6.000 poco mas, y los heridos otros tantos si m\u00e1s no.<\/p>\n\n\n\n<p>Murieron de ingleses 695, y quedaron heridos cosa de unos 1.663.<\/p>\n\n\n\n<p>En solo la <em>Real Cathalina<\/em> almiranta de aquella nacion, que sufri\u00f3 el fuego de la francesa, que con 110 ca\u00f1ones disparava y de dos navios m\u00e1s de 100 piezas cada uno, se hallaron 150 heridos.<\/p>\n\n\n\n<p>Perdieron los olandeses unos 400 hombres entre muertos y heridos, y entre ellos el capit\u00e1n Linstager y un nav\u00edo de guerra despu\u00e9s del choque, que se bol\u00f3 a tiempo que su primer gefe av\u00eda passado a recreaci\u00f3n a otro de la flota.<\/p>\n\n\n\n<p>Haziendo sana y justa reflexi\u00f3n de los que se se\u00f1alaron en la sorpresa que intent\u00f3 el enemigo el d\u00eda de San Mart\u00edn por parte de espa\u00f1oles de la plaza, fueron los primeros una porci\u00f3n de fusileros que tomando o se\u00f1ore\u00e1ndose de la sima de la monta\u00f1a por la parte del Salto del Lobo, empezaron a desalojar al enemigo de la otra parte de la silleta, y algunos particulares voluntarios, y con singularidad don Francisco [Despuig: barrat] Armenter y Pujol, que haviendo venido a principios del sitio del Reyno de Portugal a fin de passar a Catalu\u00f1a enviado por orden de su magestad a alentar aquel pa\u00eds se esmer\u00f3 en aquella ocasi\u00f3n y manifest\u00f3 su ardiente esp\u00edritu en ella y en las dem\u00e1s que se ofrezieron durante la defensa de la plaza, y con igual valor don Sebasti\u00e1n Riba de Neyra, cadete de la compa\u00f1\u00eda de Sandobal, que sin accepci\u00f3n pele\u00f3 gobernada por tan experimentado capit\u00e1n con summo valor e intrepidez, y assimismo logr\u00f3 esta la total confianza del pr\u00edncipe governador.<\/p>\n\n\n\n<p><strong>Descripci\u00f3 dels vaixells francesos, anglesos i holandesos i llur tripulaci\u00f3<\/strong><\/p>\n\n\n\n<p><strong>Vegeu els folis <a rel=\"noreferrer noopener\" href=\"http:\/\/gibaltar.cat\/wp-content\/uploads\/2021\/06\/31.png\" target=\"_blank\">31<\/a>, <a href=\"http:\/\/gibaltar.cat\/wp-content\/uploads\/2021\/07\/31v.jpg\" data-type=\"URL\" data-id=\"http:\/\/gibaltar.cat\/wp-content\/uploads\/2021\/07\/31v.jpg\">31v<\/a>, <a rel=\"noreferrer noopener\" href=\"http:\/\/gibaltar.cat\/wp-content\/uploads\/2021\/06\/32.png\" target=\"_blank\">32<\/a>, <a rel=\"noreferrer noopener\" href=\"http:\/\/gibaltar.cat\/wp-content\/uploads\/2021\/06\/32v.png\" target=\"_blank\">32v<\/a>, <a rel=\"noreferrer noopener\" href=\"http:\/\/gibaltar.cat\/wp-content\/uploads\/2021\/06\/33.png\" target=\"_blank\">33<\/a>, <a rel=\"noreferrer noopener\" href=\"http:\/\/gibaltar.cat\/wp-content\/uploads\/2021\/06\/33v.png\" target=\"_blank\">33v<\/a> i <a rel=\"noreferrer noopener\" href=\"http:\/\/gibaltar.cat\/wp-content\/uploads\/2021\/06\/34.png\" target=\"_blank\">34<\/a><\/strong>.<\/p>\n\n\n\n<div style=\"height:100px\" aria-hidden=\"true\" class=\"wp-block-spacer\"><\/div>\n\n\n\n<p><strong>Segundo<\/strong><\/p>\n\n\n\n<p><em>Emprende el marqu\u00e9s de Villadaries el sitio de la plaza de Gibraltar<\/em>.<\/p>\n\n\n\n<p>E aqu\u00ed el m\u00e1s porfiado y prolixo assedio que admir\u00f3 Europa de nuestros d\u00edas, no lo estra\u00f1\u00e9is, que pues fu\u00e9 sin exemplar su defensa, bien es que la reconoscais sin igual. Gibraltar defendido es el obgeto que os propongo aqu\u00ed, porque deseo que ni se olvide su expugnaci\u00f3n ni se disminuya con el tiempo la gloria de su venzimiento. Acu\u00e9rdale a las naciones mi cortedad, y pues esta se alienta a igual destino, no ay para que defraude a la historia de tama\u00f1o informe. En su discurzo expressar\u00e9 la verdad en quanto me lo permitiere el decoro. Digo esto porque solo escrivo aqu\u00ed lo que realmente pass\u00f3, no lo que en diferentes mercurios public\u00f3 sin motivo la novedad, y ass\u00ed no ay para que admirar si me disconformo con ellos alguna vez. Para cumplirlo como deseo no me valgo de m\u00e1s noticias que de las que como testigo de vista me subministr\u00f3 la ocasi\u00f3n durante el sitio, y ass\u00ed tengo bien poco que temer fiscalisen los cr\u00edticos este mi modo de comensar, sinzerados una vez de la raz\u00f3n, que me assiste para emprender este argumento.<\/p>\n\n\n\n<p>Con ocasi\u00f3n de haverle llegado nuevamente al marqu\u00e9s de Villadaries, que a la saz\u00f3n exerzitava el puesto de capit\u00e1n general de aquella costa, un destacamento harto considerable de gente, que av\u00eda echo el mariscal de Tess\u00e9, le parezi\u00f3 a aquel general que ser\u00eda muy acertado emprender el sitio de la plaza de Gibraltar, antes que se les diera tiempo a los que las guarnez\u00edan para remplazar las fortificaciones que la resguardavan, y ass\u00ed disponi\u00e9ndose para efectuarlo, como ten\u00eda ideado, di\u00f3 los \u00f3rdenes que reconozi\u00f3 m\u00e1s del caso para la execuci\u00f3n. En esta conformidad al amanezer del d\u00eda 2 de octubre decamp\u00f3, y dexando el cord\u00f3n o l\u00ednea con que de muchos d\u00edas atr\u00e1s nos ten\u00eda bloqueados a distancia lo m\u00e1s de hora y media de la ciudad, sali\u00f3 con \u00e1nimo de atacarnos quanto antes en toda forma (como lo hizo aquel mismo d\u00eda), acerc\u00e1ndose azia nosotros quanto le permiti\u00f3 el ca\u00f1\u00f3n. Luego mand\u00f3 a los batidores de estrada que avanzaran, para reconozer el terreno, y assegurarle de las salidas que en semexantes lanzes se acostumbran, y haviendo sabido con su retorno, quedava totalmente despejado el campo, pass\u00f3 el gruesso de su gente a hazer alto m\u00e1s all\u00e1 de las huertas de la ciudad, que qued\u00f3 sin m\u00e1s prevenci\u00f3n sitiada por todos lados. Estend\u00edase su ala derecha por la parte de las Algeziras hasta la misma baya, y la izquierda hasta el mar por la otra parte, ocupando la cavaller\u00eda las extremidades de su campo.<\/p>\n\n\n\n<p>En todo este d\u00eda no hizo el enemigo m\u00e1s operaci\u00f3n que la de acamparse, para cuya seguridad ide\u00f3 las l\u00edneas de circumvalaci\u00f3n y contravalaci\u00f3n con que hizo impenetrables sus reales.<\/p>\n\n\n\n<div style=\"height:100px\" aria-hidden=\"true\" class=\"wp-block-spacer\"><\/div>\n\n\n\n<p><strong>Tercio<\/strong><\/p>\n\n\n\n<p><em>Previ\u00e9nese el pr\u00edncipe Jorge Darmstad para la defensa de la plaza<\/em>.<\/p>\n\n\n\n<p>No sobresalt\u00f3 este impenzado movimiento a los de la plaza, porque como av\u00edan ya sabido de antemano los designios del de Villadaries, no estra\u00f1aron que este general en tiempo tan intempestivo y irregular entrase en una demanda de que si no era a mucha costa no le era f\u00e1zil el salir bien, ni el aviso de aver descubierto nuestro achero el d\u00eda 3 por la tarde en el poniente una esquadra enemiga con que av\u00eda salido de C\u00e1diz poco antes Mr. de Point\u00ed para impedirnos la comunicaci\u00f3n por mar, que todav\u00eda nos quedava franca, pudo disminuir su ardimiento, porque como viv\u00edan los sitiados en la persuasi\u00f3n de que se tomar\u00edan por parte del de Villadaries quantas precauciones se juzgaran oportunas para precisarles al \u00faltimo extremo de la rendici\u00f3n, no hizieron caudal de todo aquel aparato con la esperanza de que su valor podr\u00eda superar tanta oposici\u00f3n como no les faltaran los socorros que de Inglaterra se les av\u00edan prometido, y ass\u00ed hablando con toda la sinzeridad que me prescrive la obligaci\u00f3n, dir\u00e9 que solo les sirvi\u00f3 a los de la plaza aquel movimiento de incentivo para arrestarse de todo punto a su defensa.<\/p>\n\n\n\n<p>A este prop\u00f3sito mand\u00f3 el pr\u00edncipe comandante reforzar sin m\u00e1s tardanza la guarnizi\u00f3n de la cortina y baluartes, que por la parte de tierra la flanquean, y artill\u00e1ndole con cinquenta ca\u00f1ones que se repatieron a medida proporci\u00f3n de entrambos puestos, dispuso que en la Redondela y l\u00ednea de comunicaci\u00f3n que de ella se discurre a los baluartes de la muralla, como m\u00e1s expuesto al fuego del enemigo, se armara una bater\u00eda para ofenderle en tanto que iva acerc\u00e1ndose al cuerpo principal de la fortificacion.<\/p>\n\n\n\n<p>El Salto del Lobo, que es un puesto harto ventajoso sobre la grande eminencia de la monta\u00f1a por aquella parte dexava lugar para la construcci\u00f3n de una bater\u00eda, y ass\u00ed se pertrech\u00f3 con la artiller\u00eda competente, y aunque cost\u00f3 no poco de subirla por lo \u00e1spero del terreno superando la dificultad, que se reconoz\u00eda la industria de los de la guarnizi\u00f3n mediante el sudor y fuerza de los hombres, nos fu\u00e9 de tanta utilidad que como confiessan los mismos enemigos se devi\u00f3 a ella gran parte del buen \u00e9xito que lograron los del presidio durante el sitio, no havi\u00e9ndole sido possible al contrario cubrirse jam\u00e1s enteramente del fuego que den de aquel puesto se le haz\u00eda a que cooper\u00f3 no poco la compa\u00f1\u00eda de Sandoval, que le ten\u00eda presidiado.<\/p>\n\n\n\n<p>\u00daltimamente los dos muelles, que por la parte del mar eran el todo de la defensa, se municiaron de calidad, que jam\u00e1s el enemigo oz\u00f3 envestirles noticioso de las disposiciones que para su seguridad se av\u00edan tomado.<\/p>\n\n\n\n<div style=\"height:100px\" aria-hidden=\"true\" class=\"wp-block-spacer\"><\/div>\n\n\n\n<p><strong>Quarto<\/strong><\/p>\n\n\n\n<p><em>Entra a nuestra baya el bar\u00f3n de Point\u00ed con su esquadra francesa<\/em>.<\/p>\n\n\n\n<p>Todav\u00eda el pr\u00edncipe quedava ocupado en el arreglamento de lo que se dev\u00eda obrar durante el sitio, quando al despuntar del d\u00eda quatro, que lo era de San Francisco de Ass\u00eds, reparamos que se nos iva entrando en la baya el de Point\u00ed con la esquadra que se dixo arriba ayudado del viento, que a la saz\u00f3n le favorez\u00eda para ocuparla, como lo hizo a poco rato con los 17 nav\u00edos de guerra, y 7 de transporte, que av\u00eda fiado a su experiencia el de Anjou para fazilitar por este camino el logro total y buen \u00e9xito de tama\u00f1a empresa como la que se av\u00edan propuesto de plaza tan importante.<\/p>\n\n\n\n<p>A este fin apenas huvo dado fondo, comenz\u00f3 a desembarcar cantidad de pertrechos, artiller\u00eda y municiones de todo g\u00e9nero, como tambi\u00e9n un refuerzo de tropas francesas de harta consideraci\u00f3n, y arregl\u00e1ndolas aquel mismo d\u00eda con el restante de las del campo, la actividad del de Villadaries su general junt\u00f3 al siguiente un gran consexo para prefixar de una vez el modo, forma y orden que se av\u00eda de tener en la abertura de los ataques, en que huvo no poco que venzer, por quanto muchos de los que intervinieron en aquella junta no conven\u00edan en los dict\u00e1menes de los dem\u00e1s, y como en las m\u00e1s de las asambleas la pluralidad de votos es la que se sigue, siguiose la de los que dixeron que se nos atacara avanzando la plaza por la parte de la Redondela, que era la que parez\u00eda a primera faz menos arriesgada.<\/p>\n\n\n\n<hr class=\"wp-block-separator\"\/>\n\n\n\n<p class=\"has-text-align-center\"><a href=\"http:\/\/gibaltar.cat\/index.php\/documents\/diari-de-francesc-de-casamitjana\/capitol-3\/\">&lt; Cap\u00edtol 3<\/a> \/ <a href=\"http:\/\/gibaltar.cat\/index.php\/documents\/diari-de-francesc-de-casamitjana\/capitol-5\/\">Cap\u00edtol 5 &gt;<\/a><\/p>\n","protected":false},"excerpt":{"rendered":"<p>Cap\u00edtulo quarto Feliz combate de la flota de los aliados con la francesa. Emprende Villadarias el sitio de Gibraltar. Previ\u00e9nese el pr\u00edncipe Jorge Ladgrave de Hassia para la defensa. Entra el bar\u00f3n de Point\u00ed con su esquadra francesa a nuestra baya. Primo Feliz combate de la flota de los aliados con la francesa. En tanto [&hellip;]<\/p>\n","protected":false},"author":1,"featured_media":0,"parent":400,"menu_order":5,"comment_status":"closed","ping_status":"closed","template":"","meta":[],"_links":{"self":[{"href":"https:\/\/gibaltar.cat\/index.php\/wp-json\/wp\/v2\/pages\/416"}],"collection":[{"href":"https:\/\/gibaltar.cat\/index.php\/wp-json\/wp\/v2\/pages"}],"about":[{"href":"https:\/\/gibaltar.cat\/index.php\/wp-json\/wp\/v2\/types\/page"}],"author":[{"embeddable":true,"href":"https:\/\/gibaltar.cat\/index.php\/wp-json\/wp\/v2\/users\/1"}],"replies":[{"embeddable":true,"href":"https:\/\/gibaltar.cat\/index.php\/wp-json\/wp\/v2\/comments?post=416"}],"version-history":[{"count":6,"href":"https:\/\/gibaltar.cat\/index.php\/wp-json\/wp\/v2\/pages\/416\/revisions"}],"predecessor-version":[{"id":1056,"href":"https:\/\/gibaltar.cat\/index.php\/wp-json\/wp\/v2\/pages\/416\/revisions\/1056"}],"up":[{"embeddable":true,"href":"https:\/\/gibaltar.cat\/index.php\/wp-json\/wp\/v2\/pages\/400"}],"wp:attachment":[{"href":"https:\/\/gibaltar.cat\/index.php\/wp-json\/wp\/v2\/media?parent=416"}],"curies":[{"name":"wp","href":"https:\/\/api.w.org\/{rel}","templated":true}]}}