{"id":424,"date":"2021-06-23T17:04:36","date_gmt":"2021-06-23T15:04:36","guid":{"rendered":"http:\/\/gibaltar.cat\/?page_id=424"},"modified":"2021-06-23T18:39:26","modified_gmt":"2021-06-23T16:39:26","slug":"capitol-8","status":"publish","type":"page","link":"https:\/\/gibaltar.cat\/index.php\/documents\/diari-de-francesc-de-casamitjana\/capitol-8\/","title":{"rendered":"Cap\u00edtol 8"},"content":{"rendered":"\n<p><strong>Cap\u00edtulo octavo<\/strong><\/p>\n\n\n\n<p>La continua lluvia llena de agua los ataques. Aplicaci\u00f3n del enemigo para hecharla, motivando su movimiento a presidiar los puestos por donde el contrario pod\u00eda executar assaltos.<\/p>\n\n\n\n<p>Desvan\u00e9sense los rezelos de atacarnos. Ret\u00edrase la guarnizi\u00f3n. Continua el fuego de los sitiados.<\/p>\n\n\n\n<p>Dirigen los de afuera su disparo para ensanchar las brechas, perfizionando la nueva paralella y trincheras.<\/p>\n\n\n\n<p>Previene el pr\u00edncipe la guarnizi\u00f3n para recivir a su contrario, trabax\u00e1ndose en dilatar m\u00e1s la mina. Contin\u00faan los enemigos su fuego contra la cortina de San Bernardo y camino cubierto. Disp\u00f3nese el ingl\u00e9s para hazer frente al de Point\u00ed. Trabaxan 300 hombres al reparo del camino cubierto con otros susessos.<\/p>\n\n\n\n<div style=\"height:100px\" aria-hidden=\"true\" class=\"wp-block-spacer\"><\/div>\n\n\n\n<p><strong>Primo<\/strong><\/p>\n\n\n\n<p><em>La continua lluvia llena de agua los ataques<\/em>.<\/p>\n\n\n\n<p>Ya era tiempo que diera muestras de que nos era totalmente parcial el cielo, quando pre\u00f1adas las nuves comenzaron a romperse sus cataratas, deszi\u00e9ndose en un continuado diluvio, lo enturpezido de sus vapores. En manera que llenando de agua las trincheras del enemigo, le retardaron a este notablemente sus ideas. Con todo nada desalentado su br\u00edo, con este impenzado accidente trabax\u00f3 en formar algunos cauces por donde desaguar sus aproches habriendo senda por la parte del mar a fin de que por aquel lado quedasen tratables sus trabaxos.<\/p>\n\n\n\n<p>Todo este d\u00eda lo passamos los de la plaza con no peque\u00f1a quietud por raz\u00f3n de hallarse el enemigo empleado en acomodar lo que la lluvia, el tiempo y la estaci\u00f3n av\u00edan maltratado. No obstante a las ocho de la noche descubrieron nuestras sentinelas un gran trozo de gente enemiga que iva entrando y ocupando sus l\u00edneas por la parte del puente de piedra, que se dixo arriba; avisaron luego los espa\u00f1oles del Salto del Lobo de la novedad y crey\u00e9ndose nuestro gefe que aquel movimiento se enderezava a prevenirse el contrario para dar un assalto en la Redondela al abrigo de la obscuridad de la noche, mand\u00f3 luego tocar a rebato por toda la ciudad, con que se puso la guarnizi\u00f3n en armas y los marineros que nos serv\u00edan de gastadores se aprestaron igualmente para la ocurrencia.<\/p>\n\n\n\n<p>Presidi\u00e1ronse al mismo tiempo los passos mas peligrosos, dobl\u00e1ndose en ellos la gente para su defensa. Dispar\u00e1ronse con mayor continuidad y frequencia las piezas y morteros a aquella parte en donde se o\u00eda traullar al enemigo. Era incessante el fuego de nuestra mamposter\u00eda y igualmente hizieron su obligaci\u00f3n los mosquetes, que desempe\u00f1aron muy bien por entonces su utilidad.<\/p>\n\n\n\n<p>La claridad que nos subministrava nuestro disparo nos hizo conozer a breve rato que no era la idea del enemigo la de avanzar s\u00ed solo la de prolongar una nueva paralela frente al amenazado cubo o Redondela, \u00e0 que hasta entonces se av\u00edan enderezado todas las operaciones, con que se av\u00eda dispuesto durante el ataque. Form\u00f3 en ella una bater\u00eda no sin grande oposici\u00f3n, que para ello se le hizo. Dispar\u00f3 a cartucho con ella a poco rato para desalojarnos de los puestos de que le ofend\u00edamos, pero no recab\u00f3 por esso el intento, que se av\u00eda propuesto; antes bien vali\u00e9ndose nuestros artilleros para acestar los ca\u00f1ones de la misma claridad, que causavan sus botafuegos, lograron sobre ser ya de noche el descomponer enteramente los reparos que en la formaci\u00f3n de aquella nueva bater\u00eda av\u00edan levantado con tanto trabaxo y tan a costa suya.<\/p>\n\n\n\n<div style=\"height:100px\" aria-hidden=\"true\" class=\"wp-block-spacer\"><\/div>\n\n\n\n<p><strong>Secundo<\/strong><\/p>\n\n\n\n<p><em>Desvan\u00e9sense los rezelos de atacarnos. Ret\u00edrase la guarnizi\u00f3n. Contin\u00faa el fuego de los sitiados.<\/em><\/p>\n\n\n\n<p>Estando en esto vimos algunos enemigos no lexos de la contrascarpa y a la orilla del mar en aquel puesto, en que se termina el fosso, que el pr\u00edncipe de antemano av\u00eda echo fabricar.<\/p>\n\n\n\n<p>A media noche cess\u00f3 enteramente el rezelo, con que viv\u00edamos a vista del sossiego, que se av\u00eda observado en el enemigo hasta all\u00ed, con que pudo el pr\u00edncipe dar orden a la gente para que se restituiera a sus quarteles. En esta ocasi\u00f3n aunque no fu\u00e9 poco el fuego del adversario, tuvioms a grande dicha que no hiziera da\u00f1o alguno en los de la plaza, si bien que a la ma\u00f1ana de un balazo murieron quatro, y doze quedaron heridos en diferentes puestos.<\/p>\n\n\n\n<p>Al despuntar del 28 fu\u00e9 cogido y llevado a la plaza un soldado del enemigo mal herido, y se not\u00f3 des de la Redondela que ivan los contrarios en busca de un cuerpo muerto, cuyo rico vestido nos hizo creer que era de alg\u00fan sugeto de cuenta.<\/p>\n\n\n\n<div style=\"height:100px\" aria-hidden=\"true\" class=\"wp-block-spacer\"><\/div>\n\n\n\n<p><strong>Tercio<\/strong><\/p>\n\n\n\n<p><em>Dirigen los de afuera su disparo para ensanchar sus brechas. Contin\u00faa el fuego de los sitiados.<\/em><\/p>\n\n\n\n<p>Como el d\u00eda antedendente no av\u00eda podido perfizionar enteramente nuestro adversario la l\u00ednea, a que av\u00eda puesto mano aquella noche, reconozieron los de la plaza que quedavan en ella todav\u00eda los picos, zapas y palas con que hav\u00eda trabaxado, y no ay duda que huvi\u00e9ramos intentado el allanarla otra vez, a no ser que quedava por la frente su terreno alg\u00fan tanto descompuesto de la lluvia.<\/p>\n\n\n\n<p>Un nav\u00edo ingl\u00e9s, que poco antes av\u00eda salido a corso, truxo este d\u00eda una presa de harta consideraci\u00f3n. Las bombas que nos arroj\u00f3 el enemigo llegaron al n\u00famero de 64.<\/p>\n\n\n\n<p>Entre las 12 y una de la noche se reconozieron algunos enemigos que todav\u00eda ven\u00edan a observar el terreno y las obras de defensa que les quedavan que venzer, y en seguida se repar\u00f3 que se trabajava en las trincheras con toda diligencia, o bien para estenderlas o bien para resguardarlas y prevenirlas de las lluvias que en adelante pod\u00edan suzeder.<\/p>\n\n\n\n<div style=\"height:100px\" aria-hidden=\"true\" class=\"wp-block-spacer\"><\/div>\n\n\n\n<p><strong>Quarto<\/strong><\/p>\n\n\n\n<p><em>Previene el pr\u00edncipe la guarnizi\u00f3n para recivir a su contrario trabax\u00e1ndose en dilatar m\u00e1s la mina.<\/em><\/p>\n\n\n\n<p>Si hallara t\u00e9rminos con que expressar el desvelo con que nuestro primer gefe atend\u00eda a quantas operaciones pod\u00edan utilisar en defensa de la plaza, no ay duda que pudiera yo con justa raz\u00f3n hazerle ver a la Europa en lo ze\u00f1ido deste discurso lo vivo de su incansable marcial aliento. Basta decir ya que no me lo permite o mi cortedad o mi poca fortuna, que a todas horas, en todos puestos y en todas ocurrencias se hallava presente aquel h\u00e9roe, sin que ni los peligros ni los estorvos pudieran retardar en manera alguna lo intr\u00e9pido de su coraz\u00f3n para entrar en la demanda que ped\u00eda la seguridad de aquella plaza. En consequencia de esto, mand\u00f3 el d\u00eda 29 que se apercibiesen todos los del presidio para estar prontos a recivir al enemigo caso que intentase alguna operaci\u00f3n que crey\u00f3 infalible a vista de lo poco que disparava su artiller\u00eda.<\/p>\n\n\n\n<p>Hizo assimismo trabaxar este d\u00eda en el ensanche de la mina, que baxo de la contraescarpa, junto a la puerta principal ten\u00eda formada, y aunque discurr\u00edan algunos de los de la plaza que los enemigos av\u00edan igualmente por su parte echo vivas diligencias para encontrarla y frustrarnos el buen \u00e9xito que de ella nos preomet\u00edamos, se averigu\u00f3 este mismo d\u00eda que no hav\u00eda tal.<\/p>\n\n\n\n<p>En quanto a la operaci\u00f3n de los enemigos, solo dir\u00e9 que se observ\u00f3 que estuvieron este d\u00eda muy ocupados en ensanchar sus trincheras y prolongarlas con mayor frente azia la brecha a donde dispar\u00f3 con sus morteros hasta 55 bombas, sin las muchas piedras con que incessantemente molestava a los del presidio, de quienes murieron dos y fueron heridos onze, y una de las bombas que cay\u00f3 en casa del pr\u00edncipe Henrrique aunque hizo grande estrago no ofendi\u00f3 a alguna persona de las muchas que la habitavan.<\/p>\n\n\n\n<div style=\"height:100px\" aria-hidden=\"true\" class=\"wp-block-spacer\"><\/div>\n\n\n\n<p><strong>Quinto<\/strong><\/p>\n\n\n\n<p><em>Contin\u00faan los enemigos su fuego contra la cortina de San Bernardo y camino cubierto. Disp\u00f3nese el ingl\u00e9s para hazer frente al de Point\u00ed. Trabaxan 300 hombres al reparo del camino cubierto.<\/em><\/p>\n\n\n\n<p>Bram\u00f3 el ca\u00f1\u00f3n del enemigo este d\u00eda m\u00e1s de lo acostrumbrado hasta all\u00ed, enderezando sus tiros a la cortina de San Bernardo y al camino cubierto que le corresponde, a fin de impedir que la gente que se hallava puesta en la defensa de esta parte no pudiesse ser socorrida en caso de assalto.<\/p>\n\n\n\n<p>En el interin que pass\u00f3 esto con los sitiadores, el vicealmirante Leack levant\u00f3 el fierro del puesto en que se hallava y se arrim\u00f3 con sus nav\u00edos por la otra parte a la de tierra que afronta con la plaza a fin de quedar con esto m\u00e1s resguardado de los vientos, y con mayor ventaja caso que el de Point\u00ed con su flota ideara acometerle. Este movimiento suscit\u00f3 no peque\u00f1o rezelo en el enemigo, a quien parezi\u00e9ndole que nuestra armada intentar\u00eda alg\u00fan desembarco para hazer diverzi\u00f3n, despach\u00f3 la mayor parte de su cavaller\u00eda azia aquel lado para oponerse a qualquiera acci\u00f3n.<\/p>\n\n\n\n<p>Aquella noche estuvo quieto nuestro contrario y solo trabax\u00f3 en una nueva l\u00ednea que al pi\u00e9 de la monta\u00f1a mand\u00f3 tirar tras de la primera con \u00e1nimo de assegurarse m\u00e1s de sus salidas y tener resguardada la gente que para el assalto de la Redondela se estava disponiendo.<\/p>\n\n\n\n<p>Hizo el pr\u00edncipe trabaxar esta noche a 300 hombres en el reparo del camino cubierto, que conduze al pastel o cubo, por estar la mayor parte arruynado de la artiller\u00eda enemiga. Assimismo dese\u00f3 sacar de aquel puesto que quedava ya echo un mont\u00f3n de piedras los dos morteros grandes de yerro que estavan en aquel paraxe, bien que no pudo conseguirse, a vista de la impossibilidad del transporte. No obstante mand\u00f3 que se dispararan algunas bombas con entrambos a tiempo que el enemigo correspond\u00eda igualmente con las suyas, que no passaron esta noche de 56.<\/p>\n\n\n\n<hr class=\"wp-block-separator\"\/>\n\n\n\n<p class=\"has-text-align-center\"><a href=\"http:\/\/gibaltar.cat\/index.php\/documents\/diari-de-francesc-de-casamitjana\/capitol-8\/http:\/\/gibaltar.cat\/index.php\/documents\/diari-de-francesc-de-casamitjana\/capitol-7\/\">&lt; Cap\u00edtol 7<\/a> \/ <a href=\"http:\/\/gibaltar.cat\/index.php\/documents\/diari-de-francesc-de-casamitjana\/capitol-9\/\">Cap\u00edtol 9 ><\/a><\/p>\n","protected":false},"excerpt":{"rendered":"<p>Cap\u00edtulo octavo La continua lluvia llena de agua los ataques. Aplicaci\u00f3n del enemigo para hecharla, motivando su movimiento a presidiar los puestos por donde el contrario pod\u00eda executar assaltos. Desvan\u00e9sense los rezelos de atacarnos. Ret\u00edrase la guarnizi\u00f3n. Continua el fuego de los sitiados. Dirigen los de afuera su disparo para ensanchar las brechas, perfizionando la [&hellip;]<\/p>\n","protected":false},"author":1,"featured_media":0,"parent":400,"menu_order":9,"comment_status":"closed","ping_status":"closed","template":"","meta":[],"_links":{"self":[{"href":"https:\/\/gibaltar.cat\/index.php\/wp-json\/wp\/v2\/pages\/424"}],"collection":[{"href":"https:\/\/gibaltar.cat\/index.php\/wp-json\/wp\/v2\/pages"}],"about":[{"href":"https:\/\/gibaltar.cat\/index.php\/wp-json\/wp\/v2\/types\/page"}],"author":[{"embeddable":true,"href":"https:\/\/gibaltar.cat\/index.php\/wp-json\/wp\/v2\/users\/1"}],"replies":[{"embeddable":true,"href":"https:\/\/gibaltar.cat\/index.php\/wp-json\/wp\/v2\/comments?post=424"}],"version-history":[{"count":3,"href":"https:\/\/gibaltar.cat\/index.php\/wp-json\/wp\/v2\/pages\/424\/revisions"}],"predecessor-version":[{"id":471,"href":"https:\/\/gibaltar.cat\/index.php\/wp-json\/wp\/v2\/pages\/424\/revisions\/471"}],"up":[{"embeddable":true,"href":"https:\/\/gibaltar.cat\/index.php\/wp-json\/wp\/v2\/pages\/400"}],"wp:attachment":[{"href":"https:\/\/gibaltar.cat\/index.php\/wp-json\/wp\/v2\/media?parent=424"}],"curies":[{"name":"wp","href":"https:\/\/api.w.org\/{rel}","templated":true}]}}