{"id":430,"date":"2021-06-23T17:08:52","date_gmt":"2021-06-23T15:08:52","guid":{"rendered":"http:\/\/gibaltar.cat\/?page_id=430"},"modified":"2021-06-23T18:49:55","modified_gmt":"2021-06-23T16:49:55","slug":"capitol-11","status":"publish","type":"page","link":"https:\/\/gibaltar.cat\/index.php\/documents\/diari-de-francesc-de-casamitjana\/capitol-11\/","title":{"rendered":"Cap\u00edtol 11"},"content":{"rendered":"\n<p><strong>Cap\u00edtulo 11<\/strong><\/p>\n\n\n\n<p>Lento disparo el del enemigo. Est\u00f3rvale nuestro ca\u00f1\u00f3n la prosecuci\u00f3n de sus obras. Recuperan los nav\u00edos las \u00e1ncoras que perdieron por el fuerte temporal.<\/p>\n\n\n\n<p>Artilla nuestro contrario su nueva bater\u00eda. L\u00f3granse avisos por nav\u00edos que vinieron de las ocurrencias de C\u00e1diz.<\/p>\n\n\n\n<p>Bordea nuestro vicealmirante para conseguir el sobreviento. \u00c9ntranle a Villadaries algunas tropas. Moderado fuego de sitiados y sitiadores.<\/p>\n\n\n\n<p>Forseja el vicealmirante para lograr puesto ventajoso. Disposiciones del pr\u00edncipe, que manda arrestar a dos sugetos. Alegres noticias de no estar muy lejos nuestro socorro, con otros susessos.<\/p>\n\n\n\n<div style=\"height:100px\" aria-hidden=\"true\" class=\"wp-block-spacer\"><\/div>\n\n\n\n<p><strong>Primo<\/strong><\/p>\n\n\n\n<p><em>Lento disparo el del enemigo. Est\u00f3rvale nuestro ca\u00f1\u00f3n la prosecuci\u00f3n de sus obras.<\/em><\/p>\n\n\n\n<p>Con la incessante aplicaci\u00f3n que av\u00eda puesto el enemigo en perfizionar la \u00faltima de sus bater\u00edas, logr\u00f3 el d\u00eda siguiente ponerla en toda perfizi\u00f3n, bien que no fu\u00e9 mucho el fuego que con ella se nos hizo, de calidad que solas veinte y quatro bombas nos arroj\u00f3 en este d\u00eda.<\/p>\n\n\n\n<p>Nuestros nav\u00edos, que de la passada tempestad av\u00edan perdido algunas \u00e1ncoras, con la calma que reconozieron en el mar pusieron mano a su hallasgo y en efecto lo lograron a poco rato.<\/p>\n\n\n\n<p>Aunque quedava en el Muelle Viejo (como emos dicho) enteramente arruynada sus bater\u00edas no por esso se dex\u00f3 de disparar con algunos ca\u00f1ones, des de aquel puesto con el abrigo de la noche, de forma que en la de este d\u00eda se le pudo con el fuego que de aqu\u00ed se le haz\u00eda estorvarle notablemente al enemigo su trabaxo, a que ayud\u00f3 no poco un mortero que des de lo alto de la monta\u00f1a les iva a ratos disparando muchas piedras.<\/p>\n\n\n\n<div style=\"height:100px\" aria-hidden=\"true\" class=\"wp-block-spacer\"><\/div>\n\n\n\n<p><strong>Secundo<\/strong><\/p>\n\n\n\n<p><em>Artilla nuestro contrario su nueva bater\u00eda. L\u00f3granse avisos por nav\u00edos que vinieron de las ocurrencias de C\u00e1diz.<\/em><\/p>\n\n\n\n<p>Di\u00f3 alg\u00fan cuydado a los sitiados el d\u00eda 12 con experimentar el poco ruido que haz\u00eda el enemigo con su ca\u00f1\u00f3n y el grande aparato de faxinas que dispon\u00eda en sus trincheras. Ocho grandes piezas amanezieron en su nueva bater\u00eda, de las quales quedavan todav\u00eda algunas sin montar, cuyo fuego fu\u00e9 este d\u00eda el de sus morteros, que descanzaron bastantemente pues solo nos dispar\u00f3 unas veinte bombas.<\/p>\n\n\n\n<p>Con la buelta de los nav\u00edos, que d\u00edas antes se av\u00edan enviado a reconozer el puerto de C\u00e1diz, supimos aquel d\u00eda, quedavan fuera de su baya diez y nueve vaxeles que puestos en orden de batalla esperavan el viento favorable para hazerse a la vela, y algunas otras fustas que tras del Puntal se aprestavan para acompa\u00f1arles.<\/p>\n\n\n\n<p>Assimismo nos entr\u00f3 un corsario oland\u00e9s que dixo haver encontrado en el Cabo de Finis Terre un nav\u00edo de transporte cargado de gente que se av\u00eda desviado de lo restante de la esquadra destinada para nuestro socorro, y que su capit\u00e1n ten\u00eda orden positivo de venir en drechura al puerto de Gibraltar en caso de no encontrar su compa\u00f1\u00eda en Lisboa. Esta noticia ya se dexa de considerar de quanto momento fu\u00e9 para alentar una guarnizi\u00f3n cansada ya con un sitio de tres meses poco menos, y reduzida al peque\u00f1o terreno de aquel \u00e1mbito, fatigada de tantos modos con el continuado e impertinente fuego que contra de la plaza haz\u00eda el enemigo, y en fin disminuida y mortificada de aquella fatal epidemia que se ensendi\u00f3 entre los ingleses por no haverles provado el clima, ni el vino que encontraron en la plaza.<\/p>\n\n\n\n<p>El vicealmirante Leack apenas huvo entendido que el de Point\u00ed quedava con su esquadra fuera de la baya de C\u00e1diz, tom\u00f3 la resoluci\u00f3n de salir de la de Gibraltar favorezido del poniente, que a la saz\u00f3n soplava, con \u00e1nimo de esperar aquel franc\u00e9s en el golfo en caso quisiera este chocar con su flota. Con esta ocasi\u00f3n fue preciso que los marineros, que hasta all\u00ed nos av\u00edan servido en el remplazo de nuestras defensas, se restituyeran en los nav\u00edos, por lo que quedamos en la plaza con muy corto n\u00famero de gastadores.<\/p>\n\n\n\n<div style=\"height:100px\" aria-hidden=\"true\" class=\"wp-block-spacer\"><\/div>\n\n\n\n<p><strong>Tercio<\/strong><\/p>\n\n\n\n<p><em>Bordea nuestro vicealmirante para conseguir el sobreviento. \u00c9ntranle a Villadaries algunas tropas. Moderado fuego de sitiados y sitiadores.<\/em><\/p>\n\n\n\n<p>Hecho a la vela el vicealmirante pass\u00f3 el d\u00eda 13 a las costas de \u00c1frica, bien que por no apart\u00e1rsenos mucho de la plaza fu\u00e9 dando diferentes bordos, y aunque no soplava mucho el (viento de: barrat) poniente, pudo con la maestr\u00eda de sus pilotos lograr el ponerse sobreviento, para que en caso que le acometiessen franceses, pudiesse con m\u00e1s desembarazo chocar con ellos.<\/p>\n\n\n\n<p>Este d\u00eda observaron nuestras sentinelas que llegavan al campo enemigo tres nuevos esquadrones de socorro, y que en \u00e9l se passava rese\u00f1a o muestra general de toda la gente, lo que di\u00f3 motivo para dexar en gran parte de molestarnos con sus bater\u00edas, disparando solo quando lo executavan los de la plaza y no m\u00e1s. Esta quietud se interpret\u00f3 por algunos a la gran falta de p\u00f3lvora y balas que padez\u00eda, o bien como discurrieron otros a querer el d\u00eda siguiente entrar con nuevo vigor a batir la plaza.<\/p>\n\n\n\n<p>Hechose de ver que quedavan este d\u00eda nuevamente vestidos la mayor parte de los soldados de los sitiadores, que ya lo av\u00edan bien menester, pues murieron muchos de ellos traspassados del rigor de la estaci\u00f3n, faltos a\u00fan de lo preciso para la defensa del fr\u00edo, que en aquel clima y ocasi\u00f3n fue harto pesado y no menos la humedad produzida de tanta lluvia, que experimentaron.<\/p>\n\n\n\n<p>Esta noche se nos dispararon diez y ocho bombas sin m\u00e1s efecto que el de darnos alg\u00fan susto.<\/p>\n\n\n\n<div style=\"height:100px\" aria-hidden=\"true\" class=\"wp-block-spacer\"><\/div>\n\n\n\n<p><strong>Cuarto<\/strong><\/p>\n\n\n\n<p><em>Forseja el vicealmirante para lograr puesto ventajoso. Disposiciones del pr\u00edncipe, que manda arrestar a dos sugetos. Alegres noticias de nuestro socorro.<\/em><\/p>\n\n\n\n<p>Por la gran falta de viento no se descubri\u00f3 hasta el madrugar del d\u00eda 14 la armada del vicealmirante Leack sobre la misma costa de Espa\u00f1a de que forsejava para apartarse no obstante la grande calma, que se reconoz\u00eda en el mar.<\/p>\n\n\n\n<p>Tampoco el enemigo nos hizo mucho fuego en todo este d\u00eda como penz\u00e1vamos, de calidad que en todo \u00e9l no nos dispar\u00f3 m\u00e1s de treze bombas, de que infirieron muchos que los sitiadores esperavan a Point\u00ed con su nueva esquadra para atacar a todo tranze aquella plaza. El pr\u00edncipe como no cessava un punto de invigilar sobre los designios del enemigo, di\u00f3 muestras este d\u00eda de sospechas de que dentro de la plaza se iva continuando la primera traici\u00f3n con tanto mayor calor quanto eran de mayor car\u00e1cter las personas que en ella concurr\u00edan, y a la verdad no ay duda que se hubiera logrado a no averla en sus principios procurado atajar con la noticia que subministr\u00f3 el mismo Mossolet, que como a c\u00f3mplice y primer instrumento de toda esta mara\u00f1a, fu\u00e9 ahorcado al principiarse el assedio.<\/p>\n\n\n\n<p>\u00daltimamente en consequencia de lo dicho, mand\u00f3 el pr\u00edncipe arrestar a dos de los principales sugetos de la plaza dando orden igualmente a las sentinelas puestas a la circunferencia de la monta\u00f1a que estuvieran sobre aviso, caso que de noche, como se av\u00eda observado algunas vezes, si llegaran algunos barcos enemigos al surxidero.<\/p>\n\n\n\n<p>Por la tarde deste d\u00eda nos llegaron con una fragata tres coroneles ingleses, que nos remit\u00eda de Lisboa milord Gallovay, que nos dieron cierta noticia de estar ya no muy lexos el socorro. Dixeron assimismo como tres nav\u00edos franceses les av\u00edan dado caza.<\/p>\n\n\n\n<p>El poco viento que sopl\u00f3 este d\u00eda di\u00f3 motivo a nuestra esquadra para echarse otra vez a la costa de Tetu\u00e1n a efecto de aguardar el levante, y ir en busca de la enemiga para fazilitar con esto y dezembarazar totalmente el passo a nuestro socorro.<\/p>\n\n\n\n<p>Quinze bombas fueron esta noche las que nos dispararon des de los ataques.<\/p>\n\n\n\n<hr class=\"wp-block-separator\"\/>\n\n\n\n<p class=\"has-text-align-center\"><a href=\"https:\/\/gibaltar.cat\/index.php\/documents\/diari-de-francesc-de-casamitjana\/capitol-10\">&lt; Cap\u00edtol 10<\/a> \/ <a href=\"https:\/\/gibaltar.cat\/index.php\/documents\/diari-de-francesc-de-casamitjana\/capitol-12\">Cap\u00edtol 12 ><\/a><\/p>\n","protected":false},"excerpt":{"rendered":"<p>Cap\u00edtulo 11 Lento disparo el del enemigo. Est\u00f3rvale nuestro ca\u00f1\u00f3n la prosecuci\u00f3n de sus obras. Recuperan los nav\u00edos las \u00e1ncoras que perdieron por el fuerte temporal. Artilla nuestro contrario su nueva bater\u00eda. L\u00f3granse avisos por nav\u00edos que vinieron de las ocurrencias de C\u00e1diz. Bordea nuestro vicealmirante para conseguir el sobreviento. \u00c9ntranle a Villadaries algunas tropas. [&hellip;]<\/p>\n","protected":false},"author":1,"featured_media":0,"parent":400,"menu_order":12,"comment_status":"closed","ping_status":"closed","template":"","meta":[],"_links":{"self":[{"href":"https:\/\/gibaltar.cat\/index.php\/wp-json\/wp\/v2\/pages\/430"}],"collection":[{"href":"https:\/\/gibaltar.cat\/index.php\/wp-json\/wp\/v2\/pages"}],"about":[{"href":"https:\/\/gibaltar.cat\/index.php\/wp-json\/wp\/v2\/types\/page"}],"author":[{"embeddable":true,"href":"https:\/\/gibaltar.cat\/index.php\/wp-json\/wp\/v2\/users\/1"}],"replies":[{"embeddable":true,"href":"https:\/\/gibaltar.cat\/index.php\/wp-json\/wp\/v2\/comments?post=430"}],"version-history":[{"count":3,"href":"https:\/\/gibaltar.cat\/index.php\/wp-json\/wp\/v2\/pages\/430\/revisions"}],"predecessor-version":[{"id":476,"href":"https:\/\/gibaltar.cat\/index.php\/wp-json\/wp\/v2\/pages\/430\/revisions\/476"}],"up":[{"embeddable":true,"href":"https:\/\/gibaltar.cat\/index.php\/wp-json\/wp\/v2\/pages\/400"}],"wp:attachment":[{"href":"https:\/\/gibaltar.cat\/index.php\/wp-json\/wp\/v2\/media?parent=430"}],"curies":[{"name":"wp","href":"https:\/\/api.w.org\/{rel}","templated":true}]}}