{"id":432,"date":"2021-06-23T17:19:20","date_gmt":"2021-06-23T15:19:20","guid":{"rendered":"http:\/\/gibaltar.cat\/?page_id=432"},"modified":"2021-06-23T18:50:58","modified_gmt":"2021-06-23T16:50:58","slug":"capitol-12","status":"publish","type":"page","link":"https:\/\/gibaltar.cat\/index.php\/documents\/diari-de-francesc-de-casamitjana\/capitol-12\/","title":{"rendered":"Cap\u00edtol 12"},"content":{"rendered":"\n<p><strong>Cap\u00edtulo 12<\/strong><\/p>\n\n\n\n<p>Llegan avisos de ocupar el estrecho el de Point\u00ed con su esquadra. Detienen al ingl\u00e9s las calmas en las costas de \u00c1frica. Trabaxa el enemigo en perfizionar la l\u00ednea cerca la Redondela.<\/p>\n\n\n\n<p>Fortifican sitiadores sus ataques con duplicadas estacas. Atienden los sitiados a sus reparos. Confirmaci\u00f3n de estar en camino nuestro socorro. Noticias por un desertor que nos vino.<\/p>\n\n\n\n<p>Avisos por un bergant\u00edn espa\u00f1ol. que apresamos, y de otros desertores, que nos entraron. El continuo fuego del enemigo destruye nuestras bater\u00edas. Ac\u00e9rcasenos con la zapa a la contraescarpa y Redondela. \u00c9ntranos parte del socorro con otros susessos.<\/p>\n\n\n\n<div style=\"height:100px\" aria-hidden=\"true\" class=\"wp-block-spacer\"><\/div>\n\n\n\n<p><strong>Primo<\/strong><\/p>\n\n\n\n<p><em>Llegan avisos de ocupar el de Point\u00ed el estrecho.<\/em><\/p>\n\n\n\n<p>H\u00edzosenos ya del todo sospechoso el d\u00eda 15 por el silencio que se observava en el enemigo cuyo trabaxo se reduxo por aquel tiempo a assegurar con diferentes estacadas el accesso de sus bater\u00edas, de que infirieron muchos de los sitiados que su designio tirava a conquistar aquella plaza, m\u00e1s que con assaltos, en la continuada y prolixa estrechez con que de cada d\u00eda la iva apretando.<\/p>\n\n\n\n<p>Un corsario oland\u00e9s, que se retir\u00f3 a nuestra baya despu\u00e9s de averle perseguido mucho tiempo la esquadra de los enemigos, confirm\u00f3 la noticia de tener ya ocupado el estrecho el de Point\u00ed.<\/p>\n\n\n\n<p>Creiose, y con bastante fundamento, que las calmas todav\u00eda ten\u00edan al vicealmirante Leack en las costas de \u00c1frica, y en efecto se supo que se av\u00eda arrimado este general al r\u00edo de Tetu\u00e1n, en que \u00faltimamente di\u00f3 fondo para esperar el tiempo.<\/p>\n\n\n\n<p>Por la noche trabax\u00f3 incessantemente el enemigo en perfizionar la l\u00ednea, que cerca de la Redondela d\u00edas antes av\u00eda tirado, disparando a este fin hasta veinte y quatro bombas, que enderez\u00f3 a la contraescarpa para molestar con esto a la guarnizi\u00f3n que all\u00ed ten\u00edamos apostada.<\/p>\n\n\n\n<div style=\"height:100px\" aria-hidden=\"true\" class=\"wp-block-spacer\"><\/div>\n\n\n\n<p><strong>2<\/strong><\/p>\n\n\n\n<p><em>Fortifican sitiadores sus ataques con duplicadas estacas. Atienden sitiados a sus reparos. Confirmaci\u00f3n de estar en camino nuestro socorro. Noticias por un desertor que nos vino.<\/em><\/p>\n\n\n\n<p>Continuava el enemigo el adelantamiento de su trabaxo a toda costa zerrando con duplicadas estacadas su bater\u00eda, cuyo fuego no fu\u00e9 este d\u00eda tan grande como av\u00eda sido d\u00edas atr\u00e1s.<\/p>\n\n\n\n<p>Los sitiados quedavan este d\u00eda en perfizionar sus defensas y el pr\u00edncipe en continuar sus \u00f3rdenes precisos para la seguridad.<\/p>\n\n\n\n<p>Bolvi\u00f3 la tartana, que se av\u00eda despachado con cartas al Faro, y por ella supimos la certeza de que el socorro estava ya en camino.<\/p>\n\n\n\n<p>Este d\u00eda se tuvo la fortuna de coger a un andaluz cerca de la Puerta de Tierra, que dixo que el enemigo patrocinado de algunos de dentro de la plaza, estava con \u00e1nimo de dar un avanze general por mar y tierra a las 3 de la ma\u00f1ana, seguro de encontrar en una de las dos partes poca o ninguna resistencia, para cuyo efecto solo esperava la respuesta de una carta. El pr\u00edncipe, o\u00eddas estas razones, mand\u00f3 guarnezer los puestos lo mexor y m\u00e1s fuertamente que pudo con cabos de su mayor confianza, de calidad, que si se huviese atrevido a avazar nuestro competidor no hay duda que se le huviera dado bien que merezer. El fuego de una y otra parte fu\u00e9 muy grande. Reparose que las trincheras del enemigo eran llenas de gente, lo que di\u00f3 motivo a nuestro pr\u00edncipe comandante para echar un bando, en que se ofrez\u00eda dar a qualquiera de los soldados que se hallare o savidor en la traici\u00f3n, que se sospechava, descubri\u00e9ndola a m\u00e1s de la seguridad de su vida cien doblones de contado.<\/p>\n\n\n\n<p>No \u00e9ramos ya nosotros solos los que padez\u00edamos falta de bombas, porque igualmente los enemigos la sent\u00edan, como lo echamos de ver la noche deste d\u00eda, en que solo se nos dispararon doze de sus a[p]roches.<\/p>\n\n\n\n<div style=\"height:100px\" aria-hidden=\"true\" class=\"wp-block-spacer\"><\/div>\n\n\n\n<p><strong>3<\/strong><\/p>\n\n\n\n<p><em>Avisos por un bergant\u00edn espa\u00f1ol que apresamos y de otros desertores que nos entraron.<\/em><\/p>\n\n\n\n<p>Todav\u00eda la luz no dava muestras de amanezer, ni el d\u00eda a\u00fan se assomava, quando al 17 un un [sic] bergant\u00edn espa\u00f1ol se atrevi\u00f3 a entrar dentro de la baya con el designio de passar con su cargo de vino y aguardiente al r\u00edo que cerca del campo enemigo desaguava, bien que descubierto por nuestras lanchas, le acometieron a poco rato sin ninguna oposici\u00f3n. Trux\u00e9ronle al muelle de la plaza, cuyo patr\u00f3n puesto delante su governador le di\u00f3 cuenta de su viage. D\u00edxole como av\u00eda salido de C\u00e1diz \u00e0 tiempo que ya la esquadra enemiga av\u00eda zarpado de aquel puerto el n\u00famero de quinze nav\u00edos de l\u00ednea, dos fragatas y quatro brulotes en busca de la esquadra inglesa y olandesa.<\/p>\n\n\n\n<p>Entr\u00e1ronse en la plaza este d\u00eda dos desertores, qui\u00e9nes dixeron estavan muy maltratadas las bater\u00edas de nuestro contrario, y que por el continuado fuego que le haz\u00edamos quedava notablemente minorado en gente, de calidad que de quareinta piezas que ten\u00eda al principiar el sitio av\u00eda muy pocas aptas para servir, bien que no bast\u00f3 esto para reprimir su porf\u00eda, porque este proprio d\u00eda a vista de que no pod\u00eda cogernos por enga\u00f1o, bolvi\u00f3 a hazer jugar el ca\u00f1\u00f3n con todo esfuerzo adelantando al mismo tiempo sus trincheras no obstante la mucha oposici\u00f3n que le haz\u00edamos con el continuo disparo de nuestras bater\u00edas, a que correspondi\u00f3 este d\u00eda con catorze bombas.<\/p>\n\n\n\n<div style=\"height:100px\" aria-hidden=\"true\" class=\"wp-block-spacer\"><\/div>\n\n\n\n<p><strong>4<\/strong><\/p>\n\n\n\n<p><em>El continuo fuego del enemigo destruye nuestras bater\u00edas. Ac\u00e9rcasenos con la zapa a la Redondela y contraescarpa. \u00c9ntranos parte del socorro.<\/em><\/p>\n\n\n\n<p>Avivavase de cada d\u00eda m\u00e1s y m\u00e1s el fuego con que los contrarios nos ofend\u00edan. El 18 procuraron derribarnos las bater\u00edas, que ten\u00edamos construidas sobre las brechas del basti\u00f3n, y cortinas. Trabax\u00f3 assimismo en acerc\u00e1rsenos m\u00e1s con sus ataques a la contraescarpa, en que le hizo notable da\u00f1o el fuego de nuestra mosqueter\u00eda.<\/p>\n\n\n\n<p>Esta tarde montaron la trinchera cinco banderas francesas, de que nos avis\u00f3 un desertor que se pass\u00f3 este d\u00eda a la plaza dando cuenta de los grandes desabrimientos y contrastes que passavan actualmente en el campo entre los cabos de una y otra naci\u00f3n. Dixo tambi\u00e9n como la mayor parte de su cavaller\u00eda quedava del todo maltratada, que los nav\u00edos que av\u00edan entrado en la baya eran parte de los que compon\u00eda la esquadra inglesa, que poco antes se av\u00eda hecho a la vela.<\/p>\n\n\n\n<p>Dormimos esta noche con toda quietud por quanto no nos dispar\u00f3 el enemigo bomba alguna, quiz\u00e1s preocupado con la noticia que nos truxo el <em>Antelope<\/em> vaxel de guerra, que con otros ocho m\u00e1s de transporte lleg\u00f3 este d\u00eda felizmente a nuestra baya con parte del socorro que tanto tiempo haze esper\u00e1vamos. Supimos por este camino como el de Point\u00ed estava apostado en el estrecho con una fuerte y numerosa esquadra para impedir totalmente el passo a la nuestra, caso que se arrestara a socorrernos. Dixeron tambi\u00e9n que al passar a su vista av\u00edan los enemigos puesto bandera inglesa.<\/p>\n\n\n\n<hr class=\"wp-block-separator\"\/>\n\n\n\n<p class=\"has-text-align-center\"><a href=\"https:\/\/gibaltar.cat\/index.php\/documents\/diari-de-francesc-de-casamitjana\/capitol-11\">&lt; Cap\u00edtol 11<\/a> \/ <a href=\"https:\/\/gibaltar.cat\/index.php\/documents\/diari-de-francesc-de-casamitjana\/capitol-13\">Cap\u00edtol 13 ><\/a><\/p>\n","protected":false},"excerpt":{"rendered":"<p>Cap\u00edtulo 12 Llegan avisos de ocupar el estrecho el de Point\u00ed con su esquadra. Detienen al ingl\u00e9s las calmas en las costas de \u00c1frica. Trabaxa el enemigo en perfizionar la l\u00ednea cerca la Redondela. Fortifican sitiadores sus ataques con duplicadas estacas. Atienden los sitiados a sus reparos. Confirmaci\u00f3n de estar en camino nuestro socorro. Noticias [&hellip;]<\/p>\n","protected":false},"author":1,"featured_media":0,"parent":400,"menu_order":13,"comment_status":"closed","ping_status":"closed","template":"","meta":[],"_links":{"self":[{"href":"https:\/\/gibaltar.cat\/index.php\/wp-json\/wp\/v2\/pages\/432"}],"collection":[{"href":"https:\/\/gibaltar.cat\/index.php\/wp-json\/wp\/v2\/pages"}],"about":[{"href":"https:\/\/gibaltar.cat\/index.php\/wp-json\/wp\/v2\/types\/page"}],"author":[{"embeddable":true,"href":"https:\/\/gibaltar.cat\/index.php\/wp-json\/wp\/v2\/users\/1"}],"replies":[{"embeddable":true,"href":"https:\/\/gibaltar.cat\/index.php\/wp-json\/wp\/v2\/comments?post=432"}],"version-history":[{"count":3,"href":"https:\/\/gibaltar.cat\/index.php\/wp-json\/wp\/v2\/pages\/432\/revisions"}],"predecessor-version":[{"id":477,"href":"https:\/\/gibaltar.cat\/index.php\/wp-json\/wp\/v2\/pages\/432\/revisions\/477"}],"up":[{"embeddable":true,"href":"https:\/\/gibaltar.cat\/index.php\/wp-json\/wp\/v2\/pages\/400"}],"wp:attachment":[{"href":"https:\/\/gibaltar.cat\/index.php\/wp-json\/wp\/v2\/media?parent=432"}],"curies":[{"name":"wp","href":"https:\/\/api.w.org\/{rel}","templated":true}]}}