{"id":437,"date":"2021-06-23T17:46:18","date_gmt":"2021-06-23T15:46:18","guid":{"rendered":"http:\/\/gibaltar.cat\/?page_id=437"},"modified":"2021-06-23T19:03:24","modified_gmt":"2021-06-23T17:03:24","slug":"capitol-14","status":"publish","type":"page","link":"https:\/\/gibaltar.cat\/index.php\/documents\/diari-de-francesc-de-casamitjana\/capitol-14\/","title":{"rendered":"Cap\u00edtol 14"},"content":{"rendered":"\n<p><strong>Cap\u00edtulo 14<\/strong><\/p>\n\n\n\n<p>Es mutuo el disparo de una y otra parte. Salida bien lograda de los de la plaza.<\/p>\n\n\n\n<p>Logran tres soldados enemigos incendiarnos el parapeto que cubr\u00eda la Torre Redonda con adem\u00e1n de passarse a la ciudad.<\/p>\n\n\n\n<p>Adelanta sus obras nuestro contrario, perfizionando igualmente las brechas del baluarte, cortina y Redondela con desesperado fuego. Entra a la baya nuestra flota. Guarnezen sus ataques los sitiadores con tres ileras de cestones. Aplicaci\u00f3n de los de la guarnizi\u00f3n en las obras de defensa.<\/p>\n\n\n\n<p>Executan otra salida los del presidio. El continuado fuego de nuestro ca\u00f1\u00f3n contiene el adelantamiento de las obras de su contrario. Emb\u00e1rcanse los marineros que nos serv\u00edan de gastadores. P\u00f3nese a la vela nuestro vicealmirante para Lisboa con otros susessos.<\/p>\n\n\n\n<div style=\"height:100px\" aria-hidden=\"true\" class=\"wp-block-spacer\"><\/div>\n\n\n\n<p><strong>Primo<\/strong><\/p>\n\n\n\n<p><em>Es mutuo el disparo de una y otra parte.<\/em><\/p>\n\n\n\n<p>No av\u00eda logrado m\u00e1s ventajas hasta aqu\u00ed nuestro contrario en tres meses de sitio con que nos ten\u00eda estrechados en este d\u00eda que cont\u00e1vamos 23, en que continu\u00f3 el disparo mutuamente sin m\u00e1s novedad. Tir\u00e1ronsele de la plaza algunas bombas a que todav\u00eda no correspondieron los sitiadores por no tenerlas.<\/p>\n\n\n\n<p>Eran como las siete de la tarde quando el pr\u00edncipe dispuso que saliesen hasta unos 300 hombres a quemar los gabiones, que ten\u00eda puesto nuestro adversario en una de sus trincheras, c\u00f3mo lo executaron a poco rato con tanta intrepidez, que cogi\u00e9ndole de improviso lograron el desaher [sic] parte de sus trabaxos, no aviendo encontrado sentinela alguna en sus primeros ataques en que estuvieron derribando sus obras como una media hora, sin que el enemigo lo echase de ver, de calidad que ass\u00ed como los nuestros se contentaron en terraplenar sus primeros aproches huviessen en primero embite acometido sus bater\u00edas, no ay duda que las huvieran podido enclavar sin oposici\u00f3n.<\/p>\n\n\n\n<p>Sali\u00f3 al cabo el enemigo a hazernos frente, y no queriendo el pr\u00edncipe aventurar aquella gente a las contingencias que en la guerra suelen intervenir, mand\u00f3 se retirara content\u00e1ndose por entonces de haver quemado en tan breve rato quantas obras av\u00edan trabaxado los sitiadores en muchos d\u00edas. Fu\u00e9 indecible el fuego con que al retirar nuestra gente recivi\u00f3 de su contrario, que ven\u00eda persigui\u00e9ndola. Pero como fuesse incessante el disparo de la Redondela, basti\u00f3n de San Pablo y cortina, se vieron precisados los enemigos a retirar quanto antes con p\u00e9rdida de algunos de ellos, aviendo sido la de nuestra parte entre muertos y heridos solo unos 12 soldados, sin que entre ellos se contase persona de distinci\u00f3n, con cuyo buen \u00e9xito se alent\u00f3 tanto la guarnizi\u00f3n, que impaziente estavan esperando muchas de estas funcciones.<\/p>\n\n\n\n<div style=\"height:100px\" aria-hidden=\"true\" class=\"wp-block-spacer\"><\/div>\n\n\n\n<p><strong>2<\/strong><\/p>\n\n\n\n<p><em>Logran tres soldados enemigos incendiarnos el parapeto que cubr\u00eda la Torre Redonda, con adem\u00e1n de passarse a la ciudad.<\/em><\/p>\n\n\n\n<p>Rechazado el enemigo como 200 passos el d\u00eda veinte y quatro le emple\u00f3 en meditar como podr\u00eda vengarse con los de la plaza, de la burla que \u00faltimamente le av\u00edan echo sobre sus ataques. Con esta idea resolvi\u00f3 aquel mismo d\u00eda por la noche incendiar el parapeto que cubr\u00eda el puesto de la Torre Redonda. A este prop\u00f3sito envi\u00f3 tres soldados que, haziendo el adem\u00e1n de passarse a la plaza desertando por aquel parage, avi\u00e9ndoles permitido nuestras sentinelas que se acercaran, pegaron con tanta presteza fuego a unas faxinas que estavan caydas al pi\u00e9 del parapeto que emprendi\u00e9ndose con fazilidad la llama, y dilat\u00e1ndose a poco rato, puso en gran riesgo aquella f\u00e1brica, y realmente a no aver acudido puntualmente a apagar el incendio, hubiera quedado hecha zeniza de las llamas aquella fortificaci\u00f3n, cuyo da\u00f1o no fu\u00e9 considerable en raz\u00f3n de aver sido tan pronta nuestra vigilancia en procurar el remedio. Es verdad que el contrario haz\u00eda grande oposici\u00f3n a los que le agenciavan, pero no fu\u00e9 bastante toda su mamposter\u00eda para contenernos de esta urgencia y ponderosa ocurrencia.<\/p>\n\n\n\n<div style=\"height:100px\" aria-hidden=\"true\" class=\"wp-block-spacer\"><\/div>\n\n\n\n<p><strong>3\u00ba<\/strong><\/p>\n\n\n\n<p><em>Adelanta sus obras nuestro contrario perfizionando igualmente las brechas del baluarte, cortina y Redondela con desesperado fuego. Entra a la baya nuestra flota. Guarnezen sus ataques los sitiadores con tres ileras de cestones. Aplicaci\u00f3n de los de la plaza en las obras de defensa.<\/em><\/p>\n\n\n\n<p>D\u00eda en que celebra nuestra madre la Iglesia el nacimiento de nuestro redentor 25 de deziembre. D\u00eda en que al salir Christo al mundo estava el Universo en paz en otro tiempo, el m\u00e1s feliz que han visto los siglos. D\u00eda en fin todo de gloria, aviendo destilado el cielo miel en su noche, como canta la Iglesia. No perdon\u00f3 nuestro contrario a su solemnidad para dexarnos siquiera con sossiego durante su luz para considerar sus misterios, prosigui\u00f3 en adelantar sus obras y con sus obras las brechas en el baluarte, cortina y Redondela sin distinci\u00f3n de puestos, de calidad que todo aquel d\u00eda azest\u00f3 igualmente que los otros su ca\u00f1\u00f3n para batir la plaza, que le respond\u00eda, motivados los sitiados a la defensa y seguridad a que les precisava la justicia.<\/p>\n\n\n\n<p>El viento fu\u00e9 levante todo este d\u00eda, con que pudimos otra vez lograr dentro de la baya a nuestra armada a donde pass\u00f3 inmediatamente el brigadier Schayentan de orden del pr\u00edncipe comandante con el car\u00e1cter de governador de la plaza, para conferir con el vicealmirante algunas cosas de mucho peso tocantes a la buena defensa de aquel antemural.<\/p>\n\n\n\n<p>Fu\u00e9 incre\u00edble el rezelo con que qued\u00f3 el enemigo con la novedad de nuestra esquadra, temiendo no se hiziera a un mismo tiempo alg\u00fan desembarco y salida de la plaza.<\/p>\n\n\n\n<p>En resulta de aver enviado el pr\u00edncipe el 25 a Schayentan a bordo, el vicealmirante repiti\u00f3 la visita al pr\u00edncipe dexando acordada la partenza entre los dos de aquella esquadra a falta de bastimentos con que se hallavan los nav\u00edos para los de su guarnizi\u00f3n.<\/p>\n\n\n\n<p>Reparose este d\u00eda que trabaxava el enemigo con toda diligencia en fortalezer nuevamente con tres ileras de cestones unos tras otros sus trincheras, a\u00f1adiendo a trechos a este mismo fin ciertos fortines en forma de reductos, que con algunas cortaduras haz\u00edan m\u00e1s dif\u00edzil su accesso.<\/p>\n\n\n\n<p>Los sitiados igualmente se emplearon este d\u00eda en pertrechar con nuevos reparos el parage de la Redondela y en restablezer las obras del camino cubierto que va a ella, por quanto de la continuada bater\u00eda de los sitiadores quedava muy maltratada.<\/p>\n\n\n\n<div style=\"height:100px\" aria-hidden=\"true\" class=\"wp-block-spacer\"><\/div>\n\n\n\n<p><strong>4<\/strong><\/p>\n\n\n\n<p><em>Executan otra salida los del presidio. El continuado fuego de nuestro ca\u00f1\u00f3n contiene el adelantamiento de las obras de su contrario. Emb\u00e1rcanse los marineros. P\u00f3nese a la vela nuestro vicealmirante para Lisboa.<\/em><\/p>\n\n\n\n<p>El buen \u00e9xito que av\u00edan tenido los de la plaza en la salida que executaron sus soldados di\u00f3 motivo al pr\u00edncipe para idear otras nuevas, y az\u00ed el d\u00eda 27 llam\u00f3 a consexo de guerra dos cabos ingleses y otros tantos olandeses para que se decretara el modo, forma y lugar que se av\u00eda de tener para ello. A este fin prometi\u00f3 el pr\u00edncipe a los soldados un medio real de a ocho por cada gabi\u00f3n que truxeran de las trincheras del enemigo, con cuyo cebo no faltaron siete soldados aquella misma noche que, arroj\u00e1ndose sin ning\u00fan temor al peligro, entraron otros tantos en la plaza a que todo este d\u00eda procur\u00f3 el enemigo avanzar sus obras por la parte de la contraescarpa.<\/p>\n\n\n\n<p>Fu\u00e9 el pr\u00edncipe al siguiente d\u00eda a bordo de el ingl\u00e9s para despedirse, cuya armada se puso a la vela poco despu\u00e9s saliendo de la baya para Lisboa, bien que soplava poco el viento en aquella ocasi\u00f3n.<\/p>\n\n\n\n<p>Este d\u00eda fu\u00e9 mucho el da\u00f1o que hizo sobre el enemigo la artiller\u00eda, que \u00faltimamente se av\u00eda plantado en el basti\u00f3n de San Pablo, cortina y Muelle Viejo, y en efecto le oblig\u00f3 a no continuar en el adelantamiento de su trinchera, content\u00e1ndose con correspondernos con su ca\u00f1\u00f3n, cuyo disparo fu\u00e9 moderado por quedar muchas de sus piezas o desfogonadas o del todo in\u00fatiles para ofendernos.<\/p>\n\n\n\n<p>Dos nav\u00edos fueron enviados a Tetu\u00e1n y T\u00e1nger para buscar v\u00edveres y municiones de boca, a vista de la notable falta que de ellos padez\u00edan los sitiados a quienes faltava ya la carne fresca para su sustento y igualmente la salada.<\/p>\n\n\n\n<p>Llevose el vicealmirante con ocasi\u00f3n de su partenza los pocos marineros que nos av\u00edan quedado para el remplazo de las fortificaciones y reparos que se ivan trabaxando en la plaza para su resguardo, cuya falta oblig\u00f3 al pr\u00edncipe a que destinara un cabo con cien hombres poco m\u00e1s que les sustituiesse en aquella ocasi\u00f3n.<\/p>\n\n\n\n<hr class=\"wp-block-separator\"\/>\n\n\n\n<p class=\"has-text-align-center\"><a href=\"https:\/\/gibaltar.cat\/index.php\/documents\/diari-de-francesc-de-casamitjana\/capitol-13\">&lt; Cap\u00edtol 13<\/a> \/ <a href=\"https:\/\/gibaltar.cat\/index.php\/documents\/diari-de-francesc-de-casamitjana\/capitol-15\">Cap\u00edtol 15 ><\/a><\/p>\n","protected":false},"excerpt":{"rendered":"<p>Cap\u00edtulo 14 Es mutuo el disparo de una y otra parte. Salida bien lograda de los de la plaza. Logran tres soldados enemigos incendiarnos el parapeto que cubr\u00eda la Torre Redonda con adem\u00e1n de passarse a la ciudad. Adelanta sus obras nuestro contrario, perfizionando igualmente las brechas del baluarte, cortina y Redondela con desesperado fuego. [&hellip;]<\/p>\n","protected":false},"author":1,"featured_media":0,"parent":400,"menu_order":15,"comment_status":"closed","ping_status":"closed","template":"","meta":[],"_links":{"self":[{"href":"https:\/\/gibaltar.cat\/index.php\/wp-json\/wp\/v2\/pages\/437"}],"collection":[{"href":"https:\/\/gibaltar.cat\/index.php\/wp-json\/wp\/v2\/pages"}],"about":[{"href":"https:\/\/gibaltar.cat\/index.php\/wp-json\/wp\/v2\/types\/page"}],"author":[{"embeddable":true,"href":"https:\/\/gibaltar.cat\/index.php\/wp-json\/wp\/v2\/users\/1"}],"replies":[{"embeddable":true,"href":"https:\/\/gibaltar.cat\/index.php\/wp-json\/wp\/v2\/comments?post=437"}],"version-history":[{"count":3,"href":"https:\/\/gibaltar.cat\/index.php\/wp-json\/wp\/v2\/pages\/437\/revisions"}],"predecessor-version":[{"id":495,"href":"https:\/\/gibaltar.cat\/index.php\/wp-json\/wp\/v2\/pages\/437\/revisions\/495"}],"up":[{"embeddable":true,"href":"https:\/\/gibaltar.cat\/index.php\/wp-json\/wp\/v2\/pages\/400"}],"wp:attachment":[{"href":"https:\/\/gibaltar.cat\/index.php\/wp-json\/wp\/v2\/media?parent=437"}],"curies":[{"name":"wp","href":"https:\/\/api.w.org\/{rel}","templated":true}]}}