{"id":439,"date":"2021-06-23T17:47:37","date_gmt":"2021-06-23T15:47:37","guid":{"rendered":"http:\/\/gibaltar.cat\/?page_id=439"},"modified":"2021-06-23T18:52:56","modified_gmt":"2021-06-23T16:52:56","slug":"capitol-15","status":"publish","type":"page","link":"https:\/\/gibaltar.cat\/index.php\/documents\/diari-de-francesc-de-casamitjana\/capitol-15\/","title":{"rendered":"Cap\u00edtol 15"},"content":{"rendered":"\n<p><strong>Cap\u00edtulo 15<\/strong><\/p>\n\n\n\n<p>Retorna la esquadra a nuestro puerto por faltarle el viento. Prosiguen los del presidio la f\u00e1brica de su mina.<\/p>\n\n\n\n<p>Ocupa el de Pont\u00ed el estrecho con su esquadra. Entra milord Dunegal con alguna gente. Disp\u00e1ranse algunas bombas en las l\u00edneas del enemigo, y este su artiller\u00eda a las brechas. Salidas de la plaza con otros susessos.<\/p>\n\n\n\n<p>Adelantan los sitiadores sus trincheras, executando los del presidio otra salida.<\/p>\n\n\n\n<p>Prosigue el enemigo sus operaciones contra la plaza, y esta las de su defensa.<\/p>\n\n\n\n<div style=\"height:100px\" aria-hidden=\"true\" class=\"wp-block-spacer\"><\/div>\n\n\n\n<p><strong>Primo<\/strong><\/p>\n\n\n\n<p><em>Retorna la esquadra a nuestro puerto continu\u00e1ndose los trabaxos de la mina y otros.<\/em><\/p>\n\n\n\n<p>La escaz\u00e9s del viento motiv\u00f3 al 29 a que nuestra flota bolviera atr\u00e1s, con que pudimos ver otra vez al vicealmirante como estava forzejando para dexar el estrecho, pero la contrariedad del viento le oblig\u00f3 al retorno de nuestra baya.<\/p>\n\n\n\n<p>Fueron echas en la plaza muchas faxinas, que se destinaron para la construcci\u00f3n de una nueva bater\u00eda que se premeditava con la cautela de ocultarla al enemigo, en tanto que se estava trabaxando en el Muelle Viejo de d\u00f3nde se le hizo siempre indezible da\u00f1o.<\/p>\n\n\n\n<p>\u00cdvanse continuando al mismo passo las obras de la mina, cuyas c\u00e1maras ya empezavan a estar con mucha perfecci\u00f3n y m\u00e1s dilatadas que de antes, trabax\u00e1ndose incessantemente a fin de tenerla conclu\u00edda quanto antes y apta para quando, y siempre, que el enemigo assaltara la plaza o la Redondela como m\u00e1s expuesta a su invasi\u00f3n.<\/p>\n\n\n\n<div style=\"height:100px\" aria-hidden=\"true\" class=\"wp-block-spacer\"><\/div>\n\n\n\n<p><strong>2\u00ba<\/strong><\/p>\n\n\n\n<p><em>Ocupa el de Point\u00ed el estrecho con su esquadra. Entra milord Dunegal con alguna gente. Disp\u00e1ranse algunas bombas en las l\u00edneas del enemigo, y este su artiller\u00eda a las brechas. Salida de la plaza.<\/em><\/p>\n\n\n\n<p>El nav\u00edo de guerra ingl\u00e9s <em>Gremuich<\/em> de setenta piezas entr\u00f3 en la baya el d\u00eda 30 por no haverlo podido executar antes con la ocasi\u00f3n de estar ocupado el estrecho de la flota enemiga, que imped\u00eda el passo. En este vaxel vino el esforzado brigadier milord Donegal con dos compa\u00f1\u00edas de soldados de aquella naci\u00f3n, y aunque penz\u00e1vamos nos podr\u00eda dar noticia del paradero que av\u00edan tenido los restantes nav\u00edos que compon\u00edan aquella esquadra, nos falt\u00f3 la esperanza porque como \u00e9l se av\u00eda separado de los dem\u00e1s, no pudo subministrarnos de ellos noticia segura, con que quedamos con el mismo cuydado que de antes.<\/p>\n\n\n\n<p>Esta noche por orden del pr\u00edncipe se le dispararon algunas bombas al enemigo des de lo alto de la monta\u00f1a, y cayendo estas en drechura sobre las l\u00edneas que a su pi\u00e9 ten\u00eda, recivi\u00f3 no peque\u00f1o da\u00f1o, de qu\u00e9 penz\u00f3 vengarse dexando de disparar su ca\u00f1\u00f3n contra las brechas azest\u00e1ndole contra los soldados que sub\u00edan y baxavan en ocasi\u00f3n de mudar las guardias de la monta\u00f1a, sirvi\u00e9ndoles de blanco para executarlo con mexor suerte el color roxo de las casacas de los soldados ingleses de la guarnizi\u00f3n, que divisavan f\u00e1zilmente den de sus \u00faltimas bater\u00edas.<\/p>\n\n\n\n<p>La falta de balas, que padez\u00edamos con alguna escaz\u00e9s, le subministr\u00f3 ocasi\u00f3n al enemigo para adelantar sus aproches, en tanto que nuestra mamposter\u00eda jugava con alguna lentitud.<\/p>\n\n\n\n<p>Una peque\u00f1a partida de los de nuestra guarnizi\u00f3n, que av\u00eda salido con toda cautela de la plaza, logr\u00f3 el hazer prisioneros a dos de las sentinelas enemigas, sin que en esta ocasi\u00f3n pudieran los sitiadores impedir el buen \u00e9xito de aquel arrojo.<\/p>\n\n\n\n<div style=\"height:100px\" aria-hidden=\"true\" class=\"wp-block-spacer\"><\/div>\n\n\n\n<p><strong>3\u00ba<\/strong><\/p>\n\n\n\n<p><em>Adelantan los sitiadores sus trincheras, executando los del presidio otra salida.<\/em><\/p>\n\n\n\n<p>Sopl\u00e1vale todav\u00eda a nuestra flota el viento poco favorable, y ass\u00ed fue poco lo que adelant\u00f3 su viage.<\/p>\n\n\n\n<p>Todo el conato del enemigo estuvo el 31 en adelantar sus trincheras, de calidad que fu\u00e9 mucho lo que trabax\u00f3 este d\u00eda su ca\u00f1\u00f3n, y no obstante que pod\u00eda rezelarse no fuesse aquello treta para dar a entender su descuydo, el pr\u00edncipe la \u00faltima hora de aquel d\u00eda, que lo fue de aquel mes y a\u00f1o, mand\u00f3 una salida para desbaratar los reparos con que el contrario se acercava a la contraescarpa. Quatro cientos hombres entraron en esta funcci\u00f3n, que a Di\u00f3s gracias se logr\u00f3 con toda aquella felizidad que se pod\u00eda desear, porque no solo fu\u00e9 rechazado el enemigo de su primera l\u00ednea con el fuego de las granadas que se le arrojaron, m\u00e1s a\u00fan lograron los gastadores que a este fin se av\u00edan deputado la ventaja de romper y quemar los cestones de la trinchera, arruynando buena parte de ella, en tanto que sostenidos de nuestros granaderos, haziendo estos frente a la cavaller\u00eda del adversario que les av\u00eda salido al encuentro. En esta briosa funcci\u00f3n perdieron los sitiados cinco soldados tan solamente, quedando heridos hasta unos 30, entre qui\u00e9nes se distinguieron un capit\u00e1n y cinco tenientes, con la ocasi\u00f3n de haver arrojado la artiller\u00eda enemiga una brava descarga sobre nuestra gente, a ti[e]mpo que se ivan alojando baxo su artiller\u00eda.<\/p>\n\n\n\n<p>De los enemigos, aunque no supimos con individuaci\u00f3n y certeza el n\u00famero de los caydos, no ay duda que fu\u00e9 igual si no mayor su p\u00e9rdida avi\u00e9ndole cogido al descuydo y sin prevenci\u00f3n.<\/p>\n\n\n\n<div style=\"height:100px\" aria-hidden=\"true\" class=\"wp-block-spacer\"><\/div>\n\n\n\n<p><strong>4<\/strong><\/p>\n\n\n\n<p><em>Prosigue el enemigo sus operaciones contra la plaza, y esta las de su defensa.<\/em><\/p>\n\n\n\n<p>Continu\u00f3 al amanezer del a\u00f1o 705 la incessante aplicaci\u00f3n de unos y otros en llevar adelante sus ideas, y si bien es verdad que el enemigo hizo este d\u00eda un moderado fuego, el pr\u00edncipe no obstante di\u00f3 la providencia de que se le a\u00f1adiera a la bater\u00eda del basti\u00f3n de San Pablo algunas piezas, como se execut\u00f3 este d\u00eda a fin de no dexarle acercar al contrario sin grande trabajo y a mucha costa.<\/p>\n\n\n\n<p>Por la noche nos entraron dos desertores que dixeron av\u00edan perdido los sitiadores en la salida del d\u00eda antecedente entre muertos y heridos hasta unos 80 hombres.<\/p>\n\n\n\n<p>Aunque el fuego del d\u00eda 2 fue igual al que se nos av\u00eda hecho el primer d\u00eda, experimentose en este mucho mayor, reduci\u00e9ndose su idea a apostarse sobre un terreno elevado al pi\u00e9 de la monta\u00f1a y no lexos de la Redondela de donde hubiera podido sin dificultad dominarla a haverla ocupado como pensava nuestro competidor, y en efecto lo hubiera logrado si nuestro ca\u00f1\u00f3n no se lo hubiera impedido, que tirando a aquel parage con tan buena suerte, no pudo salir, por m\u00e1s que lo procur\u00f3 con su intento.<\/p>\n\n\n\n<p>Este d\u00eda nos entraron dos fragatas de quareinta y quatro piezas cada una, que por orden del vicealmirante ven\u00edan para passar a \u00c1frica a diligenciarnos provisiones de boca de que tanto se necessitava en vista de la estrechez en qu\u00e9 viv\u00edamos.<\/p>\n\n\n\n<hr class=\"wp-block-separator\"\/>\n\n\n\n<p class=\"has-text-align-center\"><a href=\"https:\/\/gibaltar.cat\/index.php\/documents\/diari-de-francesc-de-casamitjana\/capitol-14\">&lt; Cap\u00edtol 14<\/a> \/ <a href=\"https:\/\/gibaltar.cat\/index.php\/documents\/diari-de-francesc-de-casamitjana\/capitol-16\">Cap\u00edtol 16 ><\/a><\/p>\n","protected":false},"excerpt":{"rendered":"<p>Cap\u00edtulo 15 Retorna la esquadra a nuestro puerto por faltarle el viento. Prosiguen los del presidio la f\u00e1brica de su mina. Ocupa el de Pont\u00ed el estrecho con su esquadra. Entra milord Dunegal con alguna gente. Disp\u00e1ranse algunas bombas en las l\u00edneas del enemigo, y este su artiller\u00eda a las brechas. Salidas de la plaza [&hellip;]<\/p>\n","protected":false},"author":1,"featured_media":0,"parent":400,"menu_order":16,"comment_status":"closed","ping_status":"closed","template":"","meta":[],"_links":{"self":[{"href":"https:\/\/gibaltar.cat\/index.php\/wp-json\/wp\/v2\/pages\/439"}],"collection":[{"href":"https:\/\/gibaltar.cat\/index.php\/wp-json\/wp\/v2\/pages"}],"about":[{"href":"https:\/\/gibaltar.cat\/index.php\/wp-json\/wp\/v2\/types\/page"}],"author":[{"embeddable":true,"href":"https:\/\/gibaltar.cat\/index.php\/wp-json\/wp\/v2\/users\/1"}],"replies":[{"embeddable":true,"href":"https:\/\/gibaltar.cat\/index.php\/wp-json\/wp\/v2\/comments?post=439"}],"version-history":[{"count":2,"href":"https:\/\/gibaltar.cat\/index.php\/wp-json\/wp\/v2\/pages\/439\/revisions"}],"predecessor-version":[{"id":480,"href":"https:\/\/gibaltar.cat\/index.php\/wp-json\/wp\/v2\/pages\/439\/revisions\/480"}],"up":[{"embeddable":true,"href":"https:\/\/gibaltar.cat\/index.php\/wp-json\/wp\/v2\/pages\/400"}],"wp:attachment":[{"href":"https:\/\/gibaltar.cat\/index.php\/wp-json\/wp\/v2\/media?parent=439"}],"curies":[{"name":"wp","href":"https:\/\/api.w.org\/{rel}","templated":true}]}}