{"id":443,"date":"2021-06-23T17:49:53","date_gmt":"2021-06-23T15:49:53","guid":{"rendered":"http:\/\/gibaltar.cat\/?page_id=443"},"modified":"2021-06-23T18:54:25","modified_gmt":"2021-06-23T16:54:25","slug":"capitol-17","status":"publish","type":"page","link":"https:\/\/gibaltar.cat\/index.php\/documents\/diari-de-francesc-de-casamitjana\/capitol-17\/","title":{"rendered":"Cap\u00edtol 17"},"content":{"rendered":"\n<p><strong>Cap\u00edtulo 17<\/strong><\/p>\n\n\n\n<p>Igual tess\u00f3n de sitiados y sitiadores en el disparo, haziendo notable da\u00f1o en los ataques las piezas del Salto del Lobo.<\/p>\n\n\n\n<p>Manda plantar el pr\u00edncipe una bater\u00eda sobre la cortina de San Pablo. Noticias por un desertor que nos vino.<\/p>\n\n\n\n<p>Experimenta notable da\u00f1o de nuestra monta\u00f1a el enemigo acerc\u00e1ndose a la contraescarpa.<\/p>\n\n\n\n<p>Atienden los de la plaza y contrario al reparo de sus obras.<\/p>\n\n\n\n<p>Acarrean piezas los sitiados a la gran bater\u00eda.<\/p>\n\n\n\n<p>Ti\u00e9nese un consexo. Trab\u00e1xase un fuerte sobre la Redondela con otros susessos.<\/p>\n\n\n\n<div style=\"height:100px\" aria-hidden=\"true\" class=\"wp-block-spacer\"><\/div>\n\n\n\n<p><strong>Primo<\/strong><\/p>\n\n\n\n<p><em>Igual tess\u00f3n de sitiados y sitiadores.<\/em><\/p>\n\n\n\n<p>Como no suzedi\u00f3 m\u00e1s novedad el d\u00eda 10 que la de haverse proseguido la expugnaci\u00f3n y defensa de entrambas partes con igual tess\u00f3n, solo dir\u00e9 lo que pass\u00f3 al enemigo con el incessante y irregular disparo de piedras que los catalanes haz\u00edan sobre sus trincheras, molest\u00e1ndole y impidi\u00e9ndole notablemente el designio de passar adelante su ataque. Fu\u00e9 el caso que apurado de todos modos de tan prolixa como penosa lluvia, dispuso para vengarse un mortero en la l\u00ednea m\u00e1s inmediata a la Redondela para retornarlos a aquellos el jornal, bien que hasta en esto fu\u00e9 tan poco feliz su destino, que no pudo recabar con el intento, de manera que rompi\u00e9ndole el mortero a los primeros tiros se vieron muchos de los suyos tendidos por tierra del continuado fuego que des de aquella eminencia reciv\u00edan.<\/p>\n\n\n\n<div style=\"height:100px\" aria-hidden=\"true\" class=\"wp-block-spacer\"><\/div>\n\n\n\n<p><strong>2\u00ba<\/strong><\/p>\n\n\n\n<p><em>Manda plantar el pr\u00edncipe una bater\u00eda sobre la cortina de San Pablo. Noticias por un desertor que nos vino.<\/em><\/p>\n\n\n\n<p>No se reconozi\u00f3 en todo el d\u00eda 11 novedad alguna en las obras del enemigo, con que pudieron los de la plaza con menos rezelo atender a la prevenci\u00f3n de otra nueva bater\u00eda que sobre la cortina de San Bernardo traz\u00f3 del pr\u00edncipe en esta ocasi\u00f3n, con la singularidad de bolver al cabo de tres meses de sitio a batir los ataques con igual n\u00famero de piezas al que ten\u00eda el enemigo contra la plaza.<\/p>\n\n\n\n<p>Por medio de un desertor oland\u00e9s supimos este d\u00eda que la mina del enemigo estava ya llena de agua, con la mucha que d\u00edas atr\u00e1s av\u00eda dado las crezidas lluvias que por aquel tiempo huvo, y aunque Villadaries como se observava des de la monta\u00f1a haz\u00eda trabaxar en desaguar sus c\u00e1maras, con todo la humedad del tiempo frustr\u00f3 enteramente el designio que el enemigo se av\u00eda propuesto con su disparo. Dixo assimismo como alentava aquel general su ex\u00e9rcito reduzido ya a corto n\u00famero con las buenas esperanzas de que quanto antes le entrar\u00edan algunos regimientos para acabar con assaltos los trabaxos de aquel sitio.<\/p>\n\n\n\n<div style=\"height:100px\" aria-hidden=\"true\" class=\"wp-block-spacer\"><\/div>\n\n\n\n<p><strong>3\u00ba<\/strong><\/p>\n\n\n\n<p><em>Experimenta notable da\u00f1o de nuestra monta\u00f1a el enemigo acerc\u00e1ndose a la contraescarpa.<\/em><\/p>\n\n\n\n<p>Las piezas que se av\u00edan puesto en la monta\u00f1a en el mencionado parage, como haz\u00edan tan notable da\u00f1o al enemigo, prosiguieron el d\u00eda 12 en ofenderle de todos modos, y fu\u00e9 tan acertada la punter\u00eda de nuestros botafuegos en este d\u00eda, que como se observ\u00f3 al tiempo que marchavan para mudar la guardia en los ataques diferentes ileras de su infanter\u00eda y cavaller\u00eda quedavan enteramente desechas.<\/p>\n\n\n\n<p>Aplic\u00e1ronse los contrarios este d\u00eda en acercarse a la contraescarpa de que ya solo distava como unos 100 passos, bien que no pudo acabar de fortificarse en aquel terreno por no permit\u00edrselo su estrechez y estar expuesta su situaci\u00f3n a todo el fuego de nuestra mamposter\u00eda. Con todo truxo un nuevo mortero a su bater\u00eda para aumentar la lluvia de piedras con que tirava al camino cubierto y contraescarpa.<\/p>\n\n\n\n<p>Con el rec\u00edproco disparo el d\u00eda 12 atendi\u00f3 cada qual al reparo de sus fortificaciones: el enemigo en remplazar las aberturas que nuestro ca\u00f1\u00f3n av\u00eda echo en su ataque, y los de la plaza en remplazar las de la Redondela por averlas maltratado nuevamente la artiller\u00eda de nuestro contrario.<\/p>\n\n\n\n<p>La bater\u00eda nueva de 3 piezas que en la cortina de San Bernardo av\u00eda plantado el pr\u00edncipe qued\u00f3 este d\u00eda puesta en toda forma.<\/p>\n\n\n\n<div style=\"height:100px\" aria-hidden=\"true\" class=\"wp-block-spacer\"><\/div>\n\n\n\n<p><strong>4<\/strong><\/p>\n\n\n\n<p><em>Acarrean piezas los sitiados a la gran bater\u00eda. Ti\u00e9nese un consexo. Trab\u00e1xase un fuerte sobre la Redondela.<\/em><\/p>\n\n\n\n<p>Acarre\u00e1ronse al 14 algunas piezas del Muelle Nueva [sic] a la Puerta de Tierra para emplearlas a la gran bater\u00eda que all\u00ed se estava formando.<\/p>\n\n\n\n<p>T\u00favose en la plaza un gran consexo para consertar la planta de quanto necessitava para su seguridad y resguardo a fin que noticiosa de todo la reyna de la Gran Breta\u00f1a expidiera los \u00f3rdenes convenientes a sus almirantes para que quanto antes la abastezieran de quanto fuere menester para su defensa.<\/p>\n\n\n\n<p>V\u00ednole al pr\u00edncipe carta de un confidente suyo, que resid\u00eda en la Corte de Madrid, en que le dec\u00eda el grande empe\u00f1o con que el de Anjou av\u00eda tomado en la rendici\u00f3n de aquella plaza, a cuyo fin resolvi\u00f3 hazer los \u00faltimos esfuerzos para salir con la demanda enviando a aquel campo para socorro de las tropas 60.000 doblones al Villadaries y 4.000 hombres poco m\u00e1s para refuerzo de su campo.<\/p>\n\n\n\n<p>Con los gritos y vozes que davan los heridos en el ataque pudimos conozer que este d\u00eda av\u00edan hecho buena suerte nuestros tiros en los que les resguardavan, cuyo fuego como fuesse moderado hizo muy poco o ning\u00fan da\u00f1o en los nuestros.<\/p>\n\n\n\n<p>Pasosse el d\u00eda 15 un sargento ingl\u00e9s de la plaza al campo enemigo, que apenas supo por su medio que sobre la cortina de San Bernardo se estava concluyendo una nueva bater\u00eda, puso toda su echura en acestar sus ca\u00f1ones contra ella, para provar la mano a derribarla lo que no pudo lograr por m\u00e1s que de d\u00eda y de noche la hiziera fuego.<\/p>\n\n\n\n<p>Sobre la Redondela se traz\u00f3 este d\u00eda otro fuerte a que se puso mano con la mira de que esta nueva defensa supliese la falta de la primera en caso que el enemigo lograse arruynarla.<\/p>\n\n\n\n<hr class=\"wp-block-separator\"\/>\n\n\n\n<p class=\"has-text-align-center\"><a href=\"https:\/\/gibaltar.cat\/index.php\/documents\/diari-de-francesc-de-casamitjana\/capitol-16\">&lt; Cap\u00edtol 16<\/a> \/ <a href=\"https:\/\/gibaltar.cat\/index.php\/documents\/diari-de-francesc-de-casamitjana\/capitol-18\">Cap\u00edtol 18 ><\/a><\/p>\n","protected":false},"excerpt":{"rendered":"<p>Cap\u00edtulo 17 Igual tess\u00f3n de sitiados y sitiadores en el disparo, haziendo notable da\u00f1o en los ataques las piezas del Salto del Lobo. Manda plantar el pr\u00edncipe una bater\u00eda sobre la cortina de San Pablo. Noticias por un desertor que nos vino. Experimenta notable da\u00f1o de nuestra monta\u00f1a el enemigo acerc\u00e1ndose a la contraescarpa. Atienden [&hellip;]<\/p>\n","protected":false},"author":1,"featured_media":0,"parent":400,"menu_order":18,"comment_status":"closed","ping_status":"closed","template":"","meta":[],"_links":{"self":[{"href":"https:\/\/gibaltar.cat\/index.php\/wp-json\/wp\/v2\/pages\/443"}],"collection":[{"href":"https:\/\/gibaltar.cat\/index.php\/wp-json\/wp\/v2\/pages"}],"about":[{"href":"https:\/\/gibaltar.cat\/index.php\/wp-json\/wp\/v2\/types\/page"}],"author":[{"embeddable":true,"href":"https:\/\/gibaltar.cat\/index.php\/wp-json\/wp\/v2\/users\/1"}],"replies":[{"embeddable":true,"href":"https:\/\/gibaltar.cat\/index.php\/wp-json\/wp\/v2\/comments?post=443"}],"version-history":[{"count":2,"href":"https:\/\/gibaltar.cat\/index.php\/wp-json\/wp\/v2\/pages\/443\/revisions"}],"predecessor-version":[{"id":482,"href":"https:\/\/gibaltar.cat\/index.php\/wp-json\/wp\/v2\/pages\/443\/revisions\/482"}],"up":[{"embeddable":true,"href":"https:\/\/gibaltar.cat\/index.php\/wp-json\/wp\/v2\/pages\/400"}],"wp:attachment":[{"href":"https:\/\/gibaltar.cat\/index.php\/wp-json\/wp\/v2\/media?parent=443"}],"curies":[{"name":"wp","href":"https:\/\/api.w.org\/{rel}","templated":true}]}}