{"id":449,"date":"2021-06-23T17:54:53","date_gmt":"2021-06-23T15:54:53","guid":{"rendered":"http:\/\/gibaltar.cat\/?page_id=449"},"modified":"2022-08-20T08:55:29","modified_gmt":"2022-08-20T06:55:29","slug":"capitol-20","status":"publish","type":"page","link":"https:\/\/gibaltar.cat\/index.php\/documents\/diari-de-francesc-de-casamitjana\/capitol-20\/","title":{"rendered":"Cap\u00edtol 20"},"content":{"rendered":"\n<p><strong>Cap\u00edtulo 20<\/strong><\/p>\n\n\n\n<p>Continua aplicaci\u00f3n de sitiados y sitiadores en la prosecuci\u00f3n de sus obras, reciviendo alg\u00fan da\u00f1o el presidio de las bombas.<\/p>\n\n\n\n<p>Avanzan franceses la Redondela. Bienlograda salida de los de la plaza.<\/p>\n\n\n\n<p>Vehemente fuego el de los enemigos, y no menos el del presidio. Aplicaci\u00f3n de los primeros en cubrirse de nuestro ca\u00f1\u00f3n, y diligencia de los otros en fortificarse. Disparo rec\u00edproco de bombas, de una y otra parte, con otros susessos. Executan los sitiadores otro fuerte avanze.<\/p>\n\n\n\n<div style=\"height:100px\" aria-hidden=\"true\" class=\"wp-block-spacer\"><\/div>\n\n\n\n<p><strong>1\u00ba<\/strong><\/p>\n\n\n\n<p><em>Continua aplicaci\u00f3n de sitiados y sitiadores en la prosecuci\u00f3n de sus obras.<\/em><\/p>\n\n\n\n<p>Principi\u00f3 el febrero continu\u00e1ndose por ambas partes la oposici\u00f3n mutua con igual fervor. Avanzavan los sitiadores sus ataques cubriendo cubri\u00e9ndoles con tres ileras de cestones, que para m\u00e1s assegurarlos profundis\u00f3 dentro de la misma t[i]erra, de calidad que el golpe de las balas apenas haz\u00eda otro que removerles alg\u00fan tanto. Los sitiados preven\u00edan cantidad de faxinas para la gran bater\u00eda, que por estar ya muy adelantada este d\u00eda, se entresacaron de los puestos menos arriesgados las piezas que en ella dev\u00edan jugar, que para tener m\u00e1s prontas se dexaron por entonces en la plaza mayor de la ciudad.<\/p>\n\n\n\n<p>Un soldado de los de la guarnizi\u00f3n entreg\u00f3 al pr\u00edncipe una carta en cifra, que sea hall\u00f3 cerca de la contraescarpa, embuelta en un pedazo de cuero y metida dentro de un peque\u00f1o ca\u00f1\u00f3n de oja de lata de los que suelen servirse los soldados para sus cargas. Decifrose con poca dificultad su contenido, bien que no pudo saberse el contexto de ella por no averlo publicado el governador comandante.<\/p>\n\n\n\n<p>En menos de 24 horas se vieron 200 bombas en el ayre, despedidas de los morteros enemigos, con que solo pudieron lograr aquel d\u00eda los sitiadores la ruina de algunas casas, que ya de antemano quedavan desamparadas.<\/p>\n\n\n\n<div style=\"height:100px\" aria-hidden=\"true\" class=\"wp-block-spacer\"><\/div>\n\n\n\n<p><strong>2\u00ba<\/strong><\/p>\n\n\n\n<p><em>Avanzan franceses la Redondela. Bien lograda salida de los de la plaza.<\/em><\/p>\n\n\n\n<p>Creiose el d\u00eda 2 que seg\u00fan las disposiciones, ideava el enemigo venir a un assalto respeto de aver tirado incessantemente con su artiller\u00eda, y de aver entrado en sus ataques mucha m\u00e1s gente de la que sol\u00eda en las travez\u00edas, que poco antes av\u00eda trabaxado, por lo que mand\u00f3 el pr\u00edncipe comandante doblar la guarnizi\u00f3n o guardia, y tener advertida toda su gente para tomar las armas al primer llamamiento y se\u00f1al que se hiziere.<\/p>\n\n\n\n<p>Continuaron las bombas, bien que solo se contaron hasta unas 100.<\/p>\n\n\n\n<p>Lo que el d\u00eda 5 se av\u00eda cre\u00eddo se vi\u00f3 practicado al 3, [sic] en que queri\u00e9ndose los franceses no s\u00e9 si por emulaci\u00f3n o si por arrogancia tomar la honrra de hazerse due\u00f1os de la Redondela sin assistencia alguna de los espa\u00f1oles, por parezerles sobradamente f\u00e1zil aquella empresa, executaron el avanze despu\u00e9s de aver disparado unos 300 ca\u00f1onazos al blanco que les serv\u00eda de intermedio a fin de echar con la fuerza de las piedras mismas, que se desgaxavan del monte con la violencia de sus tiros a los defensores de aquel puesto, que poco despu\u00e9s fue envestido por unos ochenta granaderos, que comandavan tres diferentes cabos, que a su testa les ivan con la espada en la mano mostr\u00e1ndoles el camino. Subieron los primeros, y cerrando con los que estavan apostados defendiendo el puesto, hizieron se\u00f1al a los que dev\u00edan seguirles en el avanze para que les sostuvieran en aquella ocasi\u00f3n, como lo executaron a breve rato venziendo la \u00e1spera subida que les prestava el terreno. Los delanteros aunque hizieron en todo su dever, fu\u00e9 tal el fuego que les hizieron los defensores que quedaron casi todos a la primera carga sin vida, siendo entre ellos los primeros dos de sus tres cabos, con cuyo escarmiento tubieron a bien los que sub\u00edan de refresco de bolver las espaldas y retirar con buen orden, en tanto que el tiempo les prescriv\u00eda ocasi\u00f3n.<\/p>\n\n\n\n<p>Acompa\u00f1\u00f3 este avanze una arma falza, que se nos toc\u00f3 por la parte del camino cubierto, y estacada a fin de impedir que los de la Redondela pudiesen ser socorridos por los que se hallavan en aquel puesto de guarnizi\u00f3n, por cuyo motivo reconoziendo el lugar donde estava el mayor tropel de los enemigos, se enderez\u00f3 el ca\u00f1\u00f3n azia aquella parte y se les di\u00f3 un cargo con tanto acierto que se vieron precisados a cessar del disparo con que nos ofendian, de calidad que reparando quedava la guarnizi\u00f3n en arma, y con las banderas tendidas en los puestos de defensa, se mitig\u00f3 el orgullo franc\u00e9s acabando con esto la gloriosa acci\u00f3n, que pensaron dever los de esta naci\u00f3n a su valor, no reparando en que sus compa\u00f1eros quiz\u00e1s av\u00edan reusado hasta all\u00ed entrar en la demanda rezelosos de queda tuvieran el pago que les av\u00eda merezido su atrevimiento.<\/p>\n\n\n\n<p>Aquella noche hizieron olandeses una peque\u00f1a salida sobre el ataque de los sitiadores de quienes pudieron matar algunos a poca o ninguna costa aviendo hallada su primera l\u00ednea totalmente sin defensores.<\/p>\n\n\n\n<p>La gente que en esta funcci\u00f3n perdieron los franceses, no ay duda que fu\u00e9 mucha[,] de los sitiados entre muertos y heridos no passaron de unos treinta.<\/p>\n\n\n\n<div style=\"height:100px\" aria-hidden=\"true\" class=\"wp-block-spacer\"><\/div>\n\n\n\n<p><strong>3\u00ba<\/strong><\/p>\n\n\n\n<p><em>Vehemente fuego el de los enemigos, y no menos el del presidio. Aplicaci\u00f3n de los primeros en cubrirse de nuestro ca\u00f1\u00f3n y diligencia de los otros en fortificarse. Disparo rec\u00edproco de bombas de una y otra parte.<\/em><\/p>\n\n\n\n<p>Los d\u00edas 4, 5 y 6 se prosiguieron de ambas partes con aquella rec\u00edproca competencia, que av\u00eda armado el valor de una y otra parte a influencias del grande corage con que sitiados y sitiadores anelavan para merezerse el lauro de la gloria y reputaci\u00f3n.<\/p>\n\n\n\n<p>La agua embaraz\u00f3 el d\u00eda quatro los trabaxos del ataque, y los del disparo, no aviendo excedido sus bombas al n\u00famero de 50. T\u00favose noticia este dia en la plaza de que le ivan de Barcelona al enemigo 18 piezas de batir, y en fuerza de ella se despach\u00f3 un nav\u00edo de guerra a fin de apresarlas caso que encontrara con las saet\u00edas en que ivan embarcadas.<\/p>\n\n\n\n<p>Pudo nuestro adversario el 5 trabaxar en su primera bater\u00eda alg\u00fan tanto, y hizo notable fuego con su artiller\u00eda sobre la Redondela y brecha de la eminencia, y si bien con esto pudo lograr alg\u00fan da\u00f1o en los de la plaza, no fu\u00e9 tan considerable que no le reciviera mucho mayor con el que se le correspond\u00eda a proporci\u00f3n.<\/p>\n\n\n\n<p>Mudose a hora y orden en que muntavan la guardia los del presidio, por aver observado estavan los sitiadores informados de los cabos, nombres y gente que se hallavan en la Redondela de defensa.<\/p>\n\n\n\n<p>Cont\u00e1ronse 150 bombas este d\u00eda cuya mayor parte vino a dar sobre los edificios de la ciudad en que hizieron el estrago tan grande que maltrataron muchas de sus casas, derribando sus techos y texados.<\/p>\n\n\n\n<p>\u00daltimamente el 6 se emple\u00f3 el trabaxo de sus gastadores en cubrirse con nuevos reparos baxo la Redondela, a cuyo fin levant\u00f3 una m\u00e1quina compuesta de tablas gruesas para resguardarse del fuego que des de la monta\u00f1a se le haz\u00eda, con que no logr\u00f3 m\u00e1s el enemigo que el darnos ocasi\u00f3n para hazerla pedazos den de el Muelle Viejo y cortina, que sin intermissi\u00f3n dispararon todo aquel d\u00eda para efectuarlo.<\/p>\n\n\n\n<p>Despachose de la plaza a T\u00e1nger el embiado que pocos d\u00edas antes del alcayde Al\u00ed av\u00eda remitido al pr\u00edncipe, para concertar algunos secretos negociados, que entre los dos se av\u00edan convenido.<\/p>\n\n\n\n<p>Sesenta bombas entre d\u00eda y noche nos arrojaron los sitiadores a que correspondi\u00f3 la plaza descargando a ratos sus morteros sobre sus l\u00edneas con buena y grande cantidad de piedras para inquietarles.<\/p>\n\n\n\n<div style=\"height:100px\" aria-hidden=\"true\" class=\"wp-block-spacer\"><\/div>\n\n\n\n<p><strong>4<\/strong><\/p>\n\n\n\n<p><em>Avanzan fuertemente los enemigos la brecha de la Redondela.<\/em><\/p>\n\n\n\n<p>Poco satisfechos los enemigos de su fortuna hasta aqu\u00ed, creyeron merezerse su gracia gan\u00e1ndose por la mano la ocasi\u00f3n de emprender nuevos avanzes contra los sitiados; o bien a fin de cansarles, o grangearse el timbre de venzedores. Con esta intelligencia entraron el d\u00eda siete a arrojarse a otro assalto, ni con menos valor ni con menos denuedo sobre el primitivo parage de la Redondela a qu\u00e9 se aderezava todo su encono.<\/p>\n\n\n\n<p>Hall\u00e1vase el pr\u00edncipe comandante al despuntar del d\u00eda reconoziendo, seg\u00fan costumbre, los puestos de la monta\u00f1a, y oiendo el repentino disparo de la artiller\u00eda de la plaza, se asom\u00f3 por la parte que descubr\u00eda las l\u00edneas del enemigo y visto que sub\u00edan ya sus esquadrones a assaltar la Redondela ya mencionada, di\u00f3 de rienda al cavallo y baxando a toda brida para la plaza toc\u00f3 a rebato acudiendo sin m\u00e1s al peligro para mantener el puesto a que se enderezava el primer rigor de los sitiadores. Lleg\u00f3 a \u00e9l y aviendo reparado que los defensores alg\u00fan tanto cedieron a la primera furia de su contrario, ocupada ya por \u00e9l la brecha y contraescarpa, les cort\u00f3 a los defensores enteramente la retirada, de modo que vi\u00e9ndose rodeados de todas partes y sobrepujados en fuerzas, se echaron los m\u00e1s de nuestros soldados para escapar del fuego que se les haz\u00eda, como lo consiguieron con la p\u00e9rdida de solo el capit\u00e1n ingl\u00e9s Fisli, que porfiando en la valerosa resistencia a que se av\u00eda arrestado fue echo prisionero.<\/p>\n\n\n\n<p>Pass\u00f3 con este feliz principio el enemigo hasta la bater\u00eda, que tras de la segunda brecha se av\u00eda formado con quatro grandes piezas, que se les dispararon inmediatamente a cartucho de orden del coronel Moncal, que se hallava a la saz\u00f3n defendi\u00e9ndola, y envistiendo al mismo tiempo a todo tranze a los sitiadores, logr\u00f3 el obligarles a retirar franqueando ocasi\u00f3n al coronel Rivet para recuperar el terreno, de que el enemigo se av\u00eda echo ya se\u00f1or, oblig\u00e1ndole a que nos le restituyera, sin m\u00e1s desamparando lo ganado hasta esconderse otra vez en sus l\u00edneas.<\/p>\n\n\n\n<p>No hallo t\u00e9rminos como ponderar el grande fuego que se hizo de ambas partes. Los catalanes des del Salto del Lobo con muy gruesos cantos y fusilazos, y la artiller\u00eda de la cortina y Muelle Viejo causaron notable da\u00f1o a los sitiadores, cuya p\u00e9rdida lleg\u00f3 a n\u00famero de 300 hombres entre muertos y malamente heridos, quedando prisioneros quareinta y quatro, entre quienes se distingui\u00f3 un capit\u00e1n de granaderos, dos tenientes y un alferes.<\/p>\n\n\n\n<p>Concluido este avanze pidi\u00f3 el Villadaries suspenci\u00f3n de armas para enterrar sus muertos, que se le conzedi\u00f3 por el pr\u00edncipe, que le mand\u00f3 entregar ass\u00ed los cuerpos de los difuntos com de los muy heridos. De los sitiados quedaron 18 en la demanda y 40 heridos.<\/p>\n\n\n\n<p>Seg\u00fan la deposici\u00f3n de los prisioneros se supo eran 500 los que entraron en el assalto, y entre ellos 3 compa\u00f1\u00edas de granaderos de que escaparon pocos o ningunos, a\u00f1adiendo dev\u00edan seguirles hasta 1.500 m\u00e1s para hazerles espaldas.<\/p>\n\n\n\n<p>Con 100 bombas que nos arroj\u00f3 el contrario pens\u00f3 contrapesar el da\u00f1o que se le av\u00eda echo a los suyos en la \u00faltima funcci\u00f3n, y aunque le pagaron las casas de la ciudad sufriendo mucho estrago, no le recivieron los del presidio pues no perdi\u00f3 la vida alguno de los que la defend\u00edan.<\/p>\n\n\n\n<div style=\"height:100px\" aria-hidden=\"true\" class=\"wp-block-spacer\"><\/div>\n\n\n\n<p><strong>5<\/strong><\/p>\n\n\n\n<p><em>El riguroso disparo de sitiadores opera alg\u00fan da\u00f1o a los del presidio. Pertr\u00e9chase lo maltratado de la Redondela.<\/em><\/p>\n\n\n\n<p>No cess\u00f3 nuestro adversario a vista de aquel estrago de proseguir su primera idea el d\u00eda ocho, y ass\u00ed repitiendo el fuego con igual vehemencia a unas y otras partes, logr\u00f3 de una bala quitarle al coronel Moncal una pierna, las dos al capit\u00e1n espa\u00f1ol Zizeri y herir al mismo tiempo al baron Forsiner, al capit\u00e1n Nugen y a don Diego Lorenti.<\/p>\n\n\n\n<p>Este dia se pertrech\u00f3 y restablezi\u00f3 lo maltratado de la Redondela con los nuevos reparos que el pr\u00edncipe dispuso para su defensa, a\u00f1adiendo a ellos el de restituir a su primitivo estado la l\u00ednea de comunicaci\u00f3n, que corr\u00eda des de aquel parage hasta la eminencia.<\/p>\n\n\n\n<p>Por la tarde se observ\u00f3 que el enemigo reforzava la guarnizi\u00f3n de sus ataques, y crey\u00e9ndose los de la plaza que intentara aquella noche al favor de la luna otro assalto sobre la Redondela, dispuso su presidio el pr\u00edncipe, y reparti\u00e9ndole en las obras de defensa, dexando con esto del todo assegurada la ciudad, caso que el contrario intentara alguna nueva irrupci\u00f3n az\u00eda la Redondela, que era el blanco de su encono.<\/p>\n\n\n\n<p>No sabemos si noticiosos los sitiadores de estos preparativos, dexaron de inquietarnos aquella noche. Lo cierto es que se content\u00f3 su sa\u00f1a con el disparo de unas 100 bombas, que enderez\u00f3 parte a la ruina de la ciudad y parte a los puestos de defensa a fin de cansar los que les presidiavan, con su fuego gastando lo restante del tiempo en perfizionar la nueva bater\u00eda, que av\u00eda dispuesto para 10 piezas assegur\u00e1ndola de todos lados con los cestones, que para esto se av\u00edan prevenido.<\/p>\n\n\n\n<hr class=\"wp-block-separator\"\/>\n\n\n\n<p class=\"has-text-align-center\"><a href=\"https:\/\/gibaltar.cat\/index.php\/documents\/diari-de-francesc-de-casamitjana\/capitol-19\">&lt; Cap\u00edtol 19<\/a> \/ <a href=\"https:\/\/gibaltar.cat\/index.php\/documents\/diari-de-francesc-de-casamitjana\/capitol-21\">Cap\u00edtol 21 &gt;<\/a><\/p>\n","protected":false},"excerpt":{"rendered":"<p>Cap\u00edtulo 20 Continua aplicaci\u00f3n de sitiados y sitiadores en la prosecuci\u00f3n de sus obras, reciviendo alg\u00fan da\u00f1o el presidio de las bombas. Avanzan franceses la Redondela. Bienlograda salida de los de la plaza. Vehemente fuego el de los enemigos, y no menos el del presidio. Aplicaci\u00f3n de los primeros en cubrirse de nuestro ca\u00f1\u00f3n, y [&hellip;]<\/p>\n","protected":false},"author":1,"featured_media":0,"parent":400,"menu_order":21,"comment_status":"closed","ping_status":"closed","template":"","meta":[],"_links":{"self":[{"href":"https:\/\/gibaltar.cat\/index.php\/wp-json\/wp\/v2\/pages\/449"}],"collection":[{"href":"https:\/\/gibaltar.cat\/index.php\/wp-json\/wp\/v2\/pages"}],"about":[{"href":"https:\/\/gibaltar.cat\/index.php\/wp-json\/wp\/v2\/types\/page"}],"author":[{"embeddable":true,"href":"https:\/\/gibaltar.cat\/index.php\/wp-json\/wp\/v2\/users\/1"}],"replies":[{"embeddable":true,"href":"https:\/\/gibaltar.cat\/index.php\/wp-json\/wp\/v2\/comments?post=449"}],"version-history":[{"count":4,"href":"https:\/\/gibaltar.cat\/index.php\/wp-json\/wp\/v2\/pages\/449\/revisions"}],"predecessor-version":[{"id":1060,"href":"https:\/\/gibaltar.cat\/index.php\/wp-json\/wp\/v2\/pages\/449\/revisions\/1060"}],"up":[{"embeddable":true,"href":"https:\/\/gibaltar.cat\/index.php\/wp-json\/wp\/v2\/pages\/400"}],"wp:attachment":[{"href":"https:\/\/gibaltar.cat\/index.php\/wp-json\/wp\/v2\/media?parent=449"}],"curies":[{"name":"wp","href":"https:\/\/api.w.org\/{rel}","templated":true}]}}