{"id":451,"date":"2021-06-23T18:04:01","date_gmt":"2021-06-23T16:04:01","guid":{"rendered":"http:\/\/gibaltar.cat\/?page_id=451"},"modified":"2021-06-23T19:01:14","modified_gmt":"2021-06-23T17:01:14","slug":"capitol-21","status":"publish","type":"page","link":"https:\/\/gibaltar.cat\/index.php\/documents\/diari-de-francesc-de-casamitjana\/capitol-21\/","title":{"rendered":"Cap\u00edtol 21"},"content":{"rendered":"\n<p><strong>Cap\u00edtulo 21<\/strong><\/p>\n\n\n\n<p>L\u00f3granse avisos de no retardar su retorno la flota de los aliados. Prosiguiose igual el fuego de la plaza y sitiadores a\u00f1adiendo estos el disparo de algunas bombas.<\/p>\n\n\n\n<p>Repara el enemigo la nueva bater\u00eda, que ten\u00eda al pi\u00e9 de la Redondela arroj\u00e1ndonos algunas bombas.<\/p>\n\n\n\n<p>La continua lluvia embaraza a los sitiadores la prosecuci\u00f3n de sus obras, dirigiendo todo su disparo a la cortina y Redondela.<\/p>\n\n\n\n<p>Prosigue el presidio la f\u00e1brica de la real bater\u00eda, y el contrario su vehemente fuego contra la nuestra, a cuyo reparo se atiende, con otros susessos.<\/p>\n\n\n\n<div style=\"height:100px\" aria-hidden=\"true\" class=\"wp-block-spacer\"><\/div>\n\n\n\n<p><strong>1\u00ba<\/strong><\/p>\n\n\n\n<p><em>L\u00f3granse avisos de no retardar la flota de los aliados.<\/em><\/p>\n\n\n\n<p>Llegaron dos fragatas inglesas de Lisboa el d\u00eda 9 con orden de proseguir su derrota hasta Nissa de Proenza, y dixeron de passo como en breve se restituir\u00eda a nuestra baya la flota inglesa.<\/p>\n\n\n\n<p>El acostumbrado fuego de una y otra parte continu\u00f3 con poca diferenxia, como hasta all\u00ed, y aunque parezi\u00f3 impossible se pudieran adelantar los trabaxos a vista de la porf\u00eda enemiga en inquietar nuestros gastadores con toda la brava y arrojada diligencia de ellos pudo proseguir en su tarea.<\/p>\n\n\n\n<p>Por la tarde di\u00f3 el enemigo la se\u00f1al de querer parlamentar con alguno de los cabos que se hallavan de guardia en la Redondela, y haviendo uno de ellos obtenido la lizencia, baxando a proporcionada distancia del ataque, se le entreg\u00f3 una carta del capit\u00e1n prisionero poni\u00e9ndole al mismo tiempo en sus manos de los contrarios diferentes pliegos que a la saz\u00f3n hav\u00edan escrito los prisioneros franceses de la plaza.<\/p>\n\n\n\n<p>Con 60 bombas, que fueron las que se nos arrojaron, bati\u00f3 nuestro contrario parte de los edificios vezinos a la gran bater\u00eda de la cortina, bien que con poco o ning\u00fan da\u00f1o de los que la defend\u00edan.<\/p>\n\n\n\n<div style=\"height:100px\" aria-hidden=\"true\" class=\"wp-block-spacer\"><\/div>\n\n\n\n<p><strong>2\u00ba<\/strong><\/p>\n\n\n\n<p><em>Repara el enemigo la nueva bater\u00eda que tiene al pi\u00e9 de la Redondela arroj\u00e1ndonos algunas bombas.<\/em><\/p>\n\n\n\n<p>En una barca el d\u00eda 10 envi\u00f3 el pr\u00edncipe al capit\u00e1n de granaderos y teniente que se hallavan presos del d\u00eda siete, para el cange del capit\u00e1n Fisli al campo del enemigo, que en este tiempo av\u00eda batido otra llamada por parte de la Redondela a fin de entregar, como lo hizo, alg\u00fan dinero y ropa para los prisioneros que nos quedavan, y aunque se mand\u00f3 recivir por aquella vez, se les advirti\u00f3 a aquellos que no se les dar\u00eda m\u00e1s o\u00eddo en aquel parage en adelante, y ass\u00ed caso que tuviessen algo que proponer acudiessen por mar en la forma acostumbrada junto al Muelle Nuevo, que all\u00ed se les dar\u00edan las respuestas conforme dictara la constituci\u00f3n de las cosas.<\/p>\n\n\n\n<p>Vino a poco rato despu\u00e9s el capit\u00e1n, quien dixo le av\u00edan tratado Villadaries con mucha cortes\u00eda y el de Tess\u00e9 con agasajo, que av\u00eda o\u00eddo acabavan de llegar poco antes de su venida al campo enemigo 3.000 franceses destacados de la frontera de Portugal para su refuerzo.<\/p>\n\n\n\n<p>Enderezose este d\u00eda toda la aplicaci\u00f3n de los contrarios en adelantar los reparos en la bater\u00eda nueva, que ten\u00edan ya formada al pi\u00e9 de la Redondela, y si bien no hizo su ca\u00f1\u00f3n tanto fuego como los d\u00edas antecendentes, no por esso dexaron de arrojarnos de sus morteros como unas 60 bombas.<\/p>\n\n\n\n<div style=\"height:100px\" aria-hidden=\"true\" class=\"wp-block-spacer\"><\/div>\n\n\n\n<p><strong>3\u00ba<\/strong><\/p>\n\n\n\n<p><em>La continua lluvia embaraza a los sitiadores la prosecuci\u00f3n de sus obras, dirigiendo todo su disparo a la cortina y Redondela.<\/em><\/p>\n\n\n\n<p>La lluvia que cay\u00f3 a los 11 embaraz\u00f3 totalmente al enemigo el que pudiera en todo este d\u00eda emprender cosa de monta contra la plaza, a cuya baya se restituy\u00f3 el nav\u00edo de guerra, que poco antes se av\u00eda despachado a caza de las tartanas que av\u00edan de conduzir a los sitiadores ciertas piezas de batir de Barcelona, como se dixo arriba.<\/p>\n\n\n\n<p>Por la noche suzedi\u00f3 la desgracia de aver ca\u00eddo la puerta que de la ciudad franqueava el passo a la Redondela en fuerza de haver quedado sus paredes antemano muy maltratadas del ca\u00f1\u00f3n enemigo, de cuya ruina quedaron muertos unos 15 ingleses y heridos otros, que acaso se av\u00edan recogido de la lluvia en aquel sotoportal que formava.<\/p>\n\n\n\n<p>Conozieron lossitiados el 12 que la mina de los sitiadores se av\u00eda totalmente undido a causa de las muchas aguas que aquellos d\u00edas av\u00edan humedecido su hueco, arraneando las tablas y palos que sustentavan la b\u00f3veda.<\/p>\n\n\n\n<p>Su artiller\u00eda jug\u00f3 todo este d\u00eda contra la cortina y Redondela no obstante la lluvia que en aquella ocurrencia descargava embarazando a los sitiados la continuaci\u00f3n de sus trabajos, y a los sitiadores la de sus trincheras, de calidad que solo nos pudieron ofender este d\u00eda con 25 bombas.<\/p>\n\n\n\n<div style=\"height:100px\" aria-hidden=\"true\" class=\"wp-block-spacer\"><\/div>\n\n\n\n<p><strong>4\u00ba<\/strong><\/p>\n\n\n\n<p><em>Prosigue el presidio la f\u00e1brica de la real bater\u00eda y el contrario su vehemente fuego contra la nuestra a cuyo reparo se atiende.<\/em><\/p>\n\n\n\n<p>No pass\u00f3 cosa notable por una ni otra parte en los d\u00edas 13 y 14. El enemigo aunque hizo algun disparo no fu\u00e9 bastante para impedir la prosecuci\u00f3n de la gran bater\u00eda de la cortina. Dos nav\u00edos venecianos nos llegaron por este tiempo. Tir\u00f3 30 bombas el d\u00eda 13 contra la plaza la bater\u00eda de morteros con que nos ofend\u00eda, en ocasi\u00f3n que se hallava ocupado en desaguar sus trincheras padezi\u00f3 al catorze mucho trabaxo para mantenerse en ellas, y si bien no le dava lugar, lo lluvioso de la estaci\u00f3n para adelantar los intentos, que llevava, no por esso dex\u00f3 el d\u00eda 15 de molestarnos con el continuado disparo de sus bater\u00edas a cuyo reparo atend\u00edan incansables los sitiados, con singularidad en la brecha que quedava en la l\u00ednea superior de la Redondela, trabaxando en hazer m\u00e1s alto y m\u00e1s fuerte su parapeto para cubrir mexor a los que le defend\u00edan del fuego, que el enemigo en sus avanze pod\u00eda hazerles.<\/p>\n\n\n\n<p>Habrieron los sitiadores el d\u00eda 16 otra l\u00ednea al trav\u00e9s baxo de la Redondela, a fin de resguardar con el fuego de su mamposter\u00eda las espaldas de los que subiesen a su assalto.<\/p>\n\n\n\n<p>Los nav\u00edos de guerra ingleses <em>Revock<\/em> y <em>Leopart<\/em> llegaron de Lisboa, y con ellos quatro compa\u00f1\u00edas, que faltavan todav\u00eda del batall\u00f3n oland\u00e9s, llevando considerable cantidad de municiones de que ya padez\u00eda la plaza tanta falta, que se escaseavan los tiros de artiller\u00eda por no consumir la munici\u00f3n, que en caso de alg\u00fan assalto era menester para rechazar al enemigo, cuyas bombas no passaron de 12 las que nos arroj\u00f3.<\/p>\n\n\n\n<p>Prosigu\u00edase la gran bater\u00eda, y ass\u00ed al 17 pusieron toda aplicaci\u00f3n los sitiados para concluir sus plataformas y parapetos destin\u00e1ndose a este fin cien hombres para las faxinas en ocasi\u00f3n que el enemigo estava entretenido en fortificar su nueva l\u00ednea en que se le procur\u00f3 incomodar den del Muelle Viejo: ocho bombas tan solamente nos echaron este d\u00eda, quiz\u00e1s le ivan ya faltando a nuestro contrario.<\/p>\n\n\n\n<hr class=\"wp-block-separator\"\/>\n\n\n\n<p class=\"has-text-align-center\"><a href=\"https:\/\/gibaltar.cat\/index.php\/documents\/diari-de-francesc-de-casamitjana\/capitol-20\">&lt; Cap\u00edtol 20<\/a> \/ <a href=\"https:\/\/gibaltar.cat\/index.php\/documents\/diari-de-francesc-de-casamitjana\/capitol-21-bis\/\">Cap\u00edtol 21 [bis] ><\/a><\/p>\n","protected":false},"excerpt":{"rendered":"<p>Cap\u00edtulo 21 L\u00f3granse avisos de no retardar su retorno la flota de los aliados. Prosiguiose igual el fuego de la plaza y sitiadores a\u00f1adiendo estos el disparo de algunas bombas. Repara el enemigo la nueva bater\u00eda, que ten\u00eda al pi\u00e9 de la Redondela arroj\u00e1ndonos algunas bombas. La continua lluvia embaraza a los sitiadores la prosecuci\u00f3n [&hellip;]<\/p>\n","protected":false},"author":1,"featured_media":0,"parent":400,"menu_order":22,"comment_status":"closed","ping_status":"closed","template":"","meta":[],"_links":{"self":[{"href":"https:\/\/gibaltar.cat\/index.php\/wp-json\/wp\/v2\/pages\/451"}],"collection":[{"href":"https:\/\/gibaltar.cat\/index.php\/wp-json\/wp\/v2\/pages"}],"about":[{"href":"https:\/\/gibaltar.cat\/index.php\/wp-json\/wp\/v2\/types\/page"}],"author":[{"embeddable":true,"href":"https:\/\/gibaltar.cat\/index.php\/wp-json\/wp\/v2\/users\/1"}],"replies":[{"embeddable":true,"href":"https:\/\/gibaltar.cat\/index.php\/wp-json\/wp\/v2\/comments?post=451"}],"version-history":[{"count":4,"href":"https:\/\/gibaltar.cat\/index.php\/wp-json\/wp\/v2\/pages\/451\/revisions"}],"predecessor-version":[{"id":491,"href":"https:\/\/gibaltar.cat\/index.php\/wp-json\/wp\/v2\/pages\/451\/revisions\/491"}],"up":[{"embeddable":true,"href":"https:\/\/gibaltar.cat\/index.php\/wp-json\/wp\/v2\/pages\/400"}],"wp:attachment":[{"href":"https:\/\/gibaltar.cat\/index.php\/wp-json\/wp\/v2\/media?parent=451"}],"curies":[{"name":"wp","href":"https:\/\/api.w.org\/{rel}","templated":true}]}}