{"id":512,"date":"2021-06-28T13:43:01","date_gmt":"2021-06-28T11:43:01","guid":{"rendered":"http:\/\/gibaltar.cat\/?page_id=512"},"modified":"2022-08-20T08:57:17","modified_gmt":"2022-08-20T06:57:17","slug":"capitol-27","status":"publish","type":"page","link":"https:\/\/gibaltar.cat\/index.php\/documents\/diari-de-francesc-de-casamitjana\/capitol-27\/","title":{"rendered":"Cap\u00edtol 27"},"content":{"rendered":"\n<p><strong>Cap\u00edtulo 27<\/strong><\/p>\n\n\n\n<p>No le franquea entrada al puerto a nuestra flota el contrario viento. Noticias por un nav\u00edo que nos entr\u00f3. Contin\u00faan el disparo los de la plaza siendo poco el de su contrario, que retira algunos morteros de sus bater\u00edas.<\/p>\n\n\n\n<p>D\u00e9xase ver nuestra esquadra, entra a la bah\u00eda y aferra. Cumplimentan al pr\u00edncipe sus cabos sin retardo.<\/p>\n\n\n\n<p>Buelve la visita nuestro comandante al vicealmirante. Quema el enemigo gran parte de sus ataques, retirando los ca\u00f1ones a un tiempo.<\/p>\n\n\n\n<p>Retorna la flota a Lisboa despedido el pr\u00edncipe de su vicealmirante. Juegan muy bien nuestras piezas y morteros, prosiguiendo el contrario en sacar piezas.<\/p>\n\n\n\n<div style=\"height:100px\" aria-hidden=\"true\" class=\"wp-block-spacer\"><\/div>\n\n\n\n<p><strong>1\u00ba<\/strong><\/p>\n\n\n\n<p><em>No le franquea entrada a nuestro puerto el contrario viento a la flota.<\/em><\/p>\n\n\n\n<p>Aunque aclar\u00f3 del todo el tiempo el d\u00eda 3, la contrariedad del viento que todav\u00eda insist\u00eda no di\u00f3 lugar a la armada para tomar puerto, cuya buelta deseavan tanto los sitiados quanto m\u00e1s les parezi\u00f3 buena aquella coyuntura para echar al enemigo del contorno de la plaza acometi\u00e9ndole de una por mar y tierra a fin de apoderarse de su artiller\u00eda si fuesse possible, antes que tuviessen lugar para ponerla en salvo.<\/p>\n\n\n\n<p>Un nav\u00edo nos entr\u00f3 este d\u00eda, que dixo se av\u00edan descubierto veinte y quatro del enemigo no lexos de Almer\u00eda, entre qui\u00e9nes los 12 parez\u00edan de guerra. Esta noticia di\u00f3 motivo a los siete que quedavan en nuestra bah\u00eda ya ancorados para hazerse a la vela y unirse con el gruezo de nuestra armada a fin de echarse sobre ellos y darles caza hasta haverles a las manos.<\/p>\n\n\n\n<p>Eran ya las quatro quando un atambor, que av\u00eda enviado al pr\u00edncipe el general de Tess\u00e9, le pidi\u00f3 otra vez en nombre de este Mr. la lista de los oficiales y soldados que quedaron prisioneros en el nav\u00edo <em>Arrogante<\/em>, a que condecendiendo el pr\u00edncipe con grandes demostraciones de reconozimiento y agasajo, fu\u00e9 pi\u00e9 para que el embiado le explicara los desabrimientos que corr\u00edan en el campo entre franceses y espa\u00f1oles, de que se alegraron mucho los sitiados, creyendo ser esto designio que les destinava la Providencia a estos para que habriesen los ojos y reconoziesen la buena voluntad de aquellos.<\/p>\n\n\n\n<p>De la plaza se le dispar\u00f3 razonablemente al enemigo, respondiendo este con solos algunos tiros de ca\u00f1\u00f3n, que hizieron poco o ning\u00fan da\u00f1o.<\/p>\n\n\n\n<p>No suzedi\u00f3 cosa alguna de notar el d\u00eda 5 y 6. Fu\u00e9 templado el tiempo y poniente el viento. El disparo muy poco, tirando solo una vez que otra los sitiadores, sobre que el de la plaza le estimulava con tanta o mayor fuerza de lo que lo av\u00eda echo hasta all\u00ed.<\/p>\n\n\n\n<p>Observose el d\u00eda 6 que solo quedavan en las trincheras dos morteros, aviendo retirado los dem\u00e1s con el dissimulo de dispararnos algunas bombas, con que pens\u00f3 deslumbrarnos por entonces.<\/p>\n\n\n\n<p>Otro atambor entr\u00f3 a la plaza el d\u00eda siete con dinero y vestidos para los que quedavan nuevamente prisioneros, en cuya atenci\u00f3n quiso saber de el pr\u00edncipe si eran estos de su dependencia o si eran de la del vicealmirante de la flota a que satisfizo con la respuesta, que conven\u00eda, hazi\u00e9ndole saber era lo que se le preguntava cosa absolutamente dependiente de dicho vicealmirante.<\/p>\n\n\n\n<p>Dos franceses que se passaron el d\u00eda ocho dieron la noticia de que balones no gozavan ya de la prerrogativa de guardias del de Anjou por lo mucho que av\u00edan desertado durante el sitio, de calidad que quedavan solo en el campo unos quatro cientos, haviendo sido mil y trescientos los que vinieron a \u00e9l para principiar el sitio. Dixeron tambi\u00e9n como el Gran Luis le av\u00eda ofrezido a su nieto nuevamente que vendr\u00edan a concluir aquella expedici\u00f3n 30 galeras y 50 nav\u00edos. Solo nos dispar\u00f3 15 bombas el botafuego de los contrarios, quienes para desmentir mexor la idea en que estavan de desistir, tiraron mucho todo el d\u00eda 9 con 15 piezas sobre la cortina y bater\u00eda superior del castillo a que satisfizo la plaza con un fuerte y generoso disparo de toda su artiller\u00eda, que le hizo mucho y considerable da\u00f1o en el ataque y aproches que av\u00eda de antemano reforzado con gabiones como se dixo arriba.<\/p>\n\n\n\n<p>Diez lanchas inglesas acometieron unos barcos espa\u00f1oles que le quedavan al enemigo a la boca de uno de los dos r\u00edos, y si bien es verdad que hizieron su dever en la resistencia, quedaron por nuestros los contrarios, y con ellos una bater\u00eda de las que el enemigo iva ya retirando de sus trincheras, cuyo fuego fu\u00e9 interpolado con algunas bien que pocas bombas a que correspondi\u00f3 la plaza con igualdad.<\/p>\n\n\n\n<div style=\"height:100px\" aria-hidden=\"true\" class=\"wp-block-spacer\"><\/div>\n\n\n\n<p><strong>2\u00ba<\/strong><\/p>\n\n\n\n<p><em>D\u00e9xase ver nuestra esquadra, entra a la bah\u00eda y aferra. Cumplimentan al pr\u00edncipe sus cabos sin retardo.<\/em><\/p>\n\n\n\n<p>Al rayar del d\u00eda 10 otra vez se dex\u00f3 ver la armada viradas las proas azia nuestra bah\u00eda.<\/p>\n\n\n\n<p>Del Muelle Nuevo mand\u00f3 el pr\u00edncipe sacar quatro morteros, que se aplicaron a la bater\u00eda real a fin de remplazar los que quedavan maltratados del antecedente disparo.<\/p>\n\n\n\n<p>Como era poco el levante, no pudo todav\u00eda el onze entrar la armada para aferrar en la bah\u00eda hasta las dos de la tarde, en que di\u00f3 fondo al triplicado estruendo con que la salud\u00f3 la plaza con toda su artiller\u00eda y morteros, de que recivi\u00f3 notable da\u00f1o el enemigo, de calidad que aviendo bolado a algunos artilleros, desampararon los dem\u00e1s las bater\u00edas, en que no se contavan ya m\u00e1s que doze piezas.<\/p>\n\n\n\n<p>Por la tarde vinieron a cumplimentar al pr\u00edncipe muchos de los cabos de aquella flota, hazi\u00e9ndolo igualmente por su parte con el enviado de Inglaterra don Pablo Mathuen, con qui\u00e9n poco despu\u00e9s con la ocasi\u00f3n de averse desembarcado se confiri\u00f3 para tratar del estado, disposiciones y medidas que m\u00e1s conduz\u00edan para la conservaci\u00f3n de la plaza, a que solo enderez\u00f3 el enemigo oy diez y ocho bombas.<\/p>\n\n\n\n<p>El comandante portugu\u00e9s assistido de los cabos de su esquadra vino tambi\u00e9n a visitarle y a ofrezerle al pr\u00edncipe todo lo que conviniere en defensa de la plaza en nombre de su rey.<\/p>\n\n\n\n<div style=\"height:100px\" aria-hidden=\"true\" class=\"wp-block-spacer\"><\/div>\n\n\n\n<p><strong>3\u00ba<\/strong><\/p>\n\n\n\n<p><em>Buelve la visita nuestro comandante al vicealmirante. Quema el enemigo gran parte de sus ataques, retirando los ca\u00f1ones a un tiempo.<\/em><\/p>\n\n\n\n<p>El d\u00eda siguiente fu\u00e9 a bordo el pr\u00edncipe para bolverle la visita al vicealmirante Leack, qui\u00e9n le recivi\u00f3 con el aprecio y estimaci\u00f3n que merez\u00eda aquel h\u00e9roe.<\/p>\n\n\n\n<p>La plaza hizo m\u00e1s que mediano fuego, que retorn\u00f3 el enemigo con el disparo de 32 bombas y algunos ca\u00f1onazos.<\/p>\n\n\n\n<p>Por la tarde vimos los de la plaza como quemavan gran parte de sus ataques los sitiadores, con que conxeturamos la retirada, que se dec\u00eda, y confirm\u00f3 aquella misma noche el aver sacado dos piezas de las 12 que quedavan puestas en la segunda bater\u00eda, en que como se not\u00f3 el d\u00eda 13 quedavan solos ya 6 ca\u00f1ones.<\/p>\n\n\n\n<p>Despachose el d\u00eda 14 una fragata con pliegos para el Faro. El enemigo sac\u00f3 de su segunda bater\u00eda las piezas que del d\u00eda antecedente av\u00edan all\u00ed quedado, y ass\u00ed solo con quatro que av\u00eda m\u00e1s atr\u00e1s hizo fuego este d\u00eda contra el castillo, logrando desmontar un ca\u00f1\u00f3n de los que all\u00ed se av\u00edan plantado.<\/p>\n\n\n\n<p>El de la plaza fu\u00e9 muy poco en raz\u00f3n de no descubrir enemigo alguno contra que asestar. Vino un desertor, que dixo quedava asombrado el enemigo con las repetidas p\u00e9rdidas que av\u00eda echo durante aquel sitio.<\/p>\n\n\n\n<p>El pr\u00edncipe pass\u00f3 a los 15 a bordo para despedirse de los almirantes a causa de hallarse estos de partida para Lisboa. Honrr\u00e1ronle como se merez\u00eda, disparando muchos tiros de ca\u00f1\u00f3n al embarcarse para restituirse a la plaza, en que entr\u00f3 lo restante de la gente del socorro, que hasta all\u00ed todav\u00eda quedava embarcado.<\/p>\n\n\n\n<p>Una pieza del Muelle Nuevo se subi\u00f3 al monte para plantarla en el mismo puesto en que el d\u00eda antecedente av\u00eda sido desmontada la que ha poco se dixo.<\/p>\n\n\n\n<p>Trat\u00f3 Tess\u00e9 del cange de los prisioneros franceses este d\u00eda, restituy\u00e9ndole la mayor parte de los que le ten\u00edamos.<\/p>\n\n\n\n<p>Solas ocho piezas le quedavan sobre el ataque al enemigo, y si bien hizo con ellas alg\u00fan fuego fu\u00e9 de ninguna o poca consequencia, porque estavan plantadas en un puesto muy distante de la plaza, que por esta misma raz\u00f3n, di\u00f3 muy poco que trabaxar a sus ca\u00f1ones.<\/p>\n\n\n\n<div style=\"height:100px\" aria-hidden=\"true\" class=\"wp-block-spacer\"><\/div>\n\n\n\n<p><strong>4\u00ba<\/strong><\/p>\n\n\n\n<p><em>Retorna la flota a Lisboa despedido el pr\u00edncipe de su vicealmirante. Juegan muy bien nuestros morteros, prosiguiendo el contrario en sacar piezas.<\/em><\/p>\n\n\n\n<p>Parti\u00f3 la armada al siguiente d\u00eda para restituirse a Lisboa, dex\u00e1ndonos solamente en el Muelle Nuevo una fragata de conserva. Cinco nav\u00edos de guerra se adelantaron a los dem\u00e1s para embarcar en Lagos un regimiento de infanter\u00eda portuguesa y transportarle a nuestra bah\u00eda caso que fuesse menester para la defensa de la plaza.<\/p>\n\n\n\n<p>Con ocasi\u00f3n de averse a\u00f1adido siete morteros m\u00e1s tras la gran bater\u00eda de los sitiados, se hizieron algunos tiros para prueba, que asest\u00e1ndolos un artillero ingl\u00e9s, se vi\u00f3 su destreza alcanzando aquellos una extraordinaria distancia.<\/p>\n\n\n\n<p>El enemigo qued\u00f3 ocupado en sacar las bigas y balas de su segunda bater\u00eda, cuyos ca\u00f1ones iva tambi\u00e9n embarcando al mismo tiempo en fustas peque\u00f1as para trasbalzarlas a otros mayores, que todav\u00eda all\u00ed le quedavan en la misma boca de los dos r\u00edos.<\/p>\n\n\n\n<p>Jug\u00f3 muy bien el 17 una y otra artiller\u00eda, y sin m\u00e1s novedad se pass\u00f3 todo aquel d\u00eda de entrambas partes.<\/p>\n\n\n\n<hr class=\"wp-block-separator\"\/>\n\n\n\n<p class=\"has-text-align-center\"><a href=\"http:\/\/gibaltar.cat\/index.php\/documents\/diari-de-francesc-de-casamitjana\/capitol-26\">&lt; Cap\u00edtol 26<\/a> \/ <a href=\"http:\/\/gibaltar.cat\/index.php\/documents\/diari-de-francesc-de-casamitjana\/capitol-28\">Cap\u00edtol 28 &gt;<\/a><\/p>\n","protected":false},"excerpt":{"rendered":"<p>Cap\u00edtulo 27 No le franquea entrada al puerto a nuestra flota el contrario viento. Noticias por un nav\u00edo que nos entr\u00f3. Contin\u00faan el disparo los de la plaza siendo poco el de su contrario, que retira algunos morteros de sus bater\u00edas. D\u00e9xase ver nuestra esquadra, entra a la bah\u00eda y aferra. Cumplimentan al pr\u00edncipe sus [&hellip;]<\/p>\n","protected":false},"author":1,"featured_media":0,"parent":400,"menu_order":29,"comment_status":"closed","ping_status":"closed","template":"","meta":[],"_links":{"self":[{"href":"https:\/\/gibaltar.cat\/index.php\/wp-json\/wp\/v2\/pages\/512"}],"collection":[{"href":"https:\/\/gibaltar.cat\/index.php\/wp-json\/wp\/v2\/pages"}],"about":[{"href":"https:\/\/gibaltar.cat\/index.php\/wp-json\/wp\/v2\/types\/page"}],"author":[{"embeddable":true,"href":"https:\/\/gibaltar.cat\/index.php\/wp-json\/wp\/v2\/users\/1"}],"replies":[{"embeddable":true,"href":"https:\/\/gibaltar.cat\/index.php\/wp-json\/wp\/v2\/comments?post=512"}],"version-history":[{"count":3,"href":"https:\/\/gibaltar.cat\/index.php\/wp-json\/wp\/v2\/pages\/512\/revisions"}],"predecessor-version":[{"id":1063,"href":"https:\/\/gibaltar.cat\/index.php\/wp-json\/wp\/v2\/pages\/512\/revisions\/1063"}],"up":[{"embeddable":true,"href":"https:\/\/gibaltar.cat\/index.php\/wp-json\/wp\/v2\/pages\/400"}],"wp:attachment":[{"href":"https:\/\/gibaltar.cat\/index.php\/wp-json\/wp\/v2\/media?parent=512"}],"curies":[{"name":"wp","href":"https:\/\/api.w.org\/{rel}","templated":true}]}}