{"id":517,"date":"2021-06-28T13:46:02","date_gmt":"2021-06-28T11:46:02","guid":{"rendered":"http:\/\/gibaltar.cat\/?page_id=517"},"modified":"2021-06-28T13:46:27","modified_gmt":"2021-06-28T11:46:27","slug":"capitol-29","status":"publish","type":"page","link":"https:\/\/gibaltar.cat\/index.php\/documents\/diari-de-francesc-de-casamitjana\/capitol-29\/","title":{"rendered":"Cap\u00edtol 29"},"content":{"rendered":"\n<p><strong>Cap\u00edtulo 29<\/strong><\/p>\n\n\n\n<p>No se divisa ya tienda alguna en los reales del enemigo. Manda el pr\u00edncipe poner en libertad a 30 prisioneros. Quedan del todo despejados los ataques, y aplicaci\u00f3n en quemarles, oblig\u00e1ndoles a retrozeder el ca\u00f1\u00f3n de la plaza de la empresa.<\/p>\n\n\n\n<p>Desamparan del todo los contrarios m\u00e1s l\u00edneas y dem\u00e1s obras. Noticias por un desertor. Salida de voluntarios y acometimiento que hizieron a su adversario algo lexos de la plaza.<\/p>\n\n\n\n<p>Trata milord Dunegal con Villadaries las dependencias de prisioneros, escrivi\u00e9ndole a este el pr\u00edncipe por los espa\u00f1oles que le ten\u00eda con otros susessos.<\/p>\n\n\n\n<div style=\"height:100px\" aria-hidden=\"true\" class=\"wp-block-spacer\"><\/div>\n\n\n\n<p><strong>1\u00ba<\/strong><\/p>\n\n\n\n<p><em>No se divisa ya tienda alguna en los reales del enemigo.<\/em><\/p>\n\n\n\n<p>Apenas al 28 se divisaron tiendas algunas en el real de los enemigos, y ass\u00ed fu\u00e9 evidente lo que dixeron los prisioneros de hallarse en marcha sus tropas. Un cuerpo de franceses, que llegava al n\u00famero de 2.000 hombres, quedava apostado en el parage donde se av\u00eda alojado antes a distancia de hora y media de la ciudad, guarneziendo los dem\u00e1s puestos de aquella circunferencia algunas aunque bien pocas mangas de espa\u00f1oles.<\/p>\n\n\n\n<p>Este d\u00eda di\u00f3 el pr\u00edncipe libertad a los 3 soldados que poco antes se av\u00edan echo prisioneros hazi\u00e9ndoles salir por la Puerta de Tierra, para que con mayor comodidad se bolviesen a sus casas.<\/p>\n\n\n\n<p>Las l\u00edneas delanteras a nuestra plaza quedaron este d\u00eda del todo desamparadas de sus enemigos, que para ofenderla av\u00edan tirado.<\/p>\n\n\n\n<p>Las 3 solas piezas que les av\u00edan quedado a los sitiadores en la \u00faltima de sus bater\u00edas, fueron al 29 sacadas de el puesto que ocupavan, no siendo m\u00e1s de 200 hombres los que quedavan de guarnizi\u00f3n sobre aquel ataque, en que hizo nuestro ca\u00f1\u00f3n a algunos que menos cautos ofrez\u00edan todo el blanco de sus personas a nuestros tiros mucho da\u00f1o, no reparando a ponerse a cuerpo descubierto expuestos a nuestro fuego.<\/p>\n\n\n\n<p>Por la noche deste d\u00eda lograron los barcos menores o gavarras de los espa\u00f1oles, que se dixo arriba, salir de la bah\u00eda favorezidos del viento y sin oposici\u00f3n de los nuestros para los puertos de C\u00e1diz y M\u00e1laga en donde enderezavan su derrota.<\/p>\n\n\n\n<p>El d\u00eda 30 no huvo m\u00e1s novedad que la de aver algunos barcos de aquellas vezindades rezi\u00e9n venidos a la bah\u00eda cargado con las restas de lo que al enemigo le quedava en su campo.<\/p>\n\n\n\n<div style=\"height:100px\" aria-hidden=\"true\" class=\"wp-block-spacer\"><\/div>\n\n\n\n<p><strong>2\u00ba<\/strong><\/p>\n\n\n\n<p><em>Quedan del todo despejados los ataques y aplicaci\u00f3n en quemarles, oblig\u00e1ndoles a retrozeder de la empresa el ca\u00f1\u00f3n de la plaza.<\/em><\/p>\n\n\n\n<p>El mayo, que siempre fu\u00e9 florido, se nos mostr\u00f3 a nosotros oto\u00f1o fruct\u00edfero de palmas y laureles, con que pudimos ce\u00f1ir nuestras sienes despu\u00e9s de aver merezido con el trabajo de un tan largo, penoso y porfiado assedio escalar el monte de la gloria, y s\u00ed como es verdad seg\u00fan cant\u00f3 all\u00ed el poeta: <em>Ipsi caelicolae vendunt sua queque labore. Non nisi callosis praemiadat manibus<\/em>, es bien cierto que nos afianz\u00f3 nuestro valor el premio aviendo venzido nuestro af\u00e1n la continuada serie de riesgos a que nos av\u00eda expuesto nuestro proprio honor y br\u00edo.<\/p>\n\n\n\n<p>Ass\u00ed en el primero de sus d\u00edas, a tiempo que el enemigo intent\u00f3 quemar los gabiones y maderas que sobre el ataque le quedavan, jug\u00f3 nuestra artiller\u00eda con tan buen efecto que se vieron los m\u00e1s que para esto se av\u00edan destinado precisados a retroceder de forma que muchos de ellos arrojaron los picos, achas y todos los instrumentos de la mano sin que la authoridad de sus cabos, pudiera contenerles de la precipitada fuga a que el ruido de nuestro ca\u00f1\u00f3n les oblig\u00f3.<\/p>\n\n\n\n<p>Oy\u00e9ronse algunos tiros, que su eco dispuso a los sentidos para creerse era el disparo de la artiller\u00eda de Ceuta, causado de alg\u00fan encuentro que tubieron los de aquella plaza con los \u00e1rabes, que persist\u00edan en su expugnaci\u00f3n.<\/p>\n\n\n\n<div style=\"height:100px\" aria-hidden=\"true\" class=\"wp-block-spacer\"><\/div>\n\n\n\n<p><strong>3\u00ba<\/strong><\/p>\n\n\n\n<p><em>Desamparan del todo los contrarios las l\u00edneas y dem\u00e1s obras. Noticias por un desertor. Salida de voluntarios y acometimiento que hizieron a su adversario algo lexos de la plaza.<\/em><\/p>\n\n\n\n<p>Quedaron el d\u00eda 2 sin guarnizi\u00f3n y totalmente desamparados los ataques del enemigo, de calidad que se pudo caminar por ellos hasta los molinos, que en sus cabezas se hallavan manteni\u00e9ndose solo tras una monta\u00f1a de arena que no estava muy distante de all\u00ed alguna gente, principiando una l\u00ednea o cord\u00f3n para observar des de all\u00ed alg\u00fan designio de la nuestra en las salidas, que pod\u00eda executar contra ellos.<\/p>\n\n\n\n<p>Un drag\u00f3n catal\u00e1n, que se pass\u00f3 este d\u00eda con armas y cavallo, dixo estavan tras del mencionado monte como unos 100 hombres de a pi\u00e9 y 60 de a cavallo para impedirnos las correr\u00edas y atajar el pasage a los espa\u00f1oles que quisieran ven\u00edrsenos a la plaza, que Villadaries todav\u00eda quedava en aquella vezindad, reduzi\u00e9ndose todas sus tropas en 1.500 franceses y 150 cavallos.<\/p>\n\n\n\n<p>Con esta noticia algunos soldados de los de la compa\u00f1\u00eda de Sandoval hermanados con otros de la de fusileros catalanes pidieron al pr\u00edncipe comandante les franqueara el permisso para irse a escaramuzear con el enemigo, y avi\u00e9ndolo conseguido salieron 15 con tan buen orden, que trav\u00e1ndose la pelea de una y otra parte con bastante calor, no solo desalojaron las primeras sentinelas, pero a\u00fan lograron el poner a huida a todo aquel cuerpo que se hallava apostado tras aquel monte de arena, y reparando su cavaller\u00eda el corto n\u00famero de gente que envist\u00eda, rebolvi\u00f3 sobre ellos toda la de su campo y pudo coger en la velozidad de sus cavallos seis espa\u00f1oles con otros tantos ingleses de los que salieron de la plaza subsiguientemente para participar del despojo, y hubieran los restantes quedado en manos del enemigo a no ser que se les env\u00edo un socorro de 50 hombres de los que se hallavan de guarnizi\u00f3n sobre la estacada para cubrirles y darles tiempo para retrozeder del empe\u00f1o, en que del enemigo quedaron algunos muertos y dos franceses prisioneros. Perdimos en esta funcci\u00f3n el capit\u00e1n de fusileros, hombre de m\u00e1s valor que pericia militar, a quien un balazo quit\u00f3 la vida avanzando m\u00e1s de lo que era menester.<\/p>\n\n\n\n<div style=\"height:100px\" aria-hidden=\"true\" class=\"wp-block-spacer\"><\/div>\n\n\n\n<p><strong>4\u00ba<\/strong><\/p>\n\n\n\n<p><em>Trata milord Dunegal las dependencias de prisioneros. Escrivi\u00e9ndole a este el pr\u00edncipe por los espa\u00f1oles que le ten\u00eda.<\/em><\/p>\n\n\n\n<p>Escrivi\u00f3 milord Dunegal al marqu\u00e9s de Villadaries sobre el punto del cange de prisioneros de una y otra parte, y aunque le respondi\u00f3 muy cortesanamente, remiti\u00e9ndole los ingleses, que solizitava, no habl\u00f3 palabra de los espa\u00f1oles, de que haz\u00eda menci\u00f3n igualmente, con que se vi\u00f3 precisado el principe a rescrivir al Villadaries instando su libertad en raz\u00f3n de haver sido tratados los espa\u00f1oles presos de su parte como prisioneros de buena guerra permiti\u00e9ndoseles el cange sin distinci\u00f3n a los mismos franceses, y que ass\u00ed no pod\u00eda dudar se observar\u00eda la igualdad muy conforme a aquellos con ingleses y espa\u00f1oles por parte de su excelencia, como se av\u00eda echo con espa\u00f1oles y franceses por la suya.<\/p>\n\n\n\n<p>Esta propuesta que llevava en si toda la justificaci\u00f3n que era menester para asentir a ella de primer golpe, no merezi\u00f3 de Villadaries otra respuesta que la de decirle al pr\u00edncipe que los espa\u00f1oles de la plaza eran vassallos de su soberano, y ass\u00ed que no pod\u00eda soltar los que av\u00edan echo prisioneros los de sus tropas sin orden de la Corte de Madrid.<\/p>\n\n\n\n<p>Entraron por la tarde de la otra parte de la bah\u00eda 3 nav\u00edos de guerra, que por la bandera que pusieron al venzer el estrecho cre\u00edmos eran ingleses, bien que presto nos desenga\u00f1amos porque luego dieron a conozer que eran enemigos, de calidad que las dos fragatas peque\u00f1as que guardavan nuestra bah\u00eda se arrimaron al Muelle Nuevo.<\/p>\n\n\n\n<hr class=\"wp-block-separator\"\/>\n\n\n\n<p class=\"has-text-align-center\"><a href=\"http:\/\/gibaltar.cat\/index.php\/documents\/diari-de-francesc-de-casamitjana\/capitol-28\">&lt; Cap\u00edtol 28<\/a> \/ <a href=\"http:\/\/gibaltar.cat\/index.php\/documents\/diari-de-francesc-de-casamitjana\/capitol-30\">Cap\u00edtol 30 ><\/a><\/p>\n","protected":false},"excerpt":{"rendered":"<p>Cap\u00edtulo 29 No se divisa ya tienda alguna en los reales del enemigo. Manda el pr\u00edncipe poner en libertad a 30 prisioneros. Quedan del todo despejados los ataques, y aplicaci\u00f3n en quemarles, oblig\u00e1ndoles a retrozeder el ca\u00f1\u00f3n de la plaza de la empresa. Desamparan del todo los contrarios m\u00e1s l\u00edneas y dem\u00e1s obras. Noticias por [&hellip;]<\/p>\n","protected":false},"author":1,"featured_media":0,"parent":400,"menu_order":31,"comment_status":"closed","ping_status":"closed","template":"","meta":[],"_links":{"self":[{"href":"https:\/\/gibaltar.cat\/index.php\/wp-json\/wp\/v2\/pages\/517"}],"collection":[{"href":"https:\/\/gibaltar.cat\/index.php\/wp-json\/wp\/v2\/pages"}],"about":[{"href":"https:\/\/gibaltar.cat\/index.php\/wp-json\/wp\/v2\/types\/page"}],"author":[{"embeddable":true,"href":"https:\/\/gibaltar.cat\/index.php\/wp-json\/wp\/v2\/users\/1"}],"replies":[{"embeddable":true,"href":"https:\/\/gibaltar.cat\/index.php\/wp-json\/wp\/v2\/comments?post=517"}],"version-history":[{"count":2,"href":"https:\/\/gibaltar.cat\/index.php\/wp-json\/wp\/v2\/pages\/517\/revisions"}],"predecessor-version":[{"id":520,"href":"https:\/\/gibaltar.cat\/index.php\/wp-json\/wp\/v2\/pages\/517\/revisions\/520"}],"up":[{"embeddable":true,"href":"https:\/\/gibaltar.cat\/index.php\/wp-json\/wp\/v2\/pages\/400"}],"wp:attachment":[{"href":"https:\/\/gibaltar.cat\/index.php\/wp-json\/wp\/v2\/media?parent=517"}],"curies":[{"name":"wp","href":"https:\/\/api.w.org\/{rel}","templated":true}]}}