{"id":523,"date":"2021-06-28T13:49:33","date_gmt":"2021-06-28T11:49:33","guid":{"rendered":"http:\/\/gibaltar.cat\/?page_id=523"},"modified":"2021-06-28T16:19:13","modified_gmt":"2021-06-28T14:19:13","slug":"capitol-31","status":"publish","type":"page","link":"https:\/\/gibaltar.cat\/index.php\/documents\/diari-de-francesc-de-casamitjana\/capitol-31\/","title":{"rendered":"Cap\u00edtol 31"},"content":{"rendered":"\n<p><strong>Cap\u00edtulo 31<\/strong><\/p>\n\n\n\n<p>Prosiguen los del presidio sus obras en desazer las l\u00edneas y ataques, y adelant\u00e1ndose algunos cabos azia el enemigo se repiti\u00f3 la pelea.<\/p>\n\n\n\n<p>Continuase con m\u00e1s calor la misma operaci\u00f3n, y manda el pr\u00edncipe recoger las balas que av\u00eda en los aproches enemigos.<\/p>\n\n\n\n<p>Perfizi\u00f3nase el trabaxo emprendido. Refuerza el contrario su gente con un nuevo regimiento que le vino.<\/p>\n\n\n\n<p>All\u00e1nase el aproche baxo la Redondela. Noticias por un nav\u00edo y tartana, que nos entraron. Passan a \u00c1frica m\u00e1s fragatas.<\/p>\n\n\n\n<div style=\"height:100px\" aria-hidden=\"true\" class=\"wp-block-spacer\"><\/div>\n\n\n\n<p><strong>Primo<\/strong><\/p>\n\n\n\n<p><em>Prosiguen los del presidio en desazer sus obras emprendidas.<\/em><\/p>\n\n\n\n<p>Continuose con igual calor el 14 la demoluci\u00f3n de los ataques con 2.500 hombres que para esto se destinaron, a cuya vista retir\u00f3 su piquete el enemigo a los molinos sin haver disparado un alcabuz.<\/p>\n\n\n\n<p>Este destacamiento pudo en este d\u00eda dexar enteramente terreplenados la mayor parte de los aproches, y destru\u00eddas del todo las dos \u00faltimas bater\u00edas, con cuyo logro se content\u00f3 por entonces, retir\u00e1ndose al anochezer a la plaza sin oposici\u00f3n alguna de parte de los contrarios, que passaron despu\u00e9s a ocupar su antiguo puesto bien que con alguna p\u00e9rdida de gente al disparo de nuestro ca\u00f1\u00f3n, que jug\u00f3 incessantemente ass\u00ed este como los d\u00edas siguientes.<\/p>\n\n\n\n<p>Prosiguiose al 15 aquella ocupaci\u00f3n con la circunstancia de aver salido el pr\u00edncipe comandante a un espl\u00e9ndido banquete que celebr\u00f3 sobre aquel terreno con assistencia de todos los cabos mayores de la guarnizi\u00f3n, y con los brindis y salvas, que se dexa considerar.<\/p>\n\n\n\n<p>Por la tarde observando una partida de cavallos del enemigo, que una guardia nuestra de hasta 18 granaderos estava muy apartada del cuerpo principal, y que algunos de sus cabos se ivan passeando a cavallo con menos rezelo de lo que conven\u00eda, le parezi\u00f3 ten\u00eda coyuntura para sorprenderlos como lo intent\u00f3, bien que sin efecto adelant\u00e1ndose dos de sus esquadrones a este fin hasta ponerse a trecho de nuestros granaderos, qui\u00e9nes hizieron tan brava resistencia a la que los tubieron cerca, que fu\u00e9 precisada aquella cavaller\u00eda enemiga a retirarse a toda brida, en raz\u00f3n de averles llegado a los nuestros una partida de refresco para mantenerles, y d\u00e1ndose la mano segundar la pelea. Perdi\u00f3 el enemigo en esta funcci\u00f3n tres soldados y seis cavallos, logrando hazerle prisioneros quatro, que se rindieron con sus cavallos, entre qui\u00e9nes se distingui\u00f3 don Joseph del Prado, capit\u00e1n de cavallos, malamente herido en la cabeza. De la guarnizi\u00f3n huvo tres heridos y un muerto.<\/p>\n\n\n\n<p>S\u00fapose por los rendidos que el trozo de Estremadura se av\u00eda partido ya y quedavan en el campo unos 100 infantes y 250 cavallos. Este d\u00eda se acabaron de derribar las dos postreras bater\u00edas.<\/p>\n\n\n\n<div style=\"height:100px\" aria-hidden=\"true\" class=\"wp-block-spacer\"><\/div>\n\n\n\n<p><strong>2\u00ba<\/strong><\/p>\n\n\n\n<p><em>Contin\u00faase con m\u00e1s calor la misma operaci\u00f3n, y manda el pr\u00edncipe recoger las balas que av\u00eda en los aproches.<\/em><\/p>\n\n\n\n<p>Mil y cien hombres trabaxaron el d\u00eda siguiente en la total demolici\u00f3n de aquellos ataques y dem\u00e1s obras, logr\u00e1ndose allanar las dos bater\u00edas de a siete y doze ca\u00f1ones que ten\u00edan levantadas los enemigos contra la plaza.<\/p>\n\n\n\n<p>Con esta ocasi\u00f3n mand\u00f3 el pr\u00edncipe retirar al arsenal un considerable n\u00famero de balas de ca\u00f1\u00f3n, que se hall\u00f3 en aquellas trincheras, dando orden para fazilitar su acarreo las embarcasen (c\u00f3mo se hizo) en diferentes lanchas.<\/p>\n\n\n\n<p>Del enemigo no parezi\u00f3 soldado en todo oy, solo un trompeta vino a la plaza con algunos vestidos para el capit\u00e1n de cavallos prisionero de parte del comandante de aquel bloqueo.<\/p>\n\n\n\n<p>Descans\u00f3 el presidio el diez y siete de la gran fatiga que durante la demoluci\u00f3n de las l\u00edneas experiment\u00f3 en el trabajo material de allenarlas.<\/p>\n\n\n\n<p>Un desertor que entr\u00f3 este d\u00eda no di\u00f3 m\u00e1s noticia que la de quedar el enemigo con el mismo n\u00famero de gente en el parage de antes.<\/p>\n\n\n\n<p>Tres nav\u00edos que surmontaron el estrecho, les tuvimos los de la plaza por franceses, y ass\u00ed burlaron las esperanzas de muchos, que pensavan ven\u00edan de Inglaterra, y que por ellos recivir\u00edan los socorros que esperavan para remediar su estechez. Lleg\u00f3 de T\u00e1nger la tartana, que d\u00edas atr\u00e1s se av\u00eda all\u00ed enviado, y con el cargo de bastimentos, que truxo, se remedi\u00f3 la falta de v\u00edveres que padez\u00eda alg\u00fan tanto la plaza.<\/p>\n\n\n\n<div style=\"height:100px\" aria-hidden=\"true\" class=\"wp-block-spacer\"><\/div>\n\n\n\n<p><strong>3\u00ba<\/strong><\/p>\n\n\n\n<p><em>Perfici\u00f3nase el trabaxo emprendido. Refuerza el contrario su gente con un nuevo regimiento que le vino.<\/em><\/p>\n\n\n\n<p>Otra vez sali\u00f3 la mayor parte del presidio el d\u00eda 28 para perfizionar el trabaxo que d\u00edas antes av\u00eda comenzado y quedava todav\u00eda imperfecto, y ass\u00ed se puso toda echura en derribar oy la gran bater\u00eda y fortificaciones collaterales, como se logr\u00f3 sin oposici\u00f3n alguna, y no sin mucho trabaxo de los que en esto se emplearon, por raz\u00f3n de ser muy grandes los sestones que el enemigo ten\u00eda en aquel puesto y costar por lo mismo no poco de desentarrar sus extremidades.<\/p>\n\n\n\n<p>Reforzose oy con un nuevo regimiento de cavallos los que le quedavan al enemigo sobre el bloqueo, y muri\u00f3 de su herida el capit\u00e1n de cavallos que \u00faltimamente hizieron prisionero nuestros soldados.<\/p>\n\n\n\n<p>El d\u00eda 19 bolvi\u00f3 el presidio a la tarea para continuar la perfizi\u00f3n en allenar las obras de defensa, que nuestro contrario av\u00eda levantado contra la plaza, y pudo trabajar la gente con toda seguridad, por no aver parezido en todo este d\u00eda enemigo alguno.<\/p>\n\n\n\n<p>Bolvi\u00f3 el trompeta del capit\u00e1n difunto para parlamentar con su amo, lo que se le neg\u00f3 de orden del pr\u00edncipe y la entrada de todo punto, mand\u00e1ndole decir que en llev\u00e1ndole noticia de los seis prisioneros que el de Villadaries av\u00eda echo de los espa\u00f1oles del presidio, entonces se le dar\u00eda igualmente de los que en la plaza quedavan del campo, ocult\u00e1ndosele la muerte de su capit\u00e1n para ver si por este medio restituir\u00eda el Villadaries nuestros espa\u00f1oles.<\/p>\n\n\n\n<div style=\"height:100px\" aria-hidden=\"true\" class=\"wp-block-spacer\"><\/div>\n\n\n\n<p><strong>4\u00ba<\/strong><\/p>\n\n\n\n<p><em>All\u00e1nase el aproche baxo la Redondela. Noticias por un nav\u00edo y tartana que nos entraron. Passan a \u00c1frica nuestras fragatas.<\/em><\/p>\n\n\n\n<p>P\u00fasose mano el d\u00eda 20 en allanar el aproche que baxo la Redondela av\u00edan levantado los sitiadores despu\u00e9s de averlo echo con la gran bater\u00eda que all\u00ed cerca se av\u00eda levantado.<\/p>\n\n\n\n<p>Un nav\u00edo genov\u00e9s entr\u00f3 en la bahya cargado de vino, con quien algunos valencianos se av\u00edan embarcado para nuestra plaza, en cuyo puerto di\u00f3 fondo igualmente una tartana, que dixo como el pr\u00edncipe Eugenio de Saboya quedava en Italia restituido al ex\u00e9rcito para mandarle aquella campa\u00f1a ocupando ya gran parte del estado de Mantua previniendo con esto al enemigo para hazerle frente con menos dificultad por m\u00e1s que desembarazado de las dos plazas de Nissa y Verru\u00e1, que quedavan ya en su poder, amenazava el inundar la Italia con su gente para sacar de all\u00ed al general alem\u00e1n, que tanto le av\u00eda molestado.<\/p>\n\n\n\n<p>No cess\u00f3 el 21 la aplicaci\u00f3n de nuestra gente del empe\u00f1o en que el antecedente av\u00eda entrado passando adelante en la demoluci\u00f3n de las obras, que el enemigo ten\u00eda echas contra la Redondela, como tambi\u00e9n en tapar las dos minas que quedavan comenzadas, siendo su profundidad y vaz\u00edo de unos 40 passos con poca diferencia, en que trabajaron los ingleses con tanta actividad, que el d\u00eda 22 concluyeron aquel porfiado trabajo.<\/p>\n\n\n\n<p>Las dos fragatas inglesas, que durante el sitio av\u00edan assistido en el Muelle Nuevo para su custodia y resguardo, marcharon oy para las costas de Espa\u00f1a a executar lo que se les ten\u00eda mandado en orden a ciertas diligencias de monta que a la saz\u00f3n ocurr\u00edan para el adelantamiento de las cosas del rey nuestro se\u00f1or en el continente.<\/p>\n\n\n\n<hr class=\"wp-block-separator\"\/>\n\n\n\n<p class=\"has-text-align-center\"><a href=\"http:\/\/gibaltar.cat\/index.php\/documents\/diari-de-francesc-de-casamitjana\/capitol-30\">&lt; Cap\u00edtol 30<\/a> \/ <a href=\"http:\/\/gibaltar.cat\/index.php\/documents\/diari-de-francesc-de-casamitjana\/capitol-32\">Cap\u00edtol 32 ><\/a><\/p>\n","protected":false},"excerpt":{"rendered":"<p>Cap\u00edtulo 31 Prosiguen los del presidio sus obras en desazer las l\u00edneas y ataques, y adelant\u00e1ndose algunos cabos azia el enemigo se repiti\u00f3 la pelea. Continuase con m\u00e1s calor la misma operaci\u00f3n, y manda el pr\u00edncipe recoger las balas que av\u00eda en los aproches enemigos. Perfizi\u00f3nase el trabaxo emprendido. Refuerza el contrario su gente con [&hellip;]<\/p>\n","protected":false},"author":1,"featured_media":0,"parent":400,"menu_order":33,"comment_status":"closed","ping_status":"closed","template":"","meta":[],"_links":{"self":[{"href":"https:\/\/gibaltar.cat\/index.php\/wp-json\/wp\/v2\/pages\/523"}],"collection":[{"href":"https:\/\/gibaltar.cat\/index.php\/wp-json\/wp\/v2\/pages"}],"about":[{"href":"https:\/\/gibaltar.cat\/index.php\/wp-json\/wp\/v2\/types\/page"}],"author":[{"embeddable":true,"href":"https:\/\/gibaltar.cat\/index.php\/wp-json\/wp\/v2\/users\/1"}],"replies":[{"embeddable":true,"href":"https:\/\/gibaltar.cat\/index.php\/wp-json\/wp\/v2\/comments?post=523"}],"version-history":[{"count":2,"href":"https:\/\/gibaltar.cat\/index.php\/wp-json\/wp\/v2\/pages\/523\/revisions"}],"predecessor-version":[{"id":583,"href":"https:\/\/gibaltar.cat\/index.php\/wp-json\/wp\/v2\/pages\/523\/revisions\/583"}],"up":[{"embeddable":true,"href":"https:\/\/gibaltar.cat\/index.php\/wp-json\/wp\/v2\/pages\/400"}],"wp:attachment":[{"href":"https:\/\/gibaltar.cat\/index.php\/wp-json\/wp\/v2\/media?parent=523"}],"curies":[{"name":"wp","href":"https:\/\/api.w.org\/{rel}","templated":true}]}}