{"id":525,"date":"2021-06-28T14:02:54","date_gmt":"2021-06-28T12:02:54","guid":{"rendered":"http:\/\/gibaltar.cat\/?page_id=525"},"modified":"2022-08-20T08:57:43","modified_gmt":"2022-08-20T06:57:43","slug":"capitol-32","status":"publish","type":"page","link":"https:\/\/gibaltar.cat\/index.php\/documents\/diari-de-francesc-de-casamitjana\/capitol-32\/","title":{"rendered":"Cap\u00edtol 32"},"content":{"rendered":"\n<p><strong>Cap\u00edtulo 32<\/strong><\/p>\n\n\n\n<p>Alegres noticias de la toma de Valencia de Alc\u00e1ntara, y de la entrada del pr\u00edncipe Eugenio de Saboya en Italia.<\/p>\n\n\n\n<p>Engrueza el enemigo su bloqueo con alguna gente. Del producto de los cascos de bombas y trozos de artiller\u00eda, manda el pr\u00edncipe dar un refresco a la guarnizi\u00f3n.<\/p>\n\n\n\n<p>Passan el estrecho quatro galeras de Espa\u00f1a. Llega el enviado de Inglaterra llamado por el pr\u00edncipe a efecto de conferenciar con \u00e9l.<\/p>\n\n\n\n<p>Ocurrencias de C\u00e1diz y de lo que executa su governador. Vienen dos moros de parte del alcayde Al\u00ed.<\/p>\n\n\n\n<div style=\"height:100px\" aria-hidden=\"true\" class=\"wp-block-spacer\"><\/div>\n\n\n\n<p><strong>Primo<\/strong><\/p>\n\n\n\n<p><em>Alegres noticias de la toma de Valencia de Alc\u00e1ntara.<\/em><\/p>\n\n\n\n<p>Algunos barcos de Faro y otras partes de Portugal aportaron al 23 con buena cantidad de todo g\u00e9nero de pertrechos, mucho vino y comestibles. S\u00fapose por las cartas que se recivieron por este medio como el ex\u00e9rcito de los aliados av\u00eda tenido la suerte en aquel reyno de hazerse due\u00f1o de Valencia de Alc\u00e1ntara en Estremadura, plaza de consequencia en la barrera de aquel pa\u00eds por cubrir gran parte de su terreno.<\/p>\n\n\n\n<p>En el campo del bloqueo no suzedi\u00f3 novedad, quedando como de antes el enemigo en sus l\u00edneas m\u00e1s para observar nuestros movimientos que para ofendernos, escarmentado quiz\u00e1s del valor con que los del presidio igualmente peleavan tras el monte que en el raso de la campa\u00f1a.<\/p>\n\n\n\n<p>Restituy\u00e9ronse el d\u00eda 14 a nuestro puerto los barcos que d\u00edas atr\u00e1s av\u00edan ido con pasaporte del pr\u00edncipe a Tetu\u00e1n, T\u00e1nger y La Racha por provisiones. Trux\u00e9ronle a nuestro primer gefe un pliego del enviado de Inglaterra, en que le dava parte como todav\u00eda quedava de assiento en la primera de aquellas 3 ciudades.<\/p>\n\n\n\n<p>De Liborno entr\u00f3 un nav\u00edo, que nos confirm\u00f3 la entrada del pr\u00edncipe Eugenio de Saboya en Italia.<\/p>\n\n\n\n<div style=\"height:100px\" aria-hidden=\"true\" class=\"wp-block-spacer\"><\/div>\n\n\n\n<p><strong>2\u00ba<\/strong><\/p>\n\n\n\n<p><em>Engrueza el enemigo su bloqueo con alguna gente. Del producto de los cascos de bombas y trozos de artiller\u00eda manda el pr\u00edncipe dar un refresco a toda la guarnizi\u00f3n.<\/em><\/p>\n\n\n\n<p>La tartana que se av\u00eda enviado al Faro nos lleg\u00f3 el d\u00eda 25 con quatro cavallos para el pr\u00edncipe. De Lisboa entr\u00f3 otra con pliegos para diferentes sugetos del presidio, con que tuvimos la noticia de haver nuestro ex\u00e9rcito de Portugal puesto sitio a Alburquerque con no poco fundamento de reduzirla dentro breves d\u00edas.<\/p>\n\n\n\n<p>Observose en el 26 den de la plaza que el enemigo av\u00eda engrosado su campo con alguna infanter\u00eda que le lleg\u00f3 de refresco, pero manteni\u00e9ndose en la l\u00ednea del bloqueo sin dar m\u00e1s passo que el mantenerse en ella.<\/p>\n\n\n\n<p>Despachose al 27 una saet\u00eda genovesa con pliegos para Lisboa. El siguiente llegaron de buelta las dos fragatas inglesas de executar la orden que el pr\u00edncipe les prescrivi\u00f3 en las costas de Espa\u00f1a.<\/p>\n\n\n\n<p>Remitiose un barco a T\u00e1nger con cartas para el enviado Methuen, y por la tarde pass\u00f3 milord Shiempton con otros cabos sobre un nav\u00edo a \u00c1frica para abocarse con dicho enviado.<\/p>\n\n\n\n<p>Mand\u00f3 el pr\u00edncipe el 29 recoger los cascos de las bombas y piezas de yerro que quedavan de las muchas que o bien se av\u00edan reventado o se hizieron trozos, para coadjuvar con lo que se sacar\u00eda de su venta al gasto de un refresco de vacas y carneros, que di\u00f3 a todo el presidio en demonstraci\u00f3n de lo garboso y intr\u00e9pido que se port\u00f3 en la expugnaci\u00f3n tan porfiada del enemigo.<\/p>\n\n\n\n<p>Un nav\u00edo genov\u00e9s vino el d\u00eda 30 de San Remo cargado para Amstardam. Dos venecianos dieron fondo igualmente en nuestra bah\u00eda, de quienes uno iva destinado para Lisboa y otro para Amburgo.<\/p>\n\n\n\n<div style=\"height:100px\" aria-hidden=\"true\" class=\"wp-block-spacer\"><\/div>\n\n\n\n<p><strong>3\u00ba<\/strong><\/p>\n\n\n\n<p><em>Passan el estrecho quatro galeras de Espa\u00f1a. Llega el enviado de Inglaterra llamado por el pr\u00edncipe a efecto de conferenciar con \u00e9l.<\/em><\/p>\n\n\n\n<p>Despachose para T\u00e1nger al primero de junio una fragata en busca del enviado de Inglaterra, en raz\u00f3n de aver de conferenciar el pr\u00edncipe con este ministro ciertos negocios de importancia, que se ofrez\u00edan sobre diferentes dependencias de monta, que a la saz\u00f3n importava se efectuasen a fin de adelantar las disposiciones y medidas que se ivan tomando para la total conquista del continente a que se av\u00eda ya puesto los ojos con el buen \u00e9xito que las armas de su magestad y de los aliados av\u00edan tenido a que ayud\u00f3 no poco la nueva felizidad con que coron\u00f3 el cielo el sitio de nuestra plaza con tan menoscabo del enemigo y gloria de los sitiados.<\/p>\n\n\n\n<p>Vi\u00e9ronse passar el d\u00eda 3 por el estrecho quatro galeras de Espa\u00f1a, que el d\u00eda antezedente av\u00edan disparado diferentes ca\u00f1onazos, saludando a los que nos ten\u00edan bloqueados. Dos nav\u00edos ingleses vinieron oy de Lisbona, y con ellos se tuvo la triste noticia de la muerte del se\u00f1or emperador Leopoldo (que Dios haya). Sintiola todo el presidio, y con singularidad el pr\u00edncipe Jorge de Darmstad por los motivos que se dexan a la consideraci\u00f3n de qui\u00e9n sabe la mucha confianza que haz\u00eda el c\u00e9sar de su persona.<\/p>\n\n\n\n<p>Aport\u00f3 en nuestra bah\u00eda el enviado de su magestad bret\u00e1nica embarcado en la fragata que se le remiti\u00f3 a T\u00e1nger, qui\u00e9n apenas puso pi\u00e9 en tierra pass\u00f3 luego a verse con el pr\u00edncipe y a discurrir con \u00e9l del estado en que se hallavan los negociados, que por aquel tiempo ocurr\u00edan.<\/p>\n\n\n\n<p>Entr\u00f3 el d\u00eda 5 en barco portugu\u00e9s con cantidad de provisiones, que av\u00eda tomado en el Faro para el abasto de esta plaza, y aunque es verdad que el d\u00eda antecedente las quatro galeras arriba dichas le dieron caza, por haverlas hallado detenidas a la fuerza del viento, que les era contrario, pudo con todo escaparles sin el menor da\u00f1o.<\/p>\n\n\n\n<div style=\"height:100px\" aria-hidden=\"true\" class=\"wp-block-spacer\"><\/div>\n\n\n\n<p><strong>4\u00ba<\/strong><\/p>\n\n\n\n<p><em>Ocurrencias de C\u00e1diz y de lo que executa su governador. Vienen los moros de parte del alcayde Al\u00ed.<\/em><\/p>\n\n\n\n<p>Un nav\u00edo ingl\u00e9s, que av\u00eda passado a T\u00e1nger para comprar ciertos bastimentos, bolvi\u00f3 el d\u00eda 6, sigui\u00e9ndole un barco cuyo patr\u00f3n el d\u00eda antecedente estuvo en C\u00e1diz, y dixo como el governador de aquella plaza av\u00eda echado un bando en que se mandava a todas las personas incapazes del manexo de las armas evacuasen la ciudad en virtud de haver llegado a ella un corsario franc\u00e9s, que particip\u00f3 al comandante en secreto ciertas noticias, de que los de nuestro partido ten\u00edan en aquella ciudad varias intelligencias a fin de hazerse due\u00f1os a su tiempo de ella, y que muchas personas obedeziendo al bando se retiraron tierra adentro con lo mexor de sus averes. Dixo tambi\u00e9n que no era numeroso el presidio que guarnez\u00eda aquella plaza, bien que el de Villadaries con un buen destacamento de cavaller\u00eda, quedava acampado entre Rota y Santa Mar\u00eda para acudir con presteza a qualquiera movimiento adonde urgiera m\u00e1s la necessidad.<\/p>\n\n\n\n<p>Con el nav\u00edo que se dixo arriba vinieron tambi\u00e9n dos moros enviados del alcayde Al\u00ed para passar con ellos el enviado Methu\u00edn de Inglaterra a T\u00e1nger quanto antes a efecto de concluir el tratado secreto, que entre la reyna de la Gran Breta\u00f1a y el rey de Mequines se iva arreglando en la mutua y buena correspondencia, que con aquel pr\u00edncipe deseavan tener ingleses, a fin de sacar de sus dominios un buen n\u00famero de cavallos para las operaciones que av\u00edan acordado executar en la guerra del continente. Embarcose con los moros aquel ministro el d\u00eda siete para T\u00e1nger favorezido del viento y bonanza del mar.<\/p>\n\n\n\n<p>Las fragatas y nav\u00edos que quedavan sobre el fierro en la bah\u00eda de d\u00edas atr\u00e1s se pusieron tambi\u00e9n en marcha para continuar su derrota azia el poniente, si bien que a poco rato hubieron de retrozeder por hav\u00e9rseles contrariado el viento.<\/p>\n\n\n\n<p>Suzedi\u00f3 este d\u00eda la fatalidad de haverle un cavallo tirado una coz al pr\u00edncipe comandante, con tan fuerte golpe que le habri\u00f3 una llaga muy profunda en la pierna a tiempo que iva passeando montado por las cercan\u00edas de la ciudad, reconoziendo el da\u00f1o que todav\u00eda quedava del passado sitio.<\/p>\n\n\n\n<hr class=\"wp-block-separator\"\/>\n\n\n\n<p class=\"has-text-align-center\"><a href=\"http:\/\/gibaltar.cat\/index.php\/documents\/diari-de-francesc-de-casamitjana\/capitol-31\">&lt; Cap\u00edtol 31<\/a> \/ <a href=\"http:\/\/gibaltar.cat\/index.php\/documents\/diari-de-francesc-de-casamitjana\/capitol-33\">Cap\u00edtol 33 &gt;<\/a><\/p>\n","protected":false},"excerpt":{"rendered":"<p>Cap\u00edtulo 32 Alegres noticias de la toma de Valencia de Alc\u00e1ntara, y de la entrada del pr\u00edncipe Eugenio de Saboya en Italia. Engrueza el enemigo su bloqueo con alguna gente. Del producto de los cascos de bombas y trozos de artiller\u00eda, manda el pr\u00edncipe dar un refresco a la guarnizi\u00f3n. Passan el estrecho quatro galeras [&hellip;]<\/p>\n","protected":false},"author":1,"featured_media":0,"parent":400,"menu_order":34,"comment_status":"closed","ping_status":"closed","template":"","meta":[],"_links":{"self":[{"href":"https:\/\/gibaltar.cat\/index.php\/wp-json\/wp\/v2\/pages\/525"}],"collection":[{"href":"https:\/\/gibaltar.cat\/index.php\/wp-json\/wp\/v2\/pages"}],"about":[{"href":"https:\/\/gibaltar.cat\/index.php\/wp-json\/wp\/v2\/types\/page"}],"author":[{"embeddable":true,"href":"https:\/\/gibaltar.cat\/index.php\/wp-json\/wp\/v2\/users\/1"}],"replies":[{"embeddable":true,"href":"https:\/\/gibaltar.cat\/index.php\/wp-json\/wp\/v2\/comments?post=525"}],"version-history":[{"count":3,"href":"https:\/\/gibaltar.cat\/index.php\/wp-json\/wp\/v2\/pages\/525\/revisions"}],"predecessor-version":[{"id":1064,"href":"https:\/\/gibaltar.cat\/index.php\/wp-json\/wp\/v2\/pages\/525\/revisions\/1064"}],"up":[{"embeddable":true,"href":"https:\/\/gibaltar.cat\/index.php\/wp-json\/wp\/v2\/pages\/400"}],"wp:attachment":[{"href":"https:\/\/gibaltar.cat\/index.php\/wp-json\/wp\/v2\/media?parent=525"}],"curies":[{"name":"wp","href":"https:\/\/api.w.org\/{rel}","templated":true}]}}