{"id":547,"date":"2021-06-28T14:58:25","date_gmt":"2021-06-28T12:58:25","guid":{"rendered":"http:\/\/gibaltar.cat\/?page_id=547"},"modified":"2021-06-28T15:47:54","modified_gmt":"2021-06-28T13:47:54","slug":"capitol-42","status":"publish","type":"page","link":"https:\/\/gibaltar.cat\/index.php\/documents\/diari-de-francesc-de-casamitjana\/capitol-42\/","title":{"rendered":"Cap\u00edtol 42"},"content":{"rendered":"\n<p><strong>Cap\u00edtulo 42<\/strong><\/p>\n\n\n\n<p>Avista el duque de Anjou con sus ex\u00e9rcitos nuestra capital y acometen sus tropas a Monjuich.<\/p>\n\n\n\n<p>Entran tropas a la plaza, rompiendo por los quarteles del enemigo.<\/p>\n\n\n\n<p>Sube su magestad de Monjuich y recorre la muralla.<\/p>\n\n\n\n<p>Ll\u00e9ganos trufas por el mar. Habre el enemigo sus ataques azia Monjuich. Passea y reconoze su magestad el campo enemigo. Disponen los sitiadores sus quarteles inquiet\u00e1ndoles nuestros paisanos. Reparten los sitiados la gente en los puestos que deve ocupar para el defensa, con otros susessos.<\/p>\n\n\n\n<div style=\"height:100px\" aria-hidden=\"true\" class=\"wp-block-spacer\"><\/div>\n\n\n\n<p><strong>1\u00ba<\/strong><\/p>\n\n\n\n<p><em>Avista el duque de Anjou con sus ex\u00e9rcitos nuestra capital.<\/em><\/p>\n\n\n\n<p>A las 11 de la ma\u00f1ana poco m\u00e1s del d\u00eda 2 se comenzaron a descubrir las tropas enemigas, que ven\u00edan por la parte del Ampord\u00e1n comandadas por el duque de Noallas en el lugar de San Andr\u00e9s una hora distante de la ciudad, y aviendo mandado salir de ella 100 cavallos de los regimientos del conde de Sizendorf y ingleses con 200 fusileros, que comandava don Antonio Desvalls para reconozer y observar los movimientos de nuestro competidor, llegaron los nuestros a tiro de pistola de sus guardias, sin que alguno se atreviese a apartarse de su camino.<\/p>\n\n\n\n<p>Coronava la muralla y baluartes de la plaza la Coronela de la ciudad, cuyo coronel era el conseller en cap de ella don Nicol\u00e1s de San Juan, compuesta de 46 compa\u00f1\u00edas, y capitaneadas de cavalleros catalanes en n\u00famero de 4.500 hombres en que consist\u00eda la mayor defensa de la plaza.<\/p>\n\n\n\n<p>Decamp\u00f3 el enemigo el 3 por la falda de la monta\u00f1a, llegando cerca del lugar de Sans, donde doblada la cavaller\u00eda y infanter\u00eda, y siguiendo su marcha, avistado este con el ex\u00e9rcito, que ven\u00eda de Castilla y Arag\u00f3n con el duque de Anjou, governado por el general de Tess\u00e9, embisti\u00f3 por la Cruz Cubierta a la monta\u00f1a de Monjuich hasta llegar a tiro de pistola de sus obras exteriores, y ocupando de passo al convento de religiosos capuchinos de Santa Madrona y casa de Mar\u00eda la Pastelera, que por ser pocos los sometenes que all\u00ed av\u00eda hazi\u00e9ndoles alg\u00fan fuego se vieron precisados los nuestros a dexar los puestos a la mucha gente enemiga que avanzava. Con esta ocasi\u00f3n pusi\u00e9ronse en arma todos los moradores de la ciudad subiendo a aquel fuerte de que era governador interino don Jayme Cordellas, coronel del regimiento con que sirve a su magestad la ciudad de Barcelona durante la guerra. Y ocupando estos naturales los puestos de la fortificaci\u00f3n sostenidos por 200 hombres del Regimiento de Guardia Catalana, 300 fusileros de la misma naci\u00f3n, quatro compa\u00f1\u00edas de la Coronela y los sometenes de Manresa y Villafranca del Panad\u00e9s, embistiendo al enemigo con parte de la guarnizi\u00f3n a cuerpo descubierto, no solo lograron hazerle retrozeder del terreno que con su orgulloso movimiento av\u00eda ocupado, s\u00ed tambi\u00e9n consiguieron desalojarle de la casa de Mar\u00eda la Pastelera y del mismo convento de Santa Madrona, matando muchos de ellos, y a no haverle llegado Mr. de Legal con crezido n\u00famero de tropas con que pudo recuperar el convento, triunfavan los nuestros enteramente de las primeras, que con tanta furia operaron contra aquellas obras para dominarlas.<\/p>\n\n\n\n<p>Viendo los de la ciudad el designio tan impenzado de avanzar el enemigo a Monjuich no solo manifestaron su amor y lealtad los vezinos, acudiendo con las armas, si no tambi\u00e9n un grand\u00edssimo n\u00famero de ni\u00f1os y mugeres, y entre ellas muchas de porte y distinci\u00f3n, de las quales unas subieron c\u00e1ntaros de agua con tanta abundancia, que no solo abast\u00f3 para refrigerarse aquella gente que manten\u00edan la fatiga del choque, pero aun sobr\u00f3 para llenar la cisterna y muchas botas o pipas, acudiendo otras en medio del fuego, con diferentes refrescos y pertrechos para assistir a los que peleavan, despreciando los riesgos a que en medio de tanto fuego se expon\u00edan. Y era tanto el ardimiento, que huvo muger que viendo que los artilleros no ten\u00edan a mano los tacos, alarg\u00f3 parte de sus vestidos para que no se retardase un punto en la ofensa del enemigo.<\/p>\n\n\n\n<div style=\"height:100px\" aria-hidden=\"true\" class=\"wp-block-spacer\"><\/div>\n\n\n\n<p><strong>2\u00ba<\/strong><\/p>\n\n\n\n<p><em>Entran tropas a la plaza rompiendo por el enemigo. Sube su magestad a Monjuich y recorre la muralla.<\/em><\/p>\n\n\n\n<p>La Coronela de la ciudad de Manrresa y somet\u00e9n de su veguer\u00edo, que de orden de su magestad av\u00edan levantado don Joseph Sol\u00e1 y Guardiola y don Juan Bauptista Cortada de Marl\u00e9s, llegaron a vista de la ciudad por la parte de la monta\u00f1a, y rompiendo por los enemigos (aunque les intentaron cortar el passo con alguna cavaller\u00eda) lograron felizmente incorporarse con nuestra gente de la plaza, y fueron mandados a ocupar la l\u00ednea de comunicaci\u00f3n governando a estos Cortada y su hermano.<\/p>\n\n\n\n<p>Hall\u00e1vase el castillo y fuerte de Monjuich en esta ocasi\u00f3n con sus fortificaciones muy imperfectas, pero se trabaxava incessantemente en cerrar los lienzos de la muralla de la obra nueva y en perfizionar los flancos de los baluartes, fabric\u00e1ndose al mesmo tiempo la estrada encubierta con su empalizada des de la l\u00ednea de comunicaci\u00f3n de aquel fuerte hasta la plaza, en que se aplicavan soldados y paysanos.<\/p>\n\n\n\n<p>Esta misma tarde subi\u00f3 su magestad a reconozer los trabaxos de Monjuich acompa\u00f1ado del conde de Assumar embaxador de Portugal, pr\u00edncipe Antonio de Liecktenstein, mariscal del campo general conde de Ulefeld, don Joseph Boneu y otros cabos militares, siguiendo la real comitiva alguna nobleza catalana, cuya real presencia infundi\u00f3 un singular valor a todos los soldados y vezinos de la ciudad, y baxando por la l\u00ednea de comunicaci\u00f3n di\u00f3 buelta por toda la muralla de la ciudad, infundiendo su real aspecto a su Coronela que la guarnez\u00eda un vigoroso esp\u00edritu.<\/p>\n\n\n\n<p>Aparezi\u00f3 sobre la monta\u00f1a de Monjuich azia la ciudad un meteoro, formando con mucha perfecci\u00f3n la cruz de Santa Eularia seg\u00fan el informe de muchas personas religiosas, que lo asseguravan, por haverlo visto claro y con toda distinci\u00f3n.<\/p>\n\n\n\n<p>Lleg\u00f3 la noticia de haverse puesto en marcha nuestras tropas, que se av\u00edan mandado venir de Gerona para el socorro de la plaza, cuya puntual diligencia fazilit\u00f3 don Miguel de Alentorn y Pin\u00f3s, coronel del regimiento de la Deputaci\u00f3n, quedando al cargo de don Joseph Mar\u00eds y Joseph Feu y Feliu el prevenir las lanchas o barcos para el transporte de ellas, lo que executaron con la presteza que la urgencia ped\u00eda.<\/p>\n\n\n\n<p>Entr\u00f3 esta tarde el coronel don Joseph Mas de Roda con ocho cientos fusileros, que ten\u00eda a su comando, y fueron mandados a guarnezer el fosso y parapeto de la muralla, que mira a la parte de Monjuich. Esta noche se estuvo el enemigo sin hazer movimiento alguno.<\/p>\n\n\n\n<p>S\u00fapose el d\u00eda 4 que el pr\u00edncipe Henrrique Landgrave de Hassia av\u00eda partido con mucho acompa\u00f1amiento de cavalleros del pa\u00eds y muchas tropas regladas y ca\u00f1ones de campa\u00f1a de la plaza de L\u00e9rida, como dixe arriba, disponiendo con la mayor viveza y actividad lo que m\u00e1s conduz\u00eda al socorro de nuestra capital, para cuyo efecto se aplic\u00f3 con toda diligencia a que los sometenes se aprestasen sin perder tiempo y acudiessen a la villa de San Cugat y monta\u00f1as de San Ger\u00f3nimo, para tener oprimido al enemigo, molest\u00e1ndole en su mismo campo.<\/p>\n\n\n\n<p>Los cl\u00e9rigos y religiones concurr\u00edan en los trabaxos de fortificaci\u00f3n con tanto calor y continua aplicaci\u00f3n, que cumpl\u00edan como simples gastadores el jornal.<\/p>\n\n\n\n<div style=\"height:100px\" aria-hidden=\"true\" class=\"wp-block-spacer\"><\/div>\n\n\n\n<p><strong>3\u00ba<\/strong><\/p>\n\n\n\n<p><em>Ll\u00e9gannos tropas por el mar. Habre el enemigo sus ataques azia Monjuich. Reconoze su magestad el campo enemigo recorriendo la muralla. Disponen los sitiadores sus quarteles inquiet\u00e1ndolos nuestros paisanos. Reparten los sitiados la gente en los puestos de defensa.<\/em><\/p>\n\n\n\n<p>Entraron las fragatas de Matar\u00f3, Sitges y Vilanova al amanezer del d\u00eda 5, comboiando a muchas barquillas que ven\u00edan cargadas de la gente de Gerona para el socorro de la plaza, hasta el n\u00famero de 1.300 hombres, esto es el regimiento de alemanes de don Gabriel Colbars, el de napolitanos del coronel Castell\u00f3n, de ingl\u00e9s [sic] el regimiento de milord Charlemon, y parte del de olandeses del general Santaman, qued\u00e1ndose aun parte de dicha gente en la villa de Arenys por falta de embarcaciones.<\/p>\n\n\n\n<p>Empez\u00f3 el enemigo a abrir los ataques des del convento de Santa Madrona azia el fuerte de Monjuich, desembarcando a un tiempo de su esquadra compuesta de 26 nav\u00edos de l\u00ednea y una multitud de ganguiles, artiller\u00eda, municiones y pertrechos que encaminava al cuerpo de su ex\u00e9rcito, pero baxando de la monta\u00f1a hasta 400 migueletes de los nuestros por la parte de Llobregat, inquietaron tanto sus comboyes, que les precisaron a mudar de camino. En esta ocasi\u00f3n las tropas enemigas se apoderaron de la Torre del Cabo del r\u00edo Llobregat.<\/p>\n\n\n\n<p>Por la tarde bolvi\u00f3 su magestad a seguir la muralla subi\u00e9ndose despu\u00e9s a Monjuich con el acostumbrado acompa\u00f1amiento, con que los paysanos y soldados tomavan nuevos alientos. Hizo gracia de ayudantes generales suyos al marqu\u00e9s de Rub\u00ed, conde de \u00c7avella, don Juan de Pin\u00f3s, cavallero del Orden de San Juan, a don Vicente Xammar y a don Juan Descallar, si\u00e9ndolo ya el conde Stella, y don Pedro de Almedia, quienes en la expugnaci\u00f3n que hizieron nuestras armas antes contra la misma plaza sobrellevavan la fatiga que casi no podr\u00edan tolerar los nuevamente eligidos, tanto era lo que trabaxaron en la continua distribuci\u00f3n de los \u00f3rdenes que reciv\u00edan de la real boca de su magestad.<\/p>\n\n\n\n<p>Puso el enemigo sus quarteles des de la orilla del mar por la parte del r\u00edo Bes\u00f3s assia San Andr\u00e9s de Palomar, y de esta al Mas Guinard\u00f3, y al convento de Gracia (teniendo las casas que mediavan entre este terreno), Sarri\u00e1 y Pedralbes, de donde se dirig\u00edan hasta el r\u00edo Llobregat.<\/p>\n\n\n\n<p>Pass\u00f3 de la parte de Monjuich a San Andr\u00e9s gran parque de cavaller\u00eda enemiga, que execut\u00f3 en aquel lugar algunas hostilidades, quemando algunas casas de campo, y con esta ocasi\u00f3n se passaron a la ciudad algunos soldados de sus tropas.<\/p>\n\n\n\n<p>No cessavan los paisanos en molestar y perturbar todos los d\u00edas al enemigo en sus quarteles, particularmente en los de Sarri\u00e1 y Gracia tomando muchos cavallos y assemilas en sus proprias tiendas. Baxaron aquella tarde los sometenes de la monta\u00f1a, que llegaron junto a la Torre de Lled\u00f3 sobre Sarri\u00e1, peleando valerosamente, en cuyo renquentro quedaron muchos muertos y heridos del enemigo y pocos de nuestra parte.<\/p>\n\n\n\n<p>Para que los naturales estuviesen en la muralla con la seguridad de sus casas, se dispusieron quatro rondas con dos capitulares y dos cl\u00e9rigos cada una, iendo toda la noche por las calles, y se experiment\u00f3 por esta providencia y prudente disposici\u00f3n el que en todo el assedio no suzedi\u00f3 violencia ni desorden alguno.<\/p>\n\n\n\n<div style=\"height:100px\" aria-hidden=\"true\" class=\"wp-block-spacer\"><\/div>\n\n\n\n<p><strong>4\u00ba<\/strong><\/p>\n\n\n\n<p><em>Ll\u00e9gannos tropas por el mar. Abre el enemigo sus ataques azia Monjuich. Passea y reconoze su magestad el campo enemigo. Disponen los sitiadores sus quarteles, inquiet\u00e1ndoles nuestros paisanos. Reparten los sitiados la gente en los puestos de defensa.<\/em><\/p>\n\n\n\n<p>Acamp\u00e1ronse los regimientos de la guarnizi\u00f3n en el campo de los Jud\u00edos, y se repartieron los puestos de la defensa de Monjuich y de la plaza en la forma siguiente.<\/p>\n\n\n\n<p>Ocup\u00f3 el general milord Dunegal con 300 ingleses del regimiento de Charlemon el castillo de Monjuich y otros tantos alemanes comandados por su coronel don Gabriel Colbars, dexando milord una guardia de su gente en la bater\u00eda que av\u00eda sobre la l\u00ednea de comunicaci\u00f3n. don Joseph Mas de Roda con sus fusileros guarnez\u00eda las obras exteriores, y la l\u00ednea de comunicaci\u00f3n junto a la obra nueva el general Santaman con 300 olandeses, 200 hombres del Regimiento de Guardia de don Antonio de Paguera y Aymerich, con el teniente coronel don Antonio Meca y Cardona, y en lo restante, la Coronela de la ciudad de Manresa, con los sometenes de su veguer\u00edo, y los dem\u00e1s, que av\u00eda del Principado, cubriendo tambi\u00e9n estos la bater\u00eda de San Bertran.<\/p>\n\n\n\n<p>A la otra parte de la l\u00ednea de comunicaci\u00f3n, se pusieron los Dragones de Guardia del regimiento del conde de Sizendorf con sus cavallos; en la punta de la contraescarpa de la Puerta de San Antonio los fusileros del coronel Bach; en la punta de la contraescarpa del Portal del \u00c1ngel la gente catalana del comandante de fusileros Rau; en la punta de las contraescarpa del Portal Nuevo los fusileros de don Antonio Desvalls; en el fort\u00edn de Santa Eularia los dragones ingleses, con la cavaller\u00eda de los regimientos del general de batalla don Pedro Monr\u00e1s y de don Antonio de Clariana con la orden de hazer en la noche la patrulla fuera de la contraescarpa para encontrarse en camino con los dragones del conde de Sizendorf, que dev\u00edan hazer la misma diligencia con ellos.<\/p>\n\n\n\n<p>En la ciudad sobre la brecha 50 hombres del regimiento de guardia de don Antonio de Paguera y Aymerich, en el fuerte de San Antonio ciento del mismo regimiento, y 100 igualmente en el Basti\u00f3n dels Tallers, 50 de ellos en el fuerte de Santa Eularia, y el resto del mencionado regimiento de ret\u00e9n en la Rambla. El regimiento de la guardia de la reyna de Inglaterra assist\u00eda a su magestad en palacio.<\/p>\n\n\n\n<hr class=\"wp-block-separator\"\/>\n\n\n\n<p class=\"has-text-align-center\"><a href=\"http:\/\/gibaltar.cat\/index.php\/documents\/diari-de-francesc-de-casamitjana\/capitol-41\">&lt; Cap\u00edtol 41<\/a> \/ <a href=\"http:\/\/gibaltar.cat\/index.php\/documents\/diari-de-francesc-de-casamitjana\/capitol-43\">Cap\u00edtol 43 ><\/a><\/p>\n","protected":false},"excerpt":{"rendered":"<p>Cap\u00edtulo 42 Avista el duque de Anjou con sus ex\u00e9rcitos nuestra capital y acometen sus tropas a Monjuich. Entran tropas a la plaza, rompiendo por los quarteles del enemigo. Sube su magestad de Monjuich y recorre la muralla. Ll\u00e9ganos trufas por el mar. Habre el enemigo sus ataques azia Monjuich. Passea y reconoze su magestad [&hellip;]<\/p>\n","protected":false},"author":1,"featured_media":0,"parent":400,"menu_order":44,"comment_status":"closed","ping_status":"closed","template":"","meta":[],"_links":{"self":[{"href":"https:\/\/gibaltar.cat\/index.php\/wp-json\/wp\/v2\/pages\/547"}],"collection":[{"href":"https:\/\/gibaltar.cat\/index.php\/wp-json\/wp\/v2\/pages"}],"about":[{"href":"https:\/\/gibaltar.cat\/index.php\/wp-json\/wp\/v2\/types\/page"}],"author":[{"embeddable":true,"href":"https:\/\/gibaltar.cat\/index.php\/wp-json\/wp\/v2\/users\/1"}],"replies":[{"embeddable":true,"href":"https:\/\/gibaltar.cat\/index.php\/wp-json\/wp\/v2\/comments?post=547"}],"version-history":[{"count":2,"href":"https:\/\/gibaltar.cat\/index.php\/wp-json\/wp\/v2\/pages\/547\/revisions"}],"predecessor-version":[{"id":572,"href":"https:\/\/gibaltar.cat\/index.php\/wp-json\/wp\/v2\/pages\/547\/revisions\/572"}],"up":[{"embeddable":true,"href":"https:\/\/gibaltar.cat\/index.php\/wp-json\/wp\/v2\/pages\/400"}],"wp:attachment":[{"href":"https:\/\/gibaltar.cat\/index.php\/wp-json\/wp\/v2\/media?parent=547"}],"curies":[{"name":"wp","href":"https:\/\/api.w.org\/{rel}","templated":true}]}}