{"id":549,"date":"2021-06-28T14:59:48","date_gmt":"2021-06-28T12:59:48","guid":{"rendered":"http:\/\/gibaltar.cat\/?page_id=549"},"modified":"2021-06-28T15:47:21","modified_gmt":"2021-06-28T13:47:21","slug":"capitol-43","status":"publish","type":"page","link":"https:\/\/gibaltar.cat\/index.php\/documents\/diari-de-francesc-de-casamitjana\/capitol-43\/","title":{"rendered":"Cap\u00edtol 43"},"content":{"rendered":"\n<p><strong>Cap\u00edtulo 43<\/strong><\/p>\n\n\n\n<p>\u00c9ntranos un socorro de gente por el mar. Surtidas de paisanos y fusileros. Pertr\u00e9chase un baluarte con 3 morteros, que ofenden a su contrario. Recorre su magestad la muralla. Disposici\u00f3n para el alimento de los soldados. Prosigue el enemigo sus l\u00edneas.<\/p>\n\n\n\n<p>Salida acertada de nuestros soldados. Vehemente fuego de nuestras bater\u00edas. Reglamento en exponer el sant\u00edssimo durante el sitio.<\/p>\n\n\n\n<p>Vehemente fuego de sitiados y sitiadores. \u00c9ntrannos provisiones por el mar. Arrojo de paysanos. Noticia de recuperarse obediencias en el pa\u00eds.<\/p>\n\n\n\n<p>Forman nuevas bater\u00edas sitiados y sitiadores. T\u00f3manle al enemigo paisanos algunos despojos con otros susessos.<\/p>\n\n\n\n<div style=\"height:100px\" aria-hidden=\"true\" class=\"wp-block-spacer\"><\/div>\n\n\n\n<p><strong>Primo<\/strong><\/p>\n\n\n\n<p><em>\u00c9ntranos un socorro de gente por el mar.<\/em><\/p>\n\n\n\n<p>Entraron en el muelle con diferentes barquillas al amanezer del d\u00eda 6 los generales milord Dunegal y Santaman con los cabos ingleses y olandeses, y el resto de las tropas que quedaron en Arenys de las que ven\u00edan de Gerona.<\/p>\n\n\n\n<p>Tomaron por la tarde los paysanos algunos carros del enemigo cerca de sus quarteles sin alguna oposici\u00f3n.<\/p>\n\n\n\n<p>Un nav\u00edo de la esquadra del franc\u00e9s a las 5 de la tarde hizo llamada, y luego dispar\u00f3 la capitana y todos los dem\u00e1s nav\u00edos de aquella la artiller\u00eda tres vezes con motivo de que el duque de Anjou se acerc\u00f3 a la marina.<\/p>\n\n\n\n<p>En el Baluarte de San Antonio se pusieron tres morteros para incomodar con bombas al enemigo, y impedirle los trabaxos de las l\u00edneas, que formava des de Santa Madrona a Monjuich.<\/p>\n\n\n\n<p>Passe\u00f3 su magestad esta tarde con la solita comitiva toda la muralla, infundiendo su real presencia a todos los que la coronavan un summo valor, y subiendo despu\u00e9s a reconozer el estado en que se hallavan las obras de defensa de Monjuich, transit\u00f3 a la buelta por dentro de la ciudad. Desertaron del campo enemigo tres soldados, que vinieron a nuestra plaza.<\/p>\n\n\n\n<p>El cavildo de la santa iglesia, comunidades ecclesi\u00e1sticas, ciudad, Deputaci\u00f3n, brazo militar y muchos particulares contribuyeron todos los d\u00edas que dur\u00f3 el sitio en el gasto de las ollas que se haz\u00edan para el alimento de los soldados, sometenes y migueletes, entre los quales se distribuh\u00edan passadas de 3.000 raciones diariamente, que bastava cada una para la manutenci\u00f3n y sustento de qualquier persona, extendi\u00e9ndose despu\u00e9s este acto caritativo al hospital de los soldados heridos y enfermos con otras ollas en que se les haz\u00edan aparte sus caldos, corriendo esta incumbencia por la conducta de algunos cl\u00e9rigos y la del trabaxo de guisarlas, por la aplicaci\u00f3n de las hermanas del convento de Nuestra Se\u00f1ora de Misericordia, que con grande fervor se dedicaron en tan piadoso exerzicio.<\/p>\n\n\n\n<p>Los fusileros de don Antonio Desvalls, del coronel Bach y de Rau a las quatro de la tarde del d\u00eda siete embistieron las l\u00edneas del enemigo, y aviendo logrado con singular valor la felizidad de haz\u00e9rselas desamparar mucha parte de ellas, poni\u00e9ndoles en confusi\u00f3n, las huvieron de dexar despu\u00e9s de un rato sin p\u00e9rdida de consideraci\u00f3n, porque el socorro que iva para sostenerles no pudo llegar a tiempo por haver cargado el enemigo con muchas tropas para su recobro.<\/p>\n\n\n\n<p>Puso nuestro adversario una bater\u00eda de 5 morteros en la casa de Mar\u00eda la Pastelera, que est\u00e1 m\u00e1s arriba del convento de Santa Madrona entre la l\u00ednea de comunicaci\u00f3n y aquel convento a igual distancia para arrojar bombas al fuerte de Monjuich, y incomodar nuestros gastadores en los trabajos que adelantavan en aquel fuerte.<\/p>\n\n\n\n<p>Los sometenes que se hallavan en San Ger\u00f3nimo y Collcerola baxaron a las siete de la noche al quartel enemigo de Sarri\u00e1 y embisti\u00e9ndole con singular denuevo despu\u00e9s de aver muerto a muchos franceses, les quemaron algunas tiendas.<\/p>\n\n\n\n<p>Mir\u00e1ronse muy adelantadas las l\u00edneas enemigas el d\u00eda 8 azia Monjuich por la parte de la lengua de sierpe, y la mencionada bater\u00eda de cinco morteros, con que empez\u00f3 a arrojar bombas y granadas reales al mismo fuerte, si bien con muy poco da\u00f1o de los nuestros, experiment\u00e1ndole el enemigo mucho m\u00e1s de nuestra artiller\u00eda.<\/p>\n\n\n\n<p>Entraron a la plaza dos desertores criados del conde de Frigiliana, assegurando que en el campo enemigo se padez\u00edan algunas incomodidades de v\u00edveres, respecto de faltarles la assistencia del pa\u00eds: lo mismo confirmaron los desertores, que llegaron poco despu\u00e9s.<\/p>\n\n\n\n<p>Entre la l\u00ednea de comunicaci\u00f3n y convento de Santa Madrona, empezaron los sitiados un fuerte, tirando una l\u00ednea baxo aquella, para impedir la que el enemigo av\u00eda comenzado con designio de apoderarse de ella, y a vista de la oposici\u00f3n que se le hizo la dex\u00f3.<\/p>\n\n\n\n<div style=\"height:100px\" aria-hidden=\"true\" class=\"wp-block-spacer\"><\/div>\n\n\n\n<p><strong>2\u00ba<\/strong><\/p>\n\n\n\n<p><em>Salida acertada de nuestros soldados. Vehemente fuego de nuestras bater\u00edas. Reglamento en exponer el sant\u00edssimo durante el sitio.<\/em><\/p>\n\n\n\n<p>El capit\u00e1n Galopo a las 3 de la tarde del d\u00eda nueve con quinientos granaderos escogidos de todos los regimientos de la guarnizi\u00f3n, y assistido de algunos fusileros catalanes, que mandavan don Antonio Desvalls, el coronel Bach, el coronel don Joseph Mas de Roda, y Rau, embistieron las l\u00edneas enemigas que se dirig\u00edan de Santa Madrona a Monjuich, con tal valor y ardimiento, que les precisaron a dexarlas, pero avi\u00e9ndole socorrido un considerable refresco de tropas, y puesto en arma todo el campo, pudieron recuperarlas aunque con mucha p\u00e9rdida de muertos, heridos y prisioneros.<\/p>\n\n\n\n<p>Nuestra artiller\u00eda de Monjuich, Puerta de San Antonio y de los dem\u00e1s baluartes jug\u00f3 incessantemente, logrando muy bien los tiros, arrojando assimismo de Monjuich con tres morteros piedras a los avanzes del enemigo, y se repar\u00f3 que algunas balas mataron muchos cavallos de los que sean se hallavan en la Cruz Cubierta.<\/p>\n\n\n\n<p>Previno la gran christiandad del rey nuestro se\u00f1or al vicario general del obispo entre otras cosas, que todos los d\u00edas estuviesse el sant\u00edssimo patente en dos iglesias de la ciudad, y que en todas las funcciones de avanzes del enemigo o surtidas de los nuestros, en la cathedral y dem\u00e1s iglesia, lo que se execut\u00f3 con mucha edificaci\u00f3n del pueblo.<\/p>\n\n\n\n<div style=\"height:100px\" aria-hidden=\"true\" class=\"wp-block-spacer\"><\/div>\n\n\n\n<p><strong>3\u00ba<\/strong><\/p>\n\n\n\n<p><em>Vehemente juego de sitiados y sitiadores. \u00c9ntrannos provisiones por el mar. Arrojo de paisanos. Noticias de recuperarse obediencias en el pa\u00eds.<\/em><\/p>\n\n\n\n<p>Dispar\u00f3 toda esta noche nuestra mosqueter\u00eda del fuerte de Monjuich, echando a su comp\u00e1s los morteros un diluvio de piedras a los trabaxos del enemigo, y ass\u00ed adelantaron muy poco los gastadores sus obras, y al amanezer continu\u00f3 el fuego la artiller\u00eda hasta las ocho de la ma\u00f1ana un disparo continuo.<\/p>\n\n\n\n<p>Resentido el enemigo de los acertados tiros que hizieron contra \u00e9l nuestras bater\u00edas el d\u00eda 9, quiso vengarse al 10 del mal que causaron en los suyos, disparando una multitud de bombas y granadas reales, con p\u00e9rdida solo de dos soldados de los nuestros, y fu\u00e9 mucho mayor el da\u00f1o que recivi\u00f3 de la artiller\u00eda de la plaza y de las bombas que se le arrojaron del Basti\u00f3n de San Pablo, como lo manifestaron los cuerpos que se vieron tendidos por el suelo de los suyos.<\/p>\n\n\n\n<p>Entraron a nuestro muelle las fragatas de Matar\u00f3, Sitges y Vilanova con diferentes g\u00e9neros de provisiones para el sustento de la plaza. Reciviose aviso de Villafranca del Panad\u00e9s de que el d\u00eda 5 se encaminaron de Esparaguera [sic] 70 cavallos con partida de sometenes a recuperar la obediencia de aquella villa y sus dependencias donde hallaron 55 carros del enemigo, y que el conde de Cifuentes av\u00eda echo alg\u00fan destacamento de sus tropas para reforzar algunos passos, por donde nuestro contrario pod\u00eda embarazar los socorros que nos ven\u00edan de Valencia y impedir los suyos que por aquella parte pod\u00edan entrarle, encamin\u00e1ndose el mencionado conde, con su gente, sigui\u00e9ndola la del coronel don Joseph de Peguera del Gra a la monta\u00f1a de San Ger\u00f3nimo y San Cugat para unirse con toda la gente del pa\u00eds, y 300 cavallos del regimiento de Monras, que ya se hallavan en aquel parage.<\/p>\n\n\n\n<p>Sali\u00f3 su magestad con todo el acostumbrado acompa\u00f1amiento a reconozer el campo enemigo, recorriendo la muralla siendo de particular aliento para los soldados y paisanos aquel exerzicio, que casi todos los d\u00edas executava.<\/p>\n\n\n\n<p>A las quatro de la tarde los de la monta\u00f1a tocaron arma al enemigo, embisti\u00e9ndole por la parte de Sarri\u00e1, pero como luego su cavaller\u00eda, que ten\u00eda apostada en aquel parage, y en el convento de Nuestra Se\u00f1ora de Gracia, se incorpor\u00f3 comboyando la infanter\u00eda, que iva a mudar la guardia de los ataques de Monjuich, fueron precisados los nuestros a retirarse sin recivir alg\u00fan da\u00f1o. Toda aquella noche dispararon del castillo los morteros considerable porci\u00f3n de piedras y muchos tiros de mosqueter\u00eda para estorvar sus trabajos, continu\u00e1ndolo al amanezer, al comp\u00e1s de la artiller\u00eda que sin cessar ass\u00ed del castillo, como de la plaza a quantos pod\u00eda descubrir en sus l\u00edneas, y ataques, disparava todos los d\u00edas hazi\u00e9ndoles considerable da\u00f1o.<\/p>\n\n\n\n<p>Quareinta paisanos de los que estavan en la monta\u00f1a deseosos de entrar en la plaza rompieron por el quartel que ten\u00edan los sitiadores en la parte de Gracia, y lograron este arrojo felizmente, de cuyo valor se aturdieron los mismos enemigos, lo que supimos por dos desertores, que nos vinieron de aquel quartel subsiguientemente.<\/p>\n\n\n\n<div style=\"height:100px\" aria-hidden=\"true\" class=\"wp-block-spacer\"><\/div>\n\n\n\n<p><strong>4<\/strong><\/p>\n\n\n\n<p><em>Forman nuevas bater\u00edas sitiados y sitiadores. T\u00f3manle al enemigo algunos despojos los paysanos.<\/em><\/p>\n\n\n\n<p>Aplic\u00e1ronse los sitiados el d\u00eda 11 en formar algunas bater\u00edas des de la Puerta de San Antonio hasta las Atarazanas, que fueron de mucha importancia por el da\u00f1o que haz\u00edan al enemigo, que tambi\u00e9n plant\u00f3 una nueva sobre el convento de Santa Madrona para disparar a la plaza, arrojando al mismo tiempo muchas bombas a Monjuich con los morteros, que ten\u00eda en casa Mar\u00eda la Pastelera si bien no hizieron da\u00f1o de consideraci\u00f3n.<\/p>\n\n\n\n<p>Fueron los paisanos junto a los quarteles de Gracia, y en medio de mucho fuego tomaron no pocos despojos, haziendo prisioneros a dos franceses, que dixeron que en el arma que les tocaron el d\u00eda antecedente los nuestros de la monta\u00f1a av\u00edan muerto a su capit\u00e1n y quatro soldados. Desertaron tres alemanes del campo, que montados en sus cavallos entraron en la plaza.<\/p>\n\n\n\n<p>La ciudad, Deputaci\u00f3n y brazo militar expendieron grandes summas de dinero en gastadores, para trabaxar en todas las obras de defensa, tanto en Monjuich, como en las cortaduras, que se hizieron durante el sitio.<\/p>\n\n\n\n<hr class=\"wp-block-separator\"\/>\n\n\n\n<p class=\"has-text-align-center\"><a href=\"http:\/\/gibaltar.cat\/index.php\/documents\/diari-de-francesc-de-casamitjana\/capitol-42\">&lt; Cap\u00edtol 42<\/a> \/ <a href=\"http:\/\/gibaltar.cat\/index.php\/documents\/diari-de-francesc-de-casamitjana\/capitol-44\">Cap\u00edtol 44 ><\/a><\/p>\n","protected":false},"excerpt":{"rendered":"<p>Cap\u00edtulo 43 \u00c9ntranos un socorro de gente por el mar. Surtidas de paisanos y fusileros. Pertr\u00e9chase un baluarte con 3 morteros, que ofenden a su contrario. Recorre su magestad la muralla. Disposici\u00f3n para el alimento de los soldados. Prosigue el enemigo sus l\u00edneas. Salida acertada de nuestros soldados. Vehemente fuego de nuestras bater\u00edas. Reglamento en [&hellip;]<\/p>\n","protected":false},"author":1,"featured_media":0,"parent":400,"menu_order":45,"comment_status":"closed","ping_status":"closed","template":"","meta":[],"_links":{"self":[{"href":"https:\/\/gibaltar.cat\/index.php\/wp-json\/wp\/v2\/pages\/549"}],"collection":[{"href":"https:\/\/gibaltar.cat\/index.php\/wp-json\/wp\/v2\/pages"}],"about":[{"href":"https:\/\/gibaltar.cat\/index.php\/wp-json\/wp\/v2\/types\/page"}],"author":[{"embeddable":true,"href":"https:\/\/gibaltar.cat\/index.php\/wp-json\/wp\/v2\/users\/1"}],"replies":[{"embeddable":true,"href":"https:\/\/gibaltar.cat\/index.php\/wp-json\/wp\/v2\/comments?post=549"}],"version-history":[{"count":2,"href":"https:\/\/gibaltar.cat\/index.php\/wp-json\/wp\/v2\/pages\/549\/revisions"}],"predecessor-version":[{"id":571,"href":"https:\/\/gibaltar.cat\/index.php\/wp-json\/wp\/v2\/pages\/549\/revisions\/571"}],"up":[{"embeddable":true,"href":"https:\/\/gibaltar.cat\/index.php\/wp-json\/wp\/v2\/pages\/400"}],"wp:attachment":[{"href":"https:\/\/gibaltar.cat\/index.php\/wp-json\/wp\/v2\/media?parent=549"}],"curies":[{"name":"wp","href":"https:\/\/api.w.org\/{rel}","templated":true}]}}