{"id":551,"date":"2021-06-28T15:01:12","date_gmt":"2021-06-28T13:01:12","guid":{"rendered":"http:\/\/gibaltar.cat\/?page_id=551"},"modified":"2021-06-28T15:46:40","modified_gmt":"2021-06-28T13:46:40","slug":"capitol-44","status":"publish","type":"page","link":"https:\/\/gibaltar.cat\/index.php\/documents\/diari-de-francesc-de-casamitjana\/capitol-44\/","title":{"rendered":"Cap\u00edtol 44"},"content":{"rendered":"\n<p><strong>Cap\u00edtulo 44<\/strong><\/p>\n\n\n\n<p>Emprenden los sitiadores una nueva l\u00ednea para comunicarla con sus ataques. Disp\u00f3nense sus nav\u00edos para impedir la entrada de nuestros socorros. Recorre su magestad la muralla. Lento disparo de unos y otros.<\/p>\n\n\n\n<p>Arroja el enemigo todo su fuego para hazer brecha. Principian los nuestros una mina, prosiguiendo en las obras de defensa. Disparan los de afuera con 3 bater\u00edas, lleg\u00e1ndoles balandras de Tol\u00f3n.<\/p>\n\n\n\n<p>Forman los sitiadores m\u00e1s bater\u00edas. Ac\u00e9rcanse a la contraescarpa de Monjuich. Plantan una bater\u00eda de balas incendiarias. Avanzan la lengua de sierpe y la de buey, y ocupando la primera plantan una bater\u00eda en \u00e9lla.<\/p>\n\n\n\n<p>Dirige el contrario su fuego contra el Baluarte de San Felipe, disparando balas incendiarias a la ciudad. Fortif\u00edcanse los nuestros. Disp\u00f3nense sus balandras para echar bombas. Passa su magestad a San Pedro para el resguardo de ellas.<\/p>\n\n\n\n<div style=\"height:100px\" aria-hidden=\"true\" class=\"wp-block-spacer\"><\/div>\n\n\n\n<p><strong>Primo<\/strong><\/p>\n\n\n\n<p><em>Emprenden los sitiadores una nueva l\u00ednea.<\/em><\/p>\n\n\n\n<p>Para comunicar sus ataques los sitiadores empezaron al 12 una l\u00ednea, el uno de los dos aproches tirava por la parte de Santa Madrona, y el otro por la de Port. Con los quales se acerc\u00f3 a menos de tiro de pistola de la contraescarpa del fuerte de Monjuich.<\/p>\n\n\n\n<p>Passaron de la armada dos nav\u00edos de los que estavan sobre el hierro frente del r\u00edo Llobregat, con otras embarcaciones, a la parte del de Bes\u00f3s para embarazar los continuos socorros que cada d\u00eda entravan de Matar\u00f3 y otros lugares de la costa.<\/p>\n\n\n\n<p>Fu\u00e9 su magestad con mucho acompa\u00f1amiento a reconozer la muralla y alentar con su vista a todos vitori\u00e1ndole gosos\u00edssimos al passar soldados y paisanos que guarnez\u00edan.<\/p>\n\n\n\n<p>Vinieron quatro desertores que dieron noticia de que con el disparo tan excessivo que hizieron los nuestros de Monjuich av\u00edan muerto los dos ingenieros principales del ex\u00e9rcito enemigo. Tom\u00e1ronle los paisanos algunos cavallos y multitud de azemilas junto a sus quarteles.<\/p>\n\n\n\n<p>No fu\u00e9 mucho el disparo de nuestra artiller\u00eda. El del enemigo se reduxo a hazer jugar solo la bater\u00eda de cinco ca\u00f1ones, que ten\u00eda en Santa Madrona, encaminando su fuego al Baluarte de San Felipe, bien que con poco da\u00f1o, porque solo descubr\u00eda la extremidad de la muralla, y la mayor parte de las balas passavan al mar. Desertaron de su campo 3 alemanes, encareziendo mucho la miseria que en \u00e9l se padez\u00eda por no entrarles v\u00edveres algunos del pa\u00eds, temiendo mucho a su naturales, que des de la monta\u00f1a les inquietavan sin cessar.<\/p>\n\n\n\n<p>Continu\u00f3 su magestad el solito exerzicio de reconozer los trabaxos y obras de defensa animando a los soldados y vezinos que las presidiavan.<\/p>\n\n\n\n<div style=\"height:100px\" aria-hidden=\"true\" class=\"wp-block-spacer\"><\/div>\n\n\n\n<p><strong>2\u00ba<\/strong><\/p>\n\n\n\n<p><em>Arroja el enemigo todo su fuego para hazer brecha. Principian los nuestros una mina, prosiguiendo en las obras de defensa. Disparan los de afuera con 3 bater\u00edas, lleg\u00e1ndoles balandras de Tol\u00f3n.<\/em><\/p>\n\n\n\n<p>Dispar\u00f3 el enemigo de las bater\u00edas de casa Mar\u00eda la Pastelera con cinco ca\u00f1ones, y de la de sobre Santa Madrona al amanezer del d\u00eda 13 tirando a hazer brecha al Baluarte de San Felipe, y aunque era poco el efecto, se iva limpiando con toda presteza la ruina que haz\u00edan. Diose principio a una mina azia la lengua de sierpe para bolarla en caso de que el adversario la ganase, trabaxando con mucho vigor ass\u00ed naturales como soldados en los fossos, estacadas, cortaduras y reparos para defensa de aquel fuerte, unos a expensas de su magestad y de la ciudad, y otros que voluntariamente sin paga exerzitavan en aquel trabajo.<\/p>\n\n\n\n<p>Al anocheser hizieron grande salva los sitiadores con su artiller\u00eda, morteros y mosqueter\u00eda por aver llegado otra vez a aquellas cercan\u00edas el de Anjou seg\u00fan dixeron un alem\u00e1n y dos franceses, que desertaron de su campo aquel d\u00eda.<\/p>\n\n\n\n<p>Al rayar el alba del d\u00eda 14 empez\u00f3 el enemigo a disparar con tres bater\u00edas de 16 piezas de batir, que tiravan al Baluarte de San Felipe a la lengua de buey, pero con poco estrago, particularmente en el baluarte por estar cubierto de la contraescarpa y porque la mayor parte de las balas o davan en la esplanisada o passavan al mar.<\/p>\n\n\n\n<p>Vinieron de Tol\u00f3n algunos nav\u00edos con dos balandras, conduciendo una flota de embarcaciones menores cargadas de v\u00edveres, y ass\u00ed juntos llegavan al n\u00famero de 34 no aviendo m\u00e1s de l\u00ednea que unos 26 en que consist\u00eda toda la fuerza mar\u00edtima enemiga.<\/p>\n\n\n\n<p>Tomaron los paisanos quatro cavallos y treinta azemilas del enemigo, desertando de su campo quatro alemanes y un castellano, que dixo ser criado de don Joseph Grimaldi secretario del despacho de guerra del duque de Anjou.<\/p>\n\n\n\n<div style=\"height:100px\" aria-hidden=\"true\" class=\"wp-block-spacer\"><\/div>\n\n\n\n<p><strong>3\u00ba<\/strong><\/p>\n\n\n\n<p><em>Forman los sitiadores m\u00e1s bater\u00edas. Ac\u00e9rcanse a la contraescarpa de Monjuich. Plantan una bater\u00eda de balas incendiarias. Avanzan la lengua de sierpe y la de buey, y ocupando la primera forman en ella una bater\u00eda.<\/em><\/p>\n\n\n\n<p>Empezaron los de la plaza en la Puerta de San Antonio y en el muro delante de San Pablo dos bater\u00edas para desmontar las del enemigo y impedir la prosecuci\u00f3n de sus obras. Sali\u00f3 su magestad con el acostumbrado acompa\u00f1amiento a reconozer las operaciones del enemigo, a tiempo que una bomba que se dispar\u00f3 de nuestras bater\u00edas peg\u00f3 fuego a algunos barriles de p\u00f3lvora que ten\u00edan los sitiadores junto a las suyas, de que recivieron muy grande da\u00f1o.<\/p>\n\n\n\n<p>Acerc\u00e1ronse tanto los enemigos a la contraescarpa de Monjuich al 15 que se les pod\u00eda tirar piedras con la mano a sus ataques, dexando de disparar su bater\u00eda por ver que era in\u00fatil su disparo, passando todas las balas al mar. Observose de Monjuich que los sitiadores embarcavan algunas tropas, lo que nos di\u00f3 que penzar, ser alg\u00fan cauteloso ardid para executar alg\u00fan atentado contra la plaza.<\/p>\n\n\n\n<p>A las 11 del d\u00eda se bol\u00f3 un almaz\u00e9n de p\u00f3lvora que ten\u00eda el enemigo en la parte de Santa Madrona, que hizo muy considerable da\u00f1o en los suyos, y assimismo las piedras, que echaron los morteros de Monjuich en los ataques, consiguiendo estorvarle la l\u00ednea que prosegu\u00eda azia el baluarte de la lengua de buey, que estava tan adelantada, que solo distava un tiro de pistola de las obras exteriores.<\/p>\n\n\n\n<p>Pusieron los sitiadores baxo el convento de Santa Madrona una bater\u00eda de balas incendiarias para estorvar la conclusi\u00f3n de la nuestra, que se perfizionava en el lienzo de la muralla, que corre des de la Puerta de San Antonio hasta San Pablo, y tirar a la ruina de la ciudad.<\/p>\n\n\n\n<p>A las ocho de la noche empez\u00f3 el enemigo a tirar muchas bombas al castillo, con cuya se\u00f1a embisti\u00f3 a la lengua de sierpe con 1.500 granaderos, governados por el teniente general Asfelt, y hall\u00e1ndose aquel puesto solo con 50 hombres del Regimiento de Guardia Catalana, que mandava el teniente coronel don Antonio Meca y de Cardona con don Francisco Puig y Sorribas, les fu\u00e9 preciso retirarse lo que executaron con muy poca p\u00e9rdida. Ocupando el enemigo este puesto, encaminose azia la lengua del buey, que defend\u00eda don Antonio Puig con 60 hombres, y el orej\u00f3n de dicha lengua don Felipe de Armengol con 20 hombres, que con valor resistieron a la primera furia de los sitiadores, los quales irritados de este lanze, y reforzados con grande n\u00famero de tropas, repitieron tan fuertes avanzes que a no haver acudido el general milord Dunegal con sus ingleses, que reforz\u00f3 con singular valor nuestros soldados, lograva el enemigo hazerse due\u00f1o de las obras nuevas de Monjuich, quedando solamente fortificado a la punta de la lengua de sierpe, en cuya funcci\u00f3n perdimos entre muertos y heridos algunos 100 hombres entre los quales fueron heridos pocos cabos, pero el enemigo experiment\u00f3 m\u00e1s considerable p\u00e9rdida pues le faltaron passados de 500 hombres entre muertos y heridos. Dur\u00f3 la pelea hasta medianoche, dando en aquella ocasi\u00f3n todas las providencias el mariscal de campo general conde de Ulefeld y el general Santaman.<\/p>\n\n\n\n<p>Dispararon los sitiadores toda la noche hasta el amanezer muchas bombas al fuerte de Monjuich, respondi\u00e9ndoles los nuestros con piedras de los morteros, que les ocasionaron grave da\u00f1o.<\/p>\n\n\n\n<p>Logrando el enemigo la lengua de sierpe, empez\u00f3 a trabajar en ella una bater\u00eda, que descubr\u00eda bien el Baluarte de San Felipe.<\/p>\n\n\n\n<p>El embaxador de Portugal conde de Assumar assisti\u00f3 a su magestad con el cargo de su incumbencia, y este d\u00eda y otros subi\u00f3 al castillo de Monjuich para observar los designios, siguiendo todas las obras de defensa que nuestra guarnizi\u00f3n adelantava en aquel fuerte, y los dem\u00e1s de la plaza en el discurso del sitio, subministrando a su magestad todo lo que sus grandes talentos alcanzavan.<\/p>\n\n\n\n<div style=\"height:100px\" aria-hidden=\"true\" class=\"wp-block-spacer\"><\/div>\n\n\n\n<p><strong>4\u00ba<\/strong><\/p>\n\n\n\n<p><em>Dirige el contrario todo su juego contra el Baluarte de San Felipe disparando balas incendiarias a la ciudad. Fortif\u00edcanse los nuestros. Disp\u00f3nense las balandras para echar bombas. Passa su magestad al convento de San Pedro para resguardarse de las bombas.<\/em><\/p>\n\n\n\n<p>Al rayar del d\u00eda 16 empez\u00f3 el enemigo a batir des de aquella bater\u00eda de la lengua de sierpe el referido Baluarte de San Felipe, y a jugar con otra bater\u00eda de 6 ca\u00f1ones contra el mismo baluarte, en el qual se empez\u00f3 luego una cortadura por nuestra parte, con todas las dem\u00e1s defensas que se pudieran executar, y el enemigo tir\u00f3 otra l\u00ednea con regularidad por no perder gente, y por la defensa del puesto que av\u00eda ocupado.<\/p>\n\n\n\n<p>Pusi\u00e9ronse a las 10 del d\u00eda [sic] las dos balandras a la vela con sus quatro nav\u00edos, arrim\u00e1ndose a la ciudad a tiro de ca\u00f1\u00f3n por la parte de levante, y dando fondo nos manifestaron bastantemente la intenci\u00f3n de arrojar bombas a la ciudad, y respecto de hallarse el Real Palacio tan expuesto a sus estragos, resolvi\u00f3 su magestad passarse al convento de San Pedro por ser este puesto menos expuesto, lo que execut\u00f3 esta misma tarde con mucha nobleza militar y cathalana, que le iva sirviendo.<\/p>\n\n\n\n<p>Continu\u00f3 a la noche el enemigo su fuego con bombas y artiller\u00eda a Monjuich, y balas incendiarias a la ruina de los edificios de la ciudad, a cuyo vehemente disparo respondi\u00f3 la guarnizi\u00f3n con granadas, mosqueter\u00eda y piedras de sus morteros, que le ocasionavan un da\u00f1o muy considerable en sus obras. Revent\u00f3sele en la bater\u00eda de casa Mar\u00eda la Pastelera un mortero que hizo mucho estrago.<\/p>\n\n\n\n<hr class=\"wp-block-separator\"\/>\n\n\n\n<p class=\"has-text-align-center\"><a href=\"http:\/\/gibaltar.cat\/index.php\/documents\/diari-de-francesc-de-casamitjana\/capitol-43\">&lt; Cap\u00edtol 43<\/a> \/ <a href=\"http:\/\/gibaltar.cat\/index.php\/documents\/diari-de-francesc-de-casamitjana\/capitol-45\">Cap\u00edtol 45 ><\/a><\/p>\n","protected":false},"excerpt":{"rendered":"<p>Cap\u00edtulo 44 Emprenden los sitiadores una nueva l\u00ednea para comunicarla con sus ataques. Disp\u00f3nense sus nav\u00edos para impedir la entrada de nuestros socorros. Recorre su magestad la muralla. Lento disparo de unos y otros. Arroja el enemigo todo su fuego para hazer brecha. Principian los nuestros una mina, prosiguiendo en las obras de defensa. Disparan [&hellip;]<\/p>\n","protected":false},"author":1,"featured_media":0,"parent":400,"menu_order":46,"comment_status":"closed","ping_status":"closed","template":"","meta":[],"_links":{"self":[{"href":"https:\/\/gibaltar.cat\/index.php\/wp-json\/wp\/v2\/pages\/551"}],"collection":[{"href":"https:\/\/gibaltar.cat\/index.php\/wp-json\/wp\/v2\/pages"}],"about":[{"href":"https:\/\/gibaltar.cat\/index.php\/wp-json\/wp\/v2\/types\/page"}],"author":[{"embeddable":true,"href":"https:\/\/gibaltar.cat\/index.php\/wp-json\/wp\/v2\/users\/1"}],"replies":[{"embeddable":true,"href":"https:\/\/gibaltar.cat\/index.php\/wp-json\/wp\/v2\/comments?post=551"}],"version-history":[{"count":2,"href":"https:\/\/gibaltar.cat\/index.php\/wp-json\/wp\/v2\/pages\/551\/revisions"}],"predecessor-version":[{"id":570,"href":"https:\/\/gibaltar.cat\/index.php\/wp-json\/wp\/v2\/pages\/551\/revisions\/570"}],"up":[{"embeddable":true,"href":"https:\/\/gibaltar.cat\/index.php\/wp-json\/wp\/v2\/pages\/400"}],"wp:attachment":[{"href":"https:\/\/gibaltar.cat\/index.php\/wp-json\/wp\/v2\/media?parent=551"}],"curies":[{"name":"wp","href":"https:\/\/api.w.org\/{rel}","templated":true}]}}