{"id":553,"date":"2021-06-28T15:03:10","date_gmt":"2021-06-28T13:03:10","guid":{"rendered":"http:\/\/gibaltar.cat\/?page_id=553"},"modified":"2021-06-28T15:46:04","modified_gmt":"2021-06-28T13:46:04","slug":"capitol-45","status":"publish","type":"page","link":"https:\/\/gibaltar.cat\/index.php\/documents\/diari-de-francesc-de-casamitjana\/capitol-45\/","title":{"rendered":"Cap\u00edtol 45"},"content":{"rendered":"\n<p><strong>Cap\u00edtulo 45<\/strong><\/p>\n\n\n\n<p>Dispara el enemigo al baluarte con 40 ca\u00f1ones poniendo otros baxo el convento de Gracia peque\u00f1os. Avanza su l\u00ednea azia el baluarte. T\u00f3manle migueletes y paisanos mulos y cavallos.<\/p>\n\n\n\n<p>Arrojan bombas las balandras y la bater\u00eda de Santa Madrona balas incendiarias no cessando el fuego de las dem\u00e1s contra la brecha del baluarte.<\/p>\n\n\n\n<p>Adelantan los sitiadores su brecha. Aplicaci\u00f3n de sitiados en las obras de defensa. Surtida bien lograda de la plaza. Bombardeo a la ciudad con disparos de balas incendiarias.<\/p>\n\n\n\n<p>Avanza el enemigo por tres partes, y logra mucha parte de las obras nuevas de Monjuich.<\/p>\n\n\n\n<div style=\"height:100px\" aria-hidden=\"true\" class=\"wp-block-spacer\"><\/div>\n\n\n\n<p><strong>1\u00ba<\/strong><\/p>\n\n\n\n<p><em>Dispara el enemigo al baluarte con 40 ca\u00f1ones.<\/em><\/p>\n\n\n\n<p>Aument\u00f3 el enemigo al 17 tanto fuego contra el mencionado baluarte con sus 7 bater\u00edas, compuestas de 40 ca\u00f1ones, que fu\u00e9 un terror su disparo para hazer brecha, cuyas ruinas se limpiaron por los nuestros a la noche, reparando el da\u00f1o con tierra y faxinas.<\/p>\n\n\n\n<p>Avanzan los sitiadores su l\u00ednea azia el fuerte, aunque nuestra artiller\u00eda y mosqueter\u00eda, y las piedras de los morteros, que se echavan le incomodavan mucho la prosecuci\u00f3n de sus obras.<\/p>\n\n\n\n<p>Puso el enemigo baxo del convento de Gracia unos ca\u00f1ones para ofender a nuestra gente, que estava fortificada en el convento de los capuchinos. Reparose que haz\u00eda grandes fortines en el recinto de la monta\u00f1a, que ocupava para impedirnos los socorros de paisanos, poniendo la mayor parte de su cavaller\u00eda des de San Andr\u00e9s a la orilla del mar.<\/p>\n\n\n\n<p>Los migueletes y naturales llegaron hasta las tiendas de su contrario, y cogiendo m\u00e1s de 30 mulos y cavallos, entraron en la ciudad con ellos muy alegres por el logro de aquel despojo. Passaron a ella nueve desertores alemanes, que todos tomaron partido.<\/p>\n\n\n\n<p>Concurr\u00eda el com\u00fan de la ciudad, Deputaci\u00f3n y brazo militar con toda actividad a quanto importava a la defensa de la plaza, insiguiendo los \u00f3rdenes que reciv\u00edan de su magestad con todo desvelo y aplicaci\u00f3n.<\/p>\n\n\n\n<p>El comandante general de Inglaterra y Olanda milord conde de Peterboroug tuvo consexo de guerra en Martorel con assistencia del conde de Cifuentes, pr\u00edncipe Henrrique Landgrave de Hassia, marqu\u00e9s de Rub\u00ed, don Felipe Ferran, don Miguel de Alentorn y Pin\u00f3s, el brigadier Palm y el brigadier Wils, y luego todos se fueron a la monta\u00f1a de San Ger\u00f3nimo donde av\u00edan ya acudido los sometenes de la provincia en n\u00famero muy considerable para fazilitar el socorro de la plaza.<\/p>\n\n\n\n<div style=\"height:100px\" aria-hidden=\"true\" class=\"wp-block-spacer\"><\/div>\n\n\n\n<p><strong>2\u00ba<\/strong><\/p>\n\n\n\n<p><em>Arrojan bombas las balandras a la ciudad, y la bater\u00eda de Santa Madrona balas incendiarias, no cessando el fuego de las dem\u00e1s contra la brecha del baluarte.<\/em><\/p>\n\n\n\n<p>Acerc\u00e1ronse las balandras por la tarde del 19, y aunque de los baluartes de la parte del mar les dispararon mucho con la artiller\u00eda, echaron aquellas ocho bombas a la ciudad, y a un tiempo muchas balas incendiarias a su caser\u00eda la bater\u00eda de Santa Madrona, arrojando assimismo las dem\u00e1s bater\u00edas mucho fuego dirigido a la brecha, que ya ten\u00edan los sitiadores avanzada en el Baluarte de San Felipe, logrando las bombas, que apuntaron sus bombarderos al mismo baluarte alg\u00fan da\u00f1o hiriendo unos seys soldados de los nuestros.<\/p>\n\n\n\n<p>Llegaron al muelle las fragatas de Matar\u00f3, Sitges, Vinar\u00f3s y Vilanova cargadas de v\u00edveres, municiones y faxinas. Desertaron 11 suissos, que dixeron quer\u00eda el enemigo dar assalto por la lengua de buey a la brecha del baluarte y l\u00ednea de comunicaci\u00f3n con 200 hombres por cada parte, lo que confirmaron dos sargentos, que nos vinieron de su campo.<\/p>\n\n\n\n<p>A las nueve y media de la noche bolvieron las balandras a echar bombas a la ciudad, continuando el bombardeo hasta las 3 de la ma\u00f1ana en n\u00famero de 149 que hizieron mucha ruina en las casas y edificios llegando m\u00e1s all\u00e1 de la cathedral y en el huerto del convento de San Pedro donde se alarg\u00f3 un casco de una, que revent\u00f3 en el ayre, y dos al Palacio Real, de cuyos estragos solo quedaron tres personas heridas. Al mismo tiempo arroj\u00f3 a Monjuique des de sus bater\u00edas 350 bombas y una multitud de balas incendiarias de la bater\u00eda de Santa Madrona a la ruina por toda la ciudad, quedando solamente entre muertos y heridos cinco alemanes y tres soldados olandeses.<\/p>\n\n\n\n<div style=\"height:100px\" aria-hidden=\"true\" class=\"wp-block-spacer\"><\/div>\n\n\n\n<p><strong>3\u00ba<\/strong><\/p>\n\n\n\n<p><em>Adelantan los sitiadores su brecha. Aplicaci\u00f3n de sitiados en las obras de defensa. Surtida bien lograda de la plaza. Bombardeo a la ciudad con disparo de balas incendiarias.<\/em><\/p>\n\n\n\n<p>Prosigui\u00f3 el enemigo sus repetidos tiros al baluarte de San Felipe el 20, adelantando su brecha y cord\u00f3n para acercarse m\u00e1s a aquel, pero no pudo perfizionar la bater\u00eda, que intentava por el continuo fuego de las piedras y balas de nuestras bater\u00edas.<\/p>\n\n\n\n<p>Aplic\u00e1ronse los sitiados con todo calor en las cortaduras, perfizionar las minas y a todo lo dem\u00e1s, que conduz\u00eda a la defensa. Sali\u00f3 el capit\u00e1n de guardia de dragones del regimiento del conde de Sizendorf don Jayme Carrera con un destacamento de 50 cavallos, azia la parte de Gracia, y passando las tropas enemigas a mudar la guardia de sus ataques, les imbisti\u00f3 con tal valor que mataron siete franceses y aprisionaron tres.<\/p>\n\n\n\n<p>Las balandras prosiguiendo su exerzicio nocturno dispararon 145 bombas, cayendo una en el Palacio Real y muchas balas de artiller\u00eda a la ruina de la ciudad, que la hizieron grande en sus casas, executando lo mismo en Monjuich con nueve morteros arrojando hasta unas 350, que nos bolaron seis barriles de p\u00f3lvora, de cuyo estrago murieron seis ingleses y tres napolitanos. Dur\u00f3 este continuo fuego de mar y tierra des de las onze de la noche hasta las dos de la ma\u00f1ana. Al mismo tiempo los carpinteros y alba\u00f1iles de la ciudad trabaxavan en el fosso una estacada donde quedaron algunos muertos y muchos heridos.<\/p>\n\n\n\n<p>Tocose una arma falsa en la Puerta del \u00c1ngel en que acudieron puntualmente las compa\u00f1\u00edas de ret\u00e9n con muchos de los moradores de la ciudad.<\/p>\n\n\n\n<div style=\"height:100px\" aria-hidden=\"true\" class=\"wp-block-spacer\"><\/div>\n\n\n\n<p><strong>4\u00ba<\/strong><\/p>\n\n\n\n<p><em>Avanza el enemigo por tres partes, y logra mucha parte de las obras interiores de Monjuique.<\/em><\/p>\n\n\n\n<p>Las tropas enemigas governadas por el marqu\u00e9s de Aytona teniente general embistieron al 21 por tres partes, que fu\u00e9 por la lengua de buey, brecha y baluarte de San Felipe con 2.000 hombres por cada una (como lo atestiguaron antes los desertores que nos vinieron), y pele\u00e1ndose con grande br\u00edo, les rechazaron los nuestros con indecible ardimiento por dos vezes. Continuaron los enemigos sus avanzes, y aviendo cargado milord Dunegal con los ingl\u00e9s [sic] a los que ven\u00edan por la lengua de sierpe, guarneziendo la de buey el sargento mayor de la Real Guardia Catalana don Ignasio Picalqu\u00e9s con tres capitanes de aquella, don Antonio Puig, don Joseph Moragull y don Domingo Perera con 250 hombres, que fueron cortados por los enemigos, que ven\u00edan por la brecha, y confundidos nuestros soldados con sus contrarios en medio de la obscuridad de la noche, de manera que no se conoz\u00edan unos a otros, lograron con esta turbaci\u00f3n los sitiadores el ocupar mucha parte de la obra nueva con la herrer\u00eda y almaz\u00e9n, en cuya funcci\u00f3n perdimos a milord Dunegal, que qued\u00f3 muerto, el bar\u00f3n Glade sargento mayor del regimiento de alemanes, y el capit\u00e1n de granaderos del mismo regimiento de ingleses, el capit\u00e1n de guardia catalana don Domingo Parera, y quatro capitanes ingleses, quedando heridos don Ignasio Picalqu\u00e9s, don Antonio Puig, don Joseph Moragull, el capit\u00e1n don Fernando Comes, don Felipe hijo del general Santaman, siete ofiziales del regimiento de olandeses y muchos soldados, que se cree llegaron al n\u00famero de 300 los que quedaron prisioneros de unos y otros regimientos, no aviendo sido menos la p\u00e9rdida del enemigo en los muertos, que quedaron en el campo de qui\u00e9n hazimos quareinta soldados prisioneros y algunos oficiales. Assistieron valerosos en esta funcci\u00f3n el mariscal de campo general conde de Ulefeld y el general Santaman.<\/p>\n\n\n\n<p>El pr\u00edncipe Antonio de Liecktenstein di\u00f3 particular exemplo a los sitiados, vi\u00e9ndole recurrir tan a menudo la muralla, subir a Monjuich y dar las m\u00e1s prontas providencias tanto en lo pol\u00edtico como en lo militar en defensa y conservaci\u00f3n de la plaza.<\/p>\n\n\n\n<p>Adelantose el assedio, y pareziendo que no bastavan las rondas de los ecclesi\u00e1sticos, que comenzaron el d\u00eda 5 del corriente dispuso la ciudad con el real benepl\u00e1cito otras nuevas compuestas de dos ecclesi\u00e1sticos, dos cavalleros, dos ciudadanos y algunos de los gremios, que circu\u00edan y rondavan d\u00eda y noche hasta la retirada del enemigo.<\/p>\n\n\n\n<hr class=\"wp-block-separator\"\/>\n\n\n\n<p class=\"has-text-align-center\"><a href=\"http:\/\/gibaltar.cat\/index.php\/documents\/diari-de-francesc-de-casamitjana\/capitol-44\">&lt; Cap\u00edtol 44<\/a> \/ <a href=\"http:\/\/gibaltar.cat\/index.php\/documents\/diari-de-francesc-de-casamitjana\/capitol-46\">Cap\u00edtol 46 ><\/a><\/p>\n","protected":false},"excerpt":{"rendered":"<p>Cap\u00edtulo 45 Dispara el enemigo al baluarte con 40 ca\u00f1ones poniendo otros baxo el convento de Gracia peque\u00f1os. Avanza su l\u00ednea azia el baluarte. T\u00f3manle migueletes y paisanos mulos y cavallos. Arrojan bombas las balandras y la bater\u00eda de Santa Madrona balas incendiarias no cessando el fuego de las dem\u00e1s contra la brecha del baluarte. [&hellip;]<\/p>\n","protected":false},"author":1,"featured_media":0,"parent":400,"menu_order":47,"comment_status":"closed","ping_status":"closed","template":"","meta":[],"_links":{"self":[{"href":"https:\/\/gibaltar.cat\/index.php\/wp-json\/wp\/v2\/pages\/553"}],"collection":[{"href":"https:\/\/gibaltar.cat\/index.php\/wp-json\/wp\/v2\/pages"}],"about":[{"href":"https:\/\/gibaltar.cat\/index.php\/wp-json\/wp\/v2\/types\/page"}],"author":[{"embeddable":true,"href":"https:\/\/gibaltar.cat\/index.php\/wp-json\/wp\/v2\/users\/1"}],"replies":[{"embeddable":true,"href":"https:\/\/gibaltar.cat\/index.php\/wp-json\/wp\/v2\/comments?post=553"}],"version-history":[{"count":2,"href":"https:\/\/gibaltar.cat\/index.php\/wp-json\/wp\/v2\/pages\/553\/revisions"}],"predecessor-version":[{"id":569,"href":"https:\/\/gibaltar.cat\/index.php\/wp-json\/wp\/v2\/pages\/553\/revisions\/569"}],"up":[{"embeddable":true,"href":"https:\/\/gibaltar.cat\/index.php\/wp-json\/wp\/v2\/pages\/400"}],"wp:attachment":[{"href":"https:\/\/gibaltar.cat\/index.php\/wp-json\/wp\/v2\/media?parent=553"}],"curies":[{"name":"wp","href":"https:\/\/api.w.org\/{rel}","templated":true}]}}