{"id":559,"date":"2021-06-28T15:39:31","date_gmt":"2021-06-28T13:39:31","guid":{"rendered":"http:\/\/gibaltar.cat\/?page_id=559"},"modified":"2021-06-28T15:41:17","modified_gmt":"2021-06-28T13:41:17","slug":"capitol-48","status":"publish","type":"page","link":"https:\/\/gibaltar.cat\/index.php\/documents\/diari-de-francesc-de-casamitjana\/capitol-48\/","title":{"rendered":"Cap\u00edtol 48"},"content":{"rendered":"\n<p><strong>Cap\u00edtulo 48<\/strong><\/p>\n\n\n\n<p>Acude animosa la gente del pa\u00eds a la monta\u00f1a para el socorro de su rey. Prosigue el enemigo su vigoroso fuego. Repiten llamadas en la monta\u00f1a. Salida de la plaza.<\/p>\n\n\n\n<p>Passa su magestad a reconozer la brecha y cortadura. Executan ingleses otra salida. Retorna el ayudante general de su magestad con la noticia de que la flota se hallava ya muy cerca de Sitges. Rep\u00edtese otra salida de la plaza. Zarpan las balandras francesas azia levante. Empr\u00e9ndese el desalojar al enemigo de la Torre de Reg\u00e1s. Contin\u00faan las llamadas de los de la monta\u00f1a.<\/p>\n\n\n\n<p>Desapareze la esquadra enemiga a la madrugada. Logran nuestras fragatas una presa de alg\u00fan valor. Desc\u00fabrese nuestra flota al cabo del r\u00edo Llobregat. C\u00e1ntase el <em>Te Deum<\/em> y un solemne oficio en acimiento de gracias. Desembarca nuestra gente y generales. Recoge el enemigo sus tiendas, dexando algunos quarteles, con otros susessos.<\/p>\n\n\n\n<div style=\"height:100px\" aria-hidden=\"true\" class=\"wp-block-spacer\"><\/div>\n\n\n\n<p><strong>1\u00ba<\/strong><\/p>\n\n\n\n<p><em>Acude animosa la gente del pa\u00eds a la monta\u00f1a.<\/em><\/p>\n\n\n\n<p>Es inomprehensible el \u00e1nimo con que acudieron los naturales del Principado a la monta\u00f1a para socorrer a su amado rey, y los gastos tan excessivos (cuyas summas no es f\u00e1zil por ser tan grandes reduzirlas a guarismo), que hizo la provincia para mantener la gente en aquel puesto, y lo que esta contribuy\u00f3 en la assistencia de v\u00edveres y dem\u00e1s mantenimientos para introduzir en la plaza, que ya empezava a necessitar de ellos.<\/p>\n\n\n\n<p>Continu\u00f3 el enemigo al 6 su vigoroso fuego dirigi\u00e9ndolo a la brecha y ruina de la ciudad con balas incendiarias, haziendo a las 12 del medio d\u00eda algunas humadas o se\u00f1ales des de Monjuich, por lo que los nuestros no se descuydavan en perfizionar quanto era possible la gran cortadura, como tambi\u00e9n la de dentro del Baluarte de San Antonio.<\/p>\n\n\n\n<p>A las 9 de la ma\u00f1ana salieron dos esquadrones de cavaller\u00eda del Regimiento Real de Dragones del conde de Sizendorf, a quienes mand\u00f3 el general de batalla don Joseph Campredon se encaminasen azia San Mart\u00edn para divertir al enemigo, y reconoziendo que era de mucha importancia el ocupar una casa que ten\u00eda guarnezida, mand\u00f3 a don Jayme Carrera que la atacase, assistido de la gente que comandava el coronel Mas de Roda, don Antonio Desvalls con la suya, don Juan Bauptista Cortada y su hermano, el coronel Bach y el comandante Rau, con parte de sus fusileros, y lo executaron con tal valor, y denuedo, que lograron passar a cuchillo todos los enemigos que la guarnez\u00edan, poniendo en una ignominiosa fuga a un regimiento de infanter\u00eda y tres batallones de cavaller\u00eda, que intentaron socorrerles. Perdieron de aquel regimiento en su retirada muchos soldados, porque sigui\u00e9ndole intr\u00e9pidos y constantes los fusileros, dando sobre \u00e9l la descarga, no le dieron tiempo a su contrario para poderse reazer, ofendi\u00e9ndole mucho la abilidad del tirar tan acertado de nuestra gente pues no perdieron tiro alguno de los que apuntavan contra su enemigo. Venzido y dominado aquel puesto de la casa por los nuestros, dispusieron una fuerte guarnizi\u00f3n en ella de los mismos fusileros, y de una compa\u00f1\u00eda de voluntarios montados, que mandava don Antonio Carachol\u00ed, que assimismo se hall\u00f3 en la funcci\u00f3n, retir\u00e1ndose la dem\u00e1s gente en el camino de la travesera.<\/p>\n\n\n\n<p>Viendo el enemigo quan mal le av\u00eda salido este susesso, y que los nuestros se ivan reforzando con muchos voluntarios y paysanos, que salieron de la plaza, y que les molestavan ya sobrado, llegando hasta sus mesmas tiendas, puso en arma todo su campo y reforz\u00f3 aquel parage de Gracia con muchos batallones de cavaller\u00eda y esquadrones de infanter\u00eda. Y observ\u00e1ndose de la plaza que el contrario cargava sobre nuestra gente sali\u00f3 el pr\u00edncipe Henrrique Landgrave de Hassia con tres esquadrones de cavaller\u00eda de los regimientos del conde de Sizendorf, Clariana y ingleses a reforzarles, y aviendo llegado al camino de la travesera donde estava nuestra gente, se animaron tanto los paisanos, que a cuerpo descubierto fueron a buscar al enemigo a una casa, que distava solo un tiro de pistola de ellos, y aunque carg\u00f3 sobre esta gente un esquadr\u00f3n de cavaller\u00eda del franc\u00e9s, se defendi\u00f3 y mantuvo el puesto con grande valor. Ech\u00e1ronse seis esquadrones m\u00e1s de la cavaller\u00eda sobre los nuestros, que sostenidos por el pr\u00edncipe Henrrique con tres esquadrones de voluntarios y fusileros, que ocupavan todas las m\u00e1rgenes de aquel terreno, se movi\u00f3 tan grande escaramuza, que despu\u00e9s de averse disparado las carabinas y pistolas, se dieron de cuchilladas, que se vieron precisados a ceder al grande fuego y ardimiento de soldados y paysanos, retir\u00e1ndose con mucha p\u00e9rdida de muertos y heridos, que llegaron seg\u00fan lo que desertores afirmaron a m\u00e1s de 300 hombres los que le faltaron al enemigo en aquel renquentro, no siendo los de nuestra parte m\u00e1s que 13 soldados los muertos y algunos heridos. Fueron muy buenos los despojos de que se supieron bien aprovechar nuestros paysanos.<\/p>\n\n\n\n<p>Lleg\u00f3 con esta noticia el ayudante general de su magestad don Pedro de Almeyda, que por su real orden av\u00eda ido a saber como quedava el susesso, y como se supo era tan favorable, fue universal la alegr\u00eda de todos los que entendieron las circunstancias que concurrieron en aquella operaci\u00f3n.<\/p>\n\n\n\n<div style=\"height:100px\" aria-hidden=\"true\" class=\"wp-block-spacer\"><\/div>\n\n\n\n<p><strong>2\u00ba<\/strong><\/p>\n\n\n\n<p><em>Passa su magestad te reconozer la brecha y cortadura. Executan ingleses otra salida. Retorna el ayudante general del rey nuestro se\u00f1or con la noticia de que la flota se hallava muy cerca de Sitges. Rep\u00edtese otra salida de la plaza. Zarpan las balandras francesas azia levante. Empr\u00e9ndese el desalojar al enemigo de una casa. Continuan las llamadas de la monta\u00f1a.<\/em><\/p>\n\n\n\n<p>Sali\u00f3 su magestad a la brecha para reconozer la gran cortadura y dem\u00e1s trabajos de defensa con todo el acompa\u00f1amiento de ministros generales y nobleza catalana aunque con sentimiento de muchos, por ver expon\u00eda su importante vida al evidente peligro de las bombas y granadas reales y balas que el enemigo arrojava incessantemente en aquel parage, porque era tal la fineza de los barceloneses con su rey y se\u00f1or, que assegurada su real persona en la ciudad, ten\u00edan por cierta su vi[c]toria, como su desgracia en el peligro o ausencia de monarca tan finamente estimado.<\/p>\n\n\n\n<p>Continu\u00f3 el enemigo por la noche su disparo a la ruina de la ciudad, y aviendo assistido el pr\u00edncipe Henrrique Landgrave de Hassia toda aquella en la gran cortadura y brecha, mand\u00f3 quemar la barraca de madera que serv\u00eda para pesar la le\u00f1a fuera de la Puerta de San Antonio para que el enemigo no se pudiesse reparar en ella.<\/p>\n\n\n\n<p>Executaron ingleses al 7 una salida de la plaza a los ataques de los sitiadores, y invisti\u00e9ndole con denuedo y summo valor, obligaron a los que les defend\u00edan a una huida precipitada, de calidad que no solo desbarataron las faxinas y trabaxos, s\u00ed tambi\u00e9n hizieron prisionero al teniente de la artiller\u00eda, quedando algunos franceses muertos y otros heridos.<\/p>\n\n\n\n<p>Vino el ayudante general del rey nuestro se\u00f1or don Vicente Xammar, que le av\u00eda embiado su magestad al general\u00edssimo conde de Peterboroug, embarcado en una faluca, con el aviso que la armada de los aliados llegar\u00eda sin falta este mismo d\u00eda a Sitges, donde se hallava milord con grande vigilancia impaziente de que no huviesse llegado antes para embarcarse y introduzir el socorro tan dezeado a la plaza.<\/p>\n\n\n\n<p>Sobre el medio d\u00eda repitieron otra salida granaderos napolitanos a los mismos ataques, que ten\u00edan ya muy cerca de la estacada, y con las granadas que echaron pegaron fuego a las municiones de la gran bater\u00eda enemiga, vi\u00e9ndose bolar por el ayre vastimentos de artiller\u00eda, artilleros y muchos franceses, en cuya funcci\u00f3n quedaron de los nuestros dos muertos y algunos heridos, pero fu\u00e9 muy mayor la p\u00e9rdida de los sitiadores, que lleg\u00f3 a 300 entre muertos y heridos.<\/p>\n\n\n\n<p>A las quatro de la tarde se arrim\u00f3 un nav\u00edo enemigo a la capitana de su esquadra, y luego esta hizo se\u00f1al con su disparo de artiller\u00eda para ponerse a la vela repar\u00e1ndose al mismo tiempo que los dos nav\u00edos que cercavan el passo de la costa por la parte de Bes\u00f3s, se pusieron en marcha con las balandras azia levante, sigui\u00e9ndoles algunos quatro o cinco del cuerpo de la esquadra, y se discurri\u00f3 generalmente con las antecedentes noticias, que se tuvieron de que sus guardias adelantadas av\u00edan descubierto nuestra flota, y m\u00e1s poderosa de lo que ellos juzgavan.<\/p>\n\n\n\n<p>A las 6 fueron los fusileros de Jes\u00fas, Capuchinos y mucha gente del pa\u00eds voluntaria a desalojar al enemigo de la Torre de Reg\u00e1s sostenidos de alguna cavaller\u00eda, y pele\u00e1ndose mucho en esta ocasi\u00f3n, murieron muchos de los contrarios, quedando assimismo algunos heridos, pero perdimos al capit\u00e1n de guardia de dragones don Pedro Texel, que comandava su batall\u00f3n, que muri\u00f3 de una bala de artiller\u00eda, de las muchas que el enemigo dispar\u00f3 de sus quarteles.<\/p>\n\n\n\n<p>A las siete de la tarde hizieron los nuestros des de la cumbre de la monta\u00f1a seis llamadas (que era la se\u00f1al que se av\u00eda de hazer quando se descubrir\u00eda la armada), correspondiendo a las primeras llamadas tres salvas con tal orden y tanto n\u00famero de tiros, que horroris\u00f3 a los sitiadores, repitiendo otra igualmente a la noche.<\/p>\n\n\n\n<div style=\"height:100px\" aria-hidden=\"true\" class=\"wp-block-spacer\"><\/div>\n\n\n\n<p><strong>3\u00ba<\/strong><\/p>\n\n\n\n<p><em>Desapareze la esquadra enemiga a la madrugada. Logran una presa de alg\u00fan valor nuestras fragatas. Desc\u00fabrese nuestra flota al cabo del r\u00edo Llobregat. C\u00e1ntase el Te Deum y un solemne oficio, en acimiento de gracias. Desembarca nuestra gente y generales. Recoge el enemigo sus tiendas, dexando algunos quarteles.<\/em><\/p>\n\n\n\n<p>Al amanezer del d\u00eda 8 desapareci\u00f3 la esquadra enemiga y lograron nuestras fragatas de Matar\u00f3, Sitges y Vilanova tomar tres ganguiles franceses con un coronel y otros de la misma naci\u00f3n, que ven\u00edan de levante y el cargo que av\u00eda en ellas, consistiendo en nueve cavallos, mucho equipage, trigos y otros v\u00edveres.<\/p>\n\n\n\n<p>Descubriose nuestra flota al cabo del r\u00edo Llobregat, muy pomposa en n\u00famero de 53 nav\u00edos de l\u00ednea y muchos otros de transporte, cuya vista fu\u00e9 de summo regosijo por los sitiados, con ocasi\u00f3n de verse la plaza con el enemigo en punta de la contraescarpa del baluarte en San Antonio, y delante de la brecha, celebrando el socorro a tiempo tan oportuno. En reconozimiento del favor con que la Divina Providencia av\u00eda atendido a la justa causa de su magestad, mand\u00f3 exponer el sant\u00edssimo patente en la iglesia de San Pedro de las Puellas, donde con su real assistencia y de toda la Corte, y inumerable concurso de la ciudad, se cant\u00f3 el <em>Te Deum<\/em> y un solemne oficio en acimiento de gracias por tan especial beneficio.<\/p>\n\n\n\n<p>Desembarc\u00f3 el general\u00edssimo milord conde de Peterboroug, el bar\u00f3n de Wassenar, el general Wils ingleses, el cavallero Leack, general conde de Noyel, y el general Palm olandeses, con 3.000 infantes, a cuya funcci\u00f3n sali\u00f3 su magestad a cavallo al mismo desembarcadero (demonstrando lo mucho que apreciava el importante socorro de los aliados), y encamin\u00e1ndose todas las tropas a la Rambla para poderlas conduzir m\u00e1s presto des de all\u00ed a la brecha y cortadura, por si acaso el enemigo intentara alg\u00fan avanze, fu\u00e9 su magestad subseguidamente a verles esquadronados, donde huvo grandes aclamaciones del pueblo y presidio con muchas enorabuenas, que se repet\u00edan unos a otros por aquella dicha de haver llegado tan a tiempo y saz\u00f3n el socorro de la plaza.<\/p>\n\n\n\n<p>Advirtiose al mismo tiempo que el enemigo recog\u00eda sus tiendas de la parte de San Andr\u00e9s de Palomar hasta el convento de Gracia, dexando aquellos quarteles, que se incorporaron con todo el cuerpo de su ex\u00e9rcito, que se hallava apostado en Sarri\u00e1, Sans y a la monta\u00f1a de Monjuich. Dix\u00e9ronnos seis desertores, que vinieron a la plaza, que los enemigos se davan por perdidos falt\u00e1ndoles el amparo de su esquadra y viendo nuestra flota tan poderosa delante.<\/p>\n\n\n\n<p>Continuose por la noche el desembarco de la gente hasta el n\u00famero de 8.000 hombres, que se pusieron de ret\u00e9n en la misma Rambla para estar m\u00e1s cerca de la brecha, caso que el enemigo de desesperado intentasse alg\u00fan assalto, que nos dispar\u00f3 algunos ca\u00f1onazos de sus bater\u00edas, arrojando algunas bombas, a cuyos tiros respondieron los nuestros con toda gallard\u00eda, arroj\u00e1ndole muchas piedras de los morteros, sin cessar la mosqueter\u00eda en su fuego dirigi\u00e9ndole a sus ataques y l\u00edneas m\u00e1s inmediatas a la muralla.<\/p>\n\n\n\n<hr class=\"wp-block-separator\"\/>\n\n\n\n<p class=\"has-text-align-center\"><a href=\"http:\/\/gibaltar.cat\/index.php\/documents\/diari-de-francesc-de-casamitjana\/capitol-47\">&lt; Cap\u00edtol 47<\/a> \/ <a href=\"http:\/\/gibaltar.cat\/index.php\/documents\/diari-de-francesc-de-casamitjana\/capitol-49\">Cap\u00edtol 49 ><\/a><\/p>\n","protected":false},"excerpt":{"rendered":"<p>Cap\u00edtulo 48 Acude animosa la gente del pa\u00eds a la monta\u00f1a para el socorro de su rey. Prosigue el enemigo su vigoroso fuego. Repiten llamadas en la monta\u00f1a. Salida de la plaza. Passa su magestad a reconozer la brecha y cortadura. Executan ingleses otra salida. Retorna el ayudante general de su magestad con la noticia [&hellip;]<\/p>\n","protected":false},"author":1,"featured_media":0,"parent":400,"menu_order":50,"comment_status":"closed","ping_status":"closed","template":"","meta":[],"_links":{"self":[{"href":"https:\/\/gibaltar.cat\/index.php\/wp-json\/wp\/v2\/pages\/559"}],"collection":[{"href":"https:\/\/gibaltar.cat\/index.php\/wp-json\/wp\/v2\/pages"}],"about":[{"href":"https:\/\/gibaltar.cat\/index.php\/wp-json\/wp\/v2\/types\/page"}],"author":[{"embeddable":true,"href":"https:\/\/gibaltar.cat\/index.php\/wp-json\/wp\/v2\/users\/1"}],"replies":[{"embeddable":true,"href":"https:\/\/gibaltar.cat\/index.php\/wp-json\/wp\/v2\/comments?post=559"}],"version-history":[{"count":2,"href":"https:\/\/gibaltar.cat\/index.php\/wp-json\/wp\/v2\/pages\/559\/revisions"}],"predecessor-version":[{"id":562,"href":"https:\/\/gibaltar.cat\/index.php\/wp-json\/wp\/v2\/pages\/559\/revisions\/562"}],"up":[{"embeddable":true,"href":"https:\/\/gibaltar.cat\/index.php\/wp-json\/wp\/v2\/pages\/400"}],"wp:attachment":[{"href":"https:\/\/gibaltar.cat\/index.php\/wp-json\/wp\/v2\/media?parent=559"}],"curies":[{"name":"wp","href":"https:\/\/api.w.org\/{rel}","templated":true}]}}