{"id":561,"date":"2021-06-28T15:41:40","date_gmt":"2021-06-28T13:41:40","guid":{"rendered":"http:\/\/gibaltar.cat\/?page_id=561"},"modified":"2021-06-28T15:42:14","modified_gmt":"2021-06-28T13:42:14","slug":"capitol-49","status":"publish","type":"page","link":"https:\/\/gibaltar.cat\/index.php\/documents\/diari-de-francesc-de-casamitjana\/capitol-49\/","title":{"rendered":"Cap\u00edtol 49"},"content":{"rendered":"\n<p><strong>Cap\u00edtulo 49<\/strong><\/p>\n\n\n\n<p>Logran voluntarios desalojar al enemigo de un fort\u00edn. Hostilidades e incendios que este executa, ech\u00e1ndonos algunas bombas y balas a la ruina.<\/p>\n\n\n\n<p>Vehemente fuego el de sitiados. Arrojan muchas bombas los de afuera. Disparan nuestras bater\u00edas al ataque. Quema el enemigo los cestones y faxinas de sus l\u00edneas y ramales. Diligencia acertada del pr\u00edncipe Henrrique en Monjuich detiniendo no bolasen las minas de su fuerte.<\/p>\n\n\n\n<p>Adelanta el enemigo su marcha azia el Coll de Moncada, pic\u00e1ndole la retaguardia los paisanos y voluntarios, que le toman ca\u00f1ones y morteros con algunos equipages. Especificaci\u00f3n o distinta relaci\u00f3n de los pertrechos, municiones, v\u00edveres y equipages, que dex\u00f3 nuestro contrario en el campo que ocupava.<\/p>\n\n\n\n<p>Prosigue su marcha el enemigo al Ampord\u00e1n, quemando, robando y talando sin perdonar a los templos y vasos sagrados, lo que paga con p\u00e9rdida de muchos de los suyos.<\/p>\n\n\n\n<p>Manda su magestad se executen los actos devidos a la iglesia con una processi\u00f3n general y un <em>Te Deum<\/em> que se cant\u00f3 con su real assistencia.<\/p>\n\n\n\n<div style=\"height:100px\" aria-hidden=\"true\" class=\"wp-block-spacer\"><\/div>\n\n\n\n<p><strong>Primo<\/strong><\/p>\n\n\n\n<p><em>Logran voluntarios desalojar al enemigo.<\/em><\/p>\n\n\n\n<p>Salieron algunos voluntarios de la plaza al 9 para desalojar al enemigo de un fort\u00edn que av\u00eda construido junto a la monta\u00f1a de Nuestra Se\u00f1ora del Coll, y havi\u00e9ndole embestido con singular valor, lograron con felizidad el intento. Treinta y nueve desertores nos vinieron de su campo, y todos conformaron que el enemigo quer\u00eda dar un avanze a la plaza, des de donde se vi\u00f3 manifestamente que juntava sus quarteles en Sarri\u00e1 y sobre el convento de Gracia, tomando el terreno hasta la falda de Monjuich.<\/p>\n\n\n\n<p>Rabioso nuestro contrario de no poder salir con la demanda oper\u00f3 muchas hostilidades, pegando fuego a las mayores casas del llano de Barcelona, dexando el passo comunicable con la plaza des del Coll de Moncada hasta el convento de Gracia, en que entraron algunos paysanos con dos pedreros o artiller\u00edas peque\u00f1as, que la av\u00edan tomado en el Mas Guinard\u00f3.<\/p>\n\n\n\n<p>A la noche ech\u00f3 algunas bombas y balas a la ruina de nuestra gran cortadura, disparando los de la plaza vigorosamente a sus ataques y a las obras, que execut\u00f3 para fazilitar su avanze.<\/p>\n\n\n\n<div style=\"height:100px\" aria-hidden=\"true\" class=\"wp-block-spacer\"><\/div>\n\n\n\n<p><strong>2\u00ba<\/strong><\/p>\n\n\n\n<p><em>Vehemente fuego el de sitiados. Arrojan muchas bombas los de afuera. Disparan nuestras bater\u00edas al ataque. Quema el enemigo los sestones y faxinas de sus l\u00edneas y ramales. Diligencia acertada del pr\u00edncipe Henrrique en Monjuich deteniendo el no bolar las minas de su fuerte.<\/em><\/p>\n\n\n\n<p>Fu\u00e9 vehemente el disparo que hizieron los sitiados al 10 a los ataques de su contrario, y muy lento el que este execut\u00f3 contra la plaza. Pill\u00e1ronle los paisanos 150 bueyes, que ten\u00eda para el sustento de sus tropas.<\/p>\n\n\n\n<p>Disparonos a la noche des de la monta\u00f1a de Monjuich con 9 morteros cantidad de bombas, dirigidas todas al Baluarte de San Antonio y Rambla, correspondiendo los nuestros con igual fuego contra sus ataques.<\/p>\n\n\n\n<p>Al rayar del alba del 11 estando ya perfizionada y en todo punto nuestra gran cortadura con sus flancos y dos bater\u00edas, dispararon los nuestros animosamente a los ataques m\u00e1s inmediatos de la plaza, pero el fuego que nos hizo el enemigo fu\u00e9 muy poco.<\/p>\n\n\n\n<p>Por la tarde se observ\u00f3 que los sitiadores haz\u00edan muchas llamadas, subiendo sus tropas a la parte de Gracia, donde las imbistieron los de la monta\u00f1a con algunos voluntarios, que salieron de la plaza, d\u00e1ndoles fuego por una y otra parte con alg\u00fan da\u00f1o de los enemigos, y ninguno de los nuestros. Prosigui\u00f3 en las llamadas de las cinco de la tarde hasta las 10 de la noche, quemando a un tiempo las faxinas y cestones de sus ataques, cordones y casas de campo que ten\u00eda ocupadas, dando evidentes se\u00f1as de su retirada.<\/p>\n\n\n\n<p>El pr\u00edncipe Henrrique Landgrave de Hassia, que se lo estava mirando des de la brecha, mand\u00f3 salir algunos oficiales a reconozer los aproches de su contrario, y bolvi\u00e9ndole con el aviso de haverles hallado sin gente alguna, mand\u00f3 hazer la misma diligencia en Monjuich, con la prevenci\u00f3n de observar si se hallar\u00edan las minas que dixeron algunos desertores hav\u00edan echo para bolar aquel fuerte; logrose esta diligencia tan a tiempo, que encontrando muchas cuerdas encendidas en las que ten\u00eda laboradas en la parte de poniente, se evit\u00f3 que no bolasen aquellas, pero no se pudo conseguir de las que av\u00eda en la parte de la ciudad por estar tan adelantado el fuego, de calidad que su estruendo y ruina fue muy notable en toda la ciudad.<\/p>\n\n\n\n<div style=\"height:100px\" aria-hidden=\"true\" class=\"wp-block-spacer\"><\/div>\n\n\n\n<p><strong>3\u00ba<\/strong><\/p>\n\n\n\n<p><em>Sube el pr\u00edncipe Henrrique a Monjuich. Adelanta el enemigo su marcha azia el Coll de Moncada pic\u00e1ndole la retaguardia. Los paisanos y voluntarios, que le toman algunos ca\u00f1ones y morteros con algunos equipages. Distinta relaci\u00f3n de los pertrechos, condiciones, v\u00edveres y equipages que dex\u00f3 nuestro contrario en el campo que ocupava.<\/em><\/p>\n\n\n\n<p>Subi\u00f3 el pr\u00edncipe Henrrique a Monjuich despu\u00e9s de haver echo anticipar a aquella monta\u00f1a don Manuel Desvalls y a don Carlos Ribera (que le assistieron siempre) a observar como quedava aquella fortificaci\u00f3n.<\/p>\n\n\n\n<p>Advirtiose de la plaza al amanezer del d\u00eda 12, que el enemigo ten\u00eda adelantada su marcha azia el Coll de Moncada, y que su retaguardia se hallava cerca del Mas Guinard\u00f3, donde le embistieron los fusileros, paysanos y voluntarios de la ciudad y de la monta\u00f1a con tal corage, que les precisaron a dexar algunos ca\u00f1ones de campa\u00f1a y algunos carros, y a poner en orden toda su retaguardia para defenderse, y sobreviniendo en esta ocasi\u00f3n, que era cerca las nueve de la ma\u00f1ana, el horroroso eclipse del Sol pasmados unos y otros de la obscuridad sin discurrir la causa suspendieron el combate, con lo qual prosigui\u00f3 el enemigo su marcha, dexando grande n\u00famero de muertos en el campo. Y es bien cierto que si nuestra gente hubiesse logrado a tiempo el abrigo de la cavaller\u00eda, que despu\u00e9s se mand\u00f3 salir de la plaza, consegu\u00eda el venzimiento y derrota de la mayor parte de la retaguardia, pero se aprovech\u00f3 de muy buenos despojo sin dexar de proseguir en la ofensa de su contrario, sigui\u00e9ndole continuamente a su marcha, que precipitadamente executava.<\/p>\n\n\n\n<p>Desaparecieron los enemigos de la vista de la ciudad, lo que celebraron con summo regosijo sus vezinos, que sin retardar en numeroso concurso salieron a ver como quedava el campo que aquellos ocuparon, quedando admirados a la cantidad de pertrechos, municiones y v\u00edveres que en \u00e9l av\u00edan dexado, y reconozi\u00e9ndolo con particular atenci\u00f3n para dar distinta e individual noticia a su magestad, refirieron (como despu\u00e9s se averigu\u00f3 por los mismos generales), que consist\u00eda por mayor en 106 ca\u00f1ones de bronze bien montados, 27 morteros del mismo metal, algunos con sus caxas de hierro; m\u00e1s de 5.000 barriles de p\u00f3lvora, 500 barriles de balas de fusil y mosquete con una muy crecida cantidad de plomo, poco m\u00e1s de 2.000 bombas, 10.000 granadas reales, inumerables granadas de mano, 8.000 picos, palas y zapos [sic], m\u00e1s de 40.000 balas de artiller\u00eda, 16.000 sacos de arina con grande cantidad de trigo y avena, m\u00e1s de 10.000 pares de zapatos, muchos hornos de hierro, la botica bien abastezida de todo g\u00e9nero de medicinas para los enfermos y heridos, de los quales dex\u00f3 abandonados m\u00e1s de 500 en el convento de Gracia, con otros muchos pertrechos y equipages que todos los d\u00edas se ivan descubriendo en diferentes partes del recinto de su campo, que a no haverlo visto parez\u00eda impossible, devi\u00e9ndose bien inferir el temor y perturbaci\u00f3n que el duque de Anjou con los dos ex\u00e9rcitos execut\u00f3 tan ignominosa fuga o retirada.<\/p>\n\n\n\n<div style=\"height:100px\" aria-hidden=\"true\" class=\"wp-block-spacer\"><\/div>\n\n\n\n<p><strong>4<\/strong><\/p>\n\n\n\n<p><em>Prosigue su marcha el enemigo al Ampord\u00e1n, quemando, rogando y talando, sin perdonar a los templos y vasos sagrados, lo que paga con mucha p\u00e9rdida de los suyos.<\/em><\/p>\n\n\n\n<p>Fu\u00e9 prosiguiendo su marcha el enemigo dirigi\u00e9ndola al Ampurd\u00e1n quemando y executando las mayores hostilidades que pudo sin perdonar lo sagrado de los templos, talando la campa\u00f1a, derramando el vino, azeyte y destruyendo todo lo que av\u00edan dexado los paisanos en sus casas, que abandonaron con sus familias para assistir y aumentar el n\u00famero de los que picavan la retaguardia, como lo executaron con tal vigor y ardimiento, que le ocasionaron a su contrario grandes da\u00f1os y mucha p\u00e9rdida de bastimentos, carros, ca\u00f1ones y un mortero, que les precisaron a dexar en la Villa de San Celoni.<\/p>\n\n\n\n<p>Le fu\u00e9 al enemigo muy sensible y fatal esta retirada, no solo por los heridos y muertos, s\u00ed tambi\u00e9n por la falta de v\u00edveres que tuvo hasta llegar a los extremos del Ampurd\u00e1n y pizar los dominios de la Francia, que por su llanura y copia de cavaller\u00eda dexaron de perseguirle los paysanos, aunque no olvidaron en aquel parage de tocarle muchas armas, logrando muy buenas funcciones y despojos, de calidad que des de su retirada del llano de Barcelona hasta llegar a la frontera de la Francia perdi\u00f3 4.000 hombres entre muertos y heridos, que con los que le faltaron en el assedio de Barcelona, que fueron 8.000 lo menos seg\u00fan la opini\u00f3n de todos, llegaron unos y otros al n\u00famero de 12.000 hombres consiguiendo el rey nuestro se\u00f1or triunfar de su competidor a costa solamente de algunos 2.000 entre soldados y paisanos, parte muertos y parte heridos y prisioneros.<\/p>\n\n\n\n<div style=\"height:100px\" aria-hidden=\"true\" class=\"wp-block-spacer\"><\/div>\n\n\n\n<p><strong>5\u00ba<\/strong><\/p>\n\n\n\n<p>Manda su magestad se exerziten en la iglesia los correspondientes actos a esta gloria por medio de una processi\u00f3n general que se hizo cant\u00e1ndose el Deum en acci\u00f3n de gracias y un solemne oficio en la cathedral.<\/p>\n\n\n\n<p>Quiso su magestad, como tan cath\u00f3lico y piadoso monarca, el que se hiziessen p\u00fablicas demonstraciones por lo que el alt\u00edssimo y soberano Dios av\u00eda obrado en la justicia de su causa, y de sus fidel\u00edssimos vassallos, y para manifestar esta deliberaci\u00f3n de su real \u00e1nimo, mand\u00f3 al vicario general del obispo, que lo dispusiese en un edicto por toda la ciudad en la forma siguiente.<\/p>\n\n\n\n<p>Que el viernes a 14 del corriente se expusiesse el sant\u00edssimo patente en la iglesia cathedral, y en las dem\u00e1s de la ciudad, y que a modo de rogativas se rezasen las letan\u00edas mayores, y en la hora m\u00e1s oportuna con una pl\u00e1tica espiritual se exortase al pueblo a dar las devidas gracias y reconozidos obsequios a la magestad divina por los grandes favores y particulares beneficios que liberal av\u00eda repartido en la libertad de aquel Principado y gloriosa defensa de su capital Barcelona, y para que se dignase proseguir sus divinas maravillas, se preparasen todos por medio del sacramento de la penitencia confirme enmienda de la vida, y que el s\u00e1bado a 15 se hiziesse una processi\u00f3n general de rogativas (como se execut\u00f3) saliendo de la iglesia cathedral, en que se llevava adelante el Santo Christo de la Cofadr\u00eda [sic] de la Sangre de Jes\u00fas y el tabern\u00e1culo de la Virgen de la Concepci\u00f3n en el lugar acostumbrado, assistiendo su magestad, el obispo de Solsona don Guillermo Go\u00f1orons, que llevava el gremial con seys abades vestidos de pontifical, el cavildo, clero, religiones, los conselleres, que llevavan el palio, deputados, protector del brazo militar y toda la nobleza estrangera y del pa\u00eds. Llevavan los gremios velas encendidas en la mano. Con este orden y reglamento transit\u00f3 esta processi\u00f3n a la capilla de la gloriosa Virgen de Monserrate donde se cantaron las letan\u00edas mayores, y des de aquella hasta la de Nuestra Se\u00f1ora de la Concepci\u00f3n que se halla construida en los claustros de la misma cathedral, fue su t\u00e9rmino y fin, en donde se cant\u00f3 la propria letan\u00eda de la virgen y se\u00f1ora nuestra, y en ella subsiguientemente con la assistencia de su magestad el <em>Te Deum<\/em>, tocando todas las campanas de las iglesias de la ciudad, que durante el sitio no lo executaron, y al mismo tiempo dispar\u00f3 tres vezes la artiller\u00eda de la plaza y toda la que dexaron los enemigos en sus cordones. Celebrose la missa de pontifical con mucha solemnidad, y igual concurso, quedando todos contentos, alborozados y edificados de la devoci\u00f3n con que se execut\u00f3 aquel piadoso acto.<\/p>\n\n\n\n<p>Este es en summa un mal ideado periodo del immenso valor, imponderable fineza, acreditada constancia y cari\u00f1osa diligencia con que la magestad del rey nuestro se\u00f1or CARLOS Tercero assisti\u00f3, favorezi\u00f3 y assegur\u00f3 a sus fieles y primeros vassallos. Un corto obsequio de la fidelidad catalana en defensa de su rey y patria, una ce\u00f1ida demonstraci\u00f3n de la militar gloria de las tropas de su magestad, de sus aliados y naturales del Principado de Catalu\u00f1a, con que dev\u00eda coronarse la obra que comprehende este libro de los susessos que precedieron, y mi insuficiencia y cortedad emprendi\u00f3 a impulsos del amor y constante zelo que conservo al emperador y rey nuestro se\u00f1or, que es lo que \u00fanicamente puede disculpar mi osad\u00eda y persuade a mi poquedad, lo entender\u00e1 ass\u00ed el savio le[c]tor dissimulando las imperfecciones de esta narraci\u00f3n y falta en el estilo devido que aquella no pudo alcanzar.<\/p>\n\n\n\n<p>Fin<\/p>\n\n\n\n<hr class=\"wp-block-separator\"\/>\n\n\n\n<p class=\"has-text-align-center\"><a href=\"http:\/\/gibaltar.cat\/index.php\/documents\/diari-de-francesc-de-casamitjana\/capitol-48\">&lt; Cap\u00edtol 48<\/a><\/p>\n","protected":false},"excerpt":{"rendered":"<p>Cap\u00edtulo 49 Logran voluntarios desalojar al enemigo de un fort\u00edn. Hostilidades e incendios que este executa, ech\u00e1ndonos algunas bombas y balas a la ruina. Vehemente fuego el de sitiados. Arrojan muchas bombas los de afuera. Disparan nuestras bater\u00edas al ataque. Quema el enemigo los cestones y faxinas de sus l\u00edneas y ramales. Diligencia acertada del [&hellip;]<\/p>\n","protected":false},"author":1,"featured_media":0,"parent":400,"menu_order":51,"comment_status":"closed","ping_status":"closed","template":"","meta":[],"_links":{"self":[{"href":"https:\/\/gibaltar.cat\/index.php\/wp-json\/wp\/v2\/pages\/561"}],"collection":[{"href":"https:\/\/gibaltar.cat\/index.php\/wp-json\/wp\/v2\/pages"}],"about":[{"href":"https:\/\/gibaltar.cat\/index.php\/wp-json\/wp\/v2\/types\/page"}],"author":[{"embeddable":true,"href":"https:\/\/gibaltar.cat\/index.php\/wp-json\/wp\/v2\/users\/1"}],"replies":[{"embeddable":true,"href":"https:\/\/gibaltar.cat\/index.php\/wp-json\/wp\/v2\/comments?post=561"}],"version-history":[{"count":2,"href":"https:\/\/gibaltar.cat\/index.php\/wp-json\/wp\/v2\/pages\/561\/revisions"}],"predecessor-version":[{"id":564,"href":"https:\/\/gibaltar.cat\/index.php\/wp-json\/wp\/v2\/pages\/561\/revisions\/564"}],"up":[{"embeddable":true,"href":"https:\/\/gibaltar.cat\/index.php\/wp-json\/wp\/v2\/pages\/400"}],"wp:attachment":[{"href":"https:\/\/gibaltar.cat\/index.php\/wp-json\/wp\/v2\/media?parent=561"}],"curies":[{"name":"wp","href":"https:\/\/api.w.org\/{rel}","templated":true}]}}